{"id":2090,"date":"2024-08-02T14:26:35","date_gmt":"2024-08-02T12:26:35","guid":{"rendered":"https:\/\/www.camping-beaurivage.fr\/campingplatz-im-herzen-des-herault-in-meze-am-ufer-des-etang-de-thau\/"},"modified":"2026-03-20T12:42:31","modified_gmt":"2026-03-20T11:42:31","slug":"campingplatz-im-herzen-des-herault-in-meze-am-ufer-des-etang-de-thau","status":"publish","type":"page","link":"https:\/\/www.camping-beaurivage.fr\/de\/","title":{"rendered":"Campingplatz im Herzen des H\u00e9rault, in M\u00e8ze am Ufer des Etang de Thau"},"content":{"rendered":"\n<p>Verbringen Sie Ihren Urlaub in S\u00fcdfrankreich, in der Stadt M\u00e8ze auf dem Campingplatz Beau Rivage, in einer idyllischen Umgebung mit Blick auf den Etang de Thau, nur wenige Schritte vom Mittelmeer mit seinen sch\u00f6nen Str\u00e4nden und der h\u00fcbschen Hafenstadt S\u00e8te entfernt.\nUnser 4-Sterne-Campingplatz mit Wasserpark und vielen Unterhaltungsm\u00f6glichkeiten liegt in einem Badeort, der ideal f\u00fcr einen sonnigen Urlaub im Zeichen des Abschaltens im Departement H\u00e9rault in der Region Okzitanien ist! <\/p>\n\n\n\n<p><strong>Neuheiten 2026!<\/strong><br>Entdecken Sie die Neuheiten auf dem Campingplatz, die Ihren Aufenthalt noch angenehmer machen sollen! Ein vollst\u00e4ndig renovierter Wasserbereich erm\u00f6glicht es Ihnen, w\u00e4hrend Ihres gesamten Aufenthalts das Wasservergn\u00fcgen in vollen Z\u00fcgen zu genie\u00dfen. Der Dorfplatz wurde neu gestaltet, um eine neue Au\u00dfenbar sowie ein brandneues Restaurant zu beherbergen.<br>Genie\u00dfen Sie unsere neuen Einrichtungen bereits in diesem Sommer!<\/p>\n","protected":false},"excerpt":{"rendered":"<p>Verbringen Sie Ihren Urlaub in S\u00fcdfrankreich, in der Stadt M\u00e8ze auf dem Campingplatz Beau Rivage, in einer idyllischen Umgebung mit Blick auf den Etang de Thau, nur wenige Schritte vom Mittelmeer mit seinen sch\u00f6nen Str\u00e4nden und der h\u00fcbschen Hafenstadt S\u00e8te entfernt. Unser 4-Sterne-Campingplatz mit Wasserpark und vielen Unterhaltungsm\u00f6glichkeiten liegt in einem Badeort, der ideal f\u00fcr [&hellip;]<\/p>\n","protected":false},"author":1,"featured_media":0,"parent":0,"menu_order":0,"comment_status":"closed","ping_status":"closed","template":"templates\/template-homepage.php","meta":{"_acf_changed":false,"footnotes":""},"class_list":["post-2090","page","type-page","status-publish","hentry"],"acf":[],"yoast_head":"<!-- This site is optimized with the Yoast SEO plugin v27.3 - https:\/\/yoast.com\/product\/yoast-seo-wordpress\/ -->\n<title>Campingplatz M\u00e8ze: Campingplatz Beau Rivage in M\u00e9ze im H\u00e9rault<\/title>\n<meta name=\"description\" content=\"Entdecken Sie den idealen Urlaubsort: Der Campingplatz Beau Rivage in M\u00e8ze im Departement H\u00e9rault empf\u00e4ngt Sie f\u00fcr einen unvergesslichen Aufenthalt mit Wasserpark, Kinderclub...\" \/>\n<meta name=\"robots\" content=\"index, follow, max-snippet:-1, max-image-preview:large, max-video-preview:-1\" \/>\n<link rel=\"canonical\" href=\"https:\/\/www.camping-beaurivage.fr\/de\/\" \/>\n<meta property=\"og:locale\" content=\"de_DE\" \/>\n<meta property=\"og:type\" content=\"article\" \/>\n<meta property=\"og:title\" content=\"Campingplatz M\u00e8ze: Campingplatz Beau Rivage in M\u00e9ze im H\u00e9rault\" \/>\n<meta property=\"og:description\" content=\"Entdecken Sie den idealen Urlaubsort: Der Campingplatz Beau Rivage in M\u00e8ze im Departement H\u00e9rault empf\u00e4ngt Sie f\u00fcr einen unvergesslichen Aufenthalt mit Wasserpark, Kinderclub...\" \/>\n<meta property=\"og:url\" content=\"https:\/\/www.camping-beaurivage.fr\/de\/\" \/>\n<meta property=\"og:site_name\" content=\"Camping Beau Rivage\" \/>\n<meta property=\"article:modified_time\" content=\"2026-03-20T11:42:31+00:00\" \/>\n<meta name=\"twitter:card\" content=\"summary_large_image\" \/>\n<meta name=\"twitter:label1\" content=\"Gesch\u00e4tzte Lesezeit\" \/>\n\t<meta name=\"twitter:data1\" content=\"1\u00a0Minute\" \/>\n<script type=\"application\/ld+json\" class=\"yoast-schema-graph\">{\"@context\":\"https:\\\/\\\/schema.org\",\"@graph\":[{\"@type\":\"WebPage\",\"@id\":\"https:\\\/\\\/www.camping-beaurivage.fr\\\/de\\\/\",\"url\":\"https:\\\/\\\/www.camping-beaurivage.fr\\\/de\\\/\",\"name\":\"Campingplatz M\u00e8ze: Campingplatz Beau Rivage in M\u00e9ze im H\u00e9rault\",\"isPartOf\":{\"@id\":\"https:\\\/\\\/www.camping-beaurivage.fr\\\/de\\\/#website\"},\"datePublished\":\"2024-08-02T12:26:35+00:00\",\"dateModified\":\"2026-03-20T11:42:31+00:00\",\"description\":\"Entdecken Sie den idealen Urlaubsort: Der Campingplatz Beau Rivage in M\u00e8ze im Departement H\u00e9rault empf\u00e4ngt Sie f\u00fcr einen unvergesslichen Aufenthalt mit Wasserpark, Kinderclub...\",\"breadcrumb\":{\"@id\":\"https:\\\/\\\/www.camping-beaurivage.fr\\\/de\\\/#breadcrumb\"},\"inLanguage\":\"de\",\"potentialAction\":[{\"@type\":\"ReadAction\",\"target\":[\"https:\\\/\\\/www.camping-beaurivage.fr\\\/de\\\/\"]}]},{\"@type\":\"BreadcrumbList\",\"@id\":\"https:\\\/\\\/www.camping-beaurivage.fr\\\/de\\\/#breadcrumb\",\"itemListElement\":[{\"@type\":\"ListItem\",\"position\":1,\"name\":\"Accueil\",\"item\":\"https:\\\/\\\/www.camping-beaurivage.fr\\\/de\\\/\"},{\"@type\":\"ListItem\",\"position\":2,\"name\":\"Campingplatz im Herzen des H\u00e9rault, in M\u00e8ze am Ufer des Etang de Thau\"}]},{\"@type\":\"WebSite\",\"@id\":\"https:\\\/\\\/www.camping-beaurivage.fr\\\/de\\\/#website\",\"url\":\"https:\\\/\\\/www.camping-beaurivage.fr\\\/de\\\/\",\"name\":\"Camping 1\",\"description\":\"\",\"potentialAction\":[{\"@type\":\"SearchAction\",\"target\":{\"@type\":\"EntryPoint\",\"urlTemplate\":\"https:\\\/\\\/www.camping-beaurivage.fr\\\/de\\\/?s={search_term_string}\"},\"query-input\":{\"@type\":\"PropertyValueSpecification\",\"valueRequired\":true,\"valueName\":\"search_term_string\"}}],\"inLanguage\":\"de\"}]}<\/script>\n<!-- \/ Yoast SEO plugin. -->","yoast_head_json":{"title":"Campingplatz M\u00e8ze: Campingplatz Beau Rivage in M\u00e9ze im H\u00e9rault","description":"Entdecken Sie den idealen Urlaubsort: Der Campingplatz Beau Rivage in M\u00e8ze im Departement H\u00e9rault empf\u00e4ngt Sie f\u00fcr einen unvergesslichen Aufenthalt mit Wasserpark, Kinderclub...","robots":{"index":"index","follow":"follow","max-snippet":"max-snippet:-1","max-image-preview":"max-image-preview:large","max-video-preview":"max-video-preview:-1"},"canonical":"https:\/\/www.camping-beaurivage.fr\/de\/","og_locale":"de_DE","og_type":"article","og_title":"Campingplatz M\u00e8ze: Campingplatz Beau Rivage in M\u00e9ze im H\u00e9rault","og_description":"Entdecken Sie den idealen Urlaubsort: Der Campingplatz Beau Rivage in M\u00e8ze im Departement H\u00e9rault empf\u00e4ngt Sie f\u00fcr einen unvergesslichen Aufenthalt mit Wasserpark, Kinderclub...","og_url":"https:\/\/www.camping-beaurivage.fr\/de\/","og_site_name":"Camping Beau Rivage","article_modified_time":"2026-03-20T11:42:31+00:00","twitter_card":"summary_large_image","twitter_misc":{"Gesch\u00e4tzte Lesezeit":"1\u00a0Minute"},"schema":{"@context":"https:\/\/schema.org","@graph":[{"@type":"WebPage","@id":"https:\/\/www.camping-beaurivage.fr\/de\/","url":"https:\/\/www.camping-beaurivage.fr\/de\/","name":"Campingplatz M\u00e8ze: Campingplatz Beau Rivage in M\u00e9ze im H\u00e9rault","isPartOf":{"@id":"https:\/\/www.camping-beaurivage.fr\/de\/#website"},"datePublished":"2024-08-02T12:26:35+00:00","dateModified":"2026-03-20T11:42:31+00:00","description":"Entdecken Sie den idealen Urlaubsort: Der Campingplatz Beau Rivage in M\u00e8ze im Departement H\u00e9rault empf\u00e4ngt Sie f\u00fcr einen unvergesslichen Aufenthalt mit Wasserpark, Kinderclub...","breadcrumb":{"@id":"https:\/\/www.camping-beaurivage.fr\/de\/#breadcrumb"},"inLanguage":"de","potentialAction":[{"@type":"ReadAction","target":["https:\/\/www.camping-beaurivage.fr\/de\/"]}]},{"@type":"BreadcrumbList","@id":"https:\/\/www.camping-beaurivage.fr\/de\/#breadcrumb","itemListElement":[{"@type":"ListItem","position":1,"name":"Accueil","item":"https:\/\/www.camping-beaurivage.fr\/de\/"},{"@type":"ListItem","position":2,"name":"Campingplatz im Herzen des H\u00e9rault, in M\u00e8ze am Ufer des Etang de Thau"}]},{"@type":"WebSite","@id":"https:\/\/www.camping-beaurivage.fr\/de\/#website","url":"https:\/\/www.camping-beaurivage.fr\/de\/","name":"Camping 1","description":"","potentialAction":[{"@type":"SearchAction","target":{"@type":"EntryPoint","urlTemplate":"https:\/\/www.camping-beaurivage.fr\/de\/?s={search_term_string}"},"query-input":{"@type":"PropertyValueSpecification","valueRequired":true,"valueName":"search_term_string"}}],"inLanguage":"de"}]}},"_links":{"self":[{"href":"https:\/\/www.camping-beaurivage.fr\/de\/wp-json\/wp\/v2\/pages\/2090","targetHints":{"allow":["GET"]}}],"collection":[{"href":"https:\/\/www.camping-beaurivage.fr\/de\/wp-json\/wp\/v2\/pages"}],"about":[{"href":"https:\/\/www.camping-beaurivage.fr\/de\/wp-json\/wp\/v2\/types\/page"}],"author":[{"embeddable":true,"href":"https:\/\/www.camping-beaurivage.fr\/de\/wp-json\/wp\/v2\/users\/1"}],"replies":[{"embeddable":true,"href":"https:\/\/www.camping-beaurivage.fr\/de\/wp-json\/wp\/v2\/comments?post=2090"}],"version-history":[{"count":13,"href":"https:\/\/www.camping-beaurivage.fr\/de\/wp-json\/wp\/v2\/pages\/2090\/revisions"}],"predecessor-version":[{"id":534543,"href":"https:\/\/www.camping-beaurivage.fr\/de\/wp-json\/wp\/v2\/pages\/2090\/revisions\/534543"}],"wp:attachment":[{"href":"https:\/\/www.camping-beaurivage.fr\/de\/wp-json\/wp\/v2\/media?parent=2090"}],"curies":[{"name":"wp","href":"https:\/\/api.w.org\/{rel}","templated":true}]}}