{"id":2115,"date":"2024-08-05T11:09:12","date_gmt":"2024-08-05T09:09:12","guid":{"rendered":"https:\/\/www.camping-beaurivage.fr\/vermietung-von-mobilheimen-auf-unserem-campingplatz-in-meze-im-herault\/"},"modified":"2026-03-16T10:55:56","modified_gmt":"2026-03-16T09:55:56","slug":"vermietung-von-mobilheimen-auf-unserem-campingplatz-in-meze-im-herault","status":"publish","type":"page","link":"https:\/\/www.camping-beaurivage.fr\/de\/vermietung-von-mobilheimen-auf-unserem-campingplatz-in-meze-im-herault\/","title":{"rendered":"Vermietung von Mobilheimen auf unserem Campingplatz in M\u00e8ze im H\u00e9rault"},"content":{"rendered":"\n<p>Im Herzen des Departements H\u00e9rault, genauer gesagt am Ufer des Etang de Thau, l\u00e4dt Sie unser 4-Sterne-Campingplatz Beau Rivage zu einem einzigartigen Campingurlaub mit den F\u00fc\u00dfen im Wasser ein, bequem in einem seiner Mobilheime. Wir bieten unseren G\u00e4sten verschiedene komfortable Ferienh\u00e4user an, die allen W\u00fcnschen und Bed\u00fcrfnissen gerecht werden. Unsere Mobilheime sind mit 2 bis 3 Schlafzimmern ausgestattet und k\u00f6nnen zwischen 4 und 8 Personen beherbergen.<\/p>\n\n\n\n<p>Wir sorgen daf\u00fcr, dass unsere G\u00e4ste einen angenehmen Aufenthalt auf unserem 4-Sterne-Campingplatz an der Mittelmeerk\u00fcste im Departement H\u00e9rault verbringen, und dazu geh\u00f6rt nat\u00fcrlich auch die Wahl der Unterkunft. Unsere gro\u00dfe Auswahl an Mobilheimen bietet den Urlaubern die M\u00f6glichkeit, das Modell zu finden, das perfekt zu ihnen passt und in dem sie sich w\u00e4hrend ihres gesamten <a href=\"https:\/\/www.camping-beaurivage.fr\/de\/\">Campingurlaubs in M\u00e8ze<\/a> wohlf\u00fchlen werden. Lassen Sie sich von der mediterranen Umgebung und der warmen und famili\u00e4ren Atmosph\u00e4re unseres sch\u00f6nen 4-Sterne-Campingplatzes verzaubern, auf dem es einfach ist, sich zu entspannen und Spa\u00df zu haben. Buchen Sie also gleich Ihr <strong>Traum-Mobilheim im H\u00e9rault <\/strong>zu einem g\u00fcnstigen Preis f\u00fcr Ihren zuk\u00fcnftigen Campingurlaub in Okzitanien!<\/p>\n","protected":false},"excerpt":{"rendered":"<p>Im Herzen des Departements H\u00e9rault, genauer gesagt am Ufer des Etang de Thau, l\u00e4dt Sie unser 4-Sterne-Campingplatz Beau Rivage zu einem einzigartigen Campingurlaub mit den F\u00fc\u00dfen im Wasser ein, bequem in einem seiner Mobilheime. Wir bieten unseren G\u00e4sten verschiedene komfortable Ferienh\u00e4user an, die allen W\u00fcnschen und Bed\u00fcrfnissen gerecht werden. Unsere Mobilheime sind mit 2 bis [&hellip;]<\/p>\n","protected":false},"author":1,"featured_media":0,"parent":0,"menu_order":0,"comment_status":"closed","ping_status":"closed","template":"","meta":{"_acf_changed":false,"footnotes":""},"class_list":["post-2115","page","type-page","status-publish","hentry"],"acf":[],"yoast_head":"<!-- This site is optimized with the Yoast SEO plugin v27.3 - https:\/\/yoast.com\/product\/yoast-seo-wordpress\/ -->\n<title>Mobilheimvermietung H\u00e9rault: Vermietung von Mobilheimen auf einem Campingplatz im H\u00e9rault<\/title>\n<meta name=\"description\" content=\"Entscheiden Sie sich f\u00fcr die Anmietung eines Mobilheims auf dem Campingplatz Beau Rivage im Departement H\u00e9rault und profitieren Sie von den zahlreichen Vorteilen: Wasserpark, Mobilheim Privilegien...\" \/>\n<meta name=\"robots\" content=\"index, follow, max-snippet:-1, max-image-preview:large, max-video-preview:-1\" \/>\n<link rel=\"canonical\" href=\"https:\/\/www.camping-beaurivage.fr\/de\/vermietung-von-mobilheimen-auf-unserem-campingplatz-in-meze-im-herault\/\" \/>\n<meta property=\"og:locale\" content=\"de_DE\" \/>\n<meta property=\"og:type\" content=\"article\" \/>\n<meta property=\"og:title\" content=\"Mobilheimvermietung H\u00e9rault: Vermietung von Mobilheimen auf einem Campingplatz im H\u00e9rault\" \/>\n<meta property=\"og:description\" content=\"Entscheiden Sie sich f\u00fcr die Anmietung eines Mobilheims auf dem Campingplatz Beau Rivage im Departement H\u00e9rault und profitieren Sie von den zahlreichen Vorteilen: Wasserpark, Mobilheim Privilegien...\" \/>\n<meta property=\"og:url\" content=\"https:\/\/www.camping-beaurivage.fr\/de\/vermietung-von-mobilheimen-auf-unserem-campingplatz-in-meze-im-herault\/\" \/>\n<meta property=\"og:site_name\" content=\"Camping Beau Rivage\" \/>\n<meta property=\"article:modified_time\" content=\"2026-03-16T09:55:56+00:00\" \/>\n<meta name=\"twitter:card\" content=\"summary_large_image\" \/>\n<meta name=\"twitter:label1\" content=\"Gesch\u00e4tzte Lesezeit\" \/>\n\t<meta name=\"twitter:data1\" content=\"1\u00a0Minute\" \/>\n<script type=\"application\/ld+json\" class=\"yoast-schema-graph\">{\"@context\":\"https:\\\/\\\/schema.org\",\"@graph\":[{\"@type\":\"WebPage\",\"@id\":\"https:\\\/\\\/www.camping-beaurivage.fr\\\/de\\\/vermietung-von-mobilheimen-auf-unserem-campingplatz-in-meze-im-herault\\\/\",\"url\":\"https:\\\/\\\/www.camping-beaurivage.fr\\\/de\\\/vermietung-von-mobilheimen-auf-unserem-campingplatz-in-meze-im-herault\\\/\",\"name\":\"Mobilheimvermietung H\u00e9rault: Vermietung von Mobilheimen auf einem Campingplatz im H\u00e9rault\",\"isPartOf\":{\"@id\":\"https:\\\/\\\/www.camping-beaurivage.fr\\\/de\\\/#website\"},\"datePublished\":\"2024-08-05T09:09:12+00:00\",\"dateModified\":\"2026-03-16T09:55:56+00:00\",\"description\":\"Entscheiden Sie sich f\u00fcr die Anmietung eines Mobilheims auf dem Campingplatz Beau Rivage im Departement H\u00e9rault und profitieren Sie von den zahlreichen Vorteilen: Wasserpark, Mobilheim Privilegien...\",\"breadcrumb\":{\"@id\":\"https:\\\/\\\/www.camping-beaurivage.fr\\\/de\\\/vermietung-von-mobilheimen-auf-unserem-campingplatz-in-meze-im-herault\\\/#breadcrumb\"},\"inLanguage\":\"de\",\"potentialAction\":[{\"@type\":\"ReadAction\",\"target\":[\"https:\\\/\\\/www.camping-beaurivage.fr\\\/de\\\/vermietung-von-mobilheimen-auf-unserem-campingplatz-in-meze-im-herault\\\/\"]}]},{\"@type\":\"BreadcrumbList\",\"@id\":\"https:\\\/\\\/www.camping-beaurivage.fr\\\/de\\\/vermietung-von-mobilheimen-auf-unserem-campingplatz-in-meze-im-herault\\\/#breadcrumb\",\"itemListElement\":[{\"@type\":\"ListItem\",\"position\":1,\"name\":\"Accueil\",\"item\":\"https:\\\/\\\/www.camping-beaurivage.fr\\\/de\\\/\"},{\"@type\":\"ListItem\",\"position\":2,\"name\":\"Vermietung von Mobilheimen auf unserem Campingplatz in M\u00e8ze im H\u00e9rault\"}]},{\"@type\":\"WebSite\",\"@id\":\"https:\\\/\\\/www.camping-beaurivage.fr\\\/de\\\/#website\",\"url\":\"https:\\\/\\\/www.camping-beaurivage.fr\\\/de\\\/\",\"name\":\"Camping 1\",\"description\":\"\",\"potentialAction\":[{\"@type\":\"SearchAction\",\"target\":{\"@type\":\"EntryPoint\",\"urlTemplate\":\"https:\\\/\\\/www.camping-beaurivage.fr\\\/de\\\/?s={search_term_string}\"},\"query-input\":{\"@type\":\"PropertyValueSpecification\",\"valueRequired\":true,\"valueName\":\"search_term_string\"}}],\"inLanguage\":\"de\"}]}<\/script>\n<!-- \/ Yoast SEO plugin. -->","yoast_head_json":{"title":"Mobilheimvermietung H\u00e9rault: Vermietung von Mobilheimen auf einem Campingplatz im H\u00e9rault","description":"Entscheiden Sie sich f\u00fcr die Anmietung eines Mobilheims auf dem Campingplatz Beau Rivage im Departement H\u00e9rault und profitieren Sie von den zahlreichen Vorteilen: Wasserpark, Mobilheim Privilegien...","robots":{"index":"index","follow":"follow","max-snippet":"max-snippet:-1","max-image-preview":"max-image-preview:large","max-video-preview":"max-video-preview:-1"},"canonical":"https:\/\/www.camping-beaurivage.fr\/de\/vermietung-von-mobilheimen-auf-unserem-campingplatz-in-meze-im-herault\/","og_locale":"de_DE","og_type":"article","og_title":"Mobilheimvermietung H\u00e9rault: Vermietung von Mobilheimen auf einem Campingplatz im H\u00e9rault","og_description":"Entscheiden Sie sich f\u00fcr die Anmietung eines Mobilheims auf dem Campingplatz Beau Rivage im Departement H\u00e9rault und profitieren Sie von den zahlreichen Vorteilen: Wasserpark, Mobilheim Privilegien...","og_url":"https:\/\/www.camping-beaurivage.fr\/de\/vermietung-von-mobilheimen-auf-unserem-campingplatz-in-meze-im-herault\/","og_site_name":"Camping Beau Rivage","article_modified_time":"2026-03-16T09:55:56+00:00","twitter_card":"summary_large_image","twitter_misc":{"Gesch\u00e4tzte Lesezeit":"1\u00a0Minute"},"schema":{"@context":"https:\/\/schema.org","@graph":[{"@type":"WebPage","@id":"https:\/\/www.camping-beaurivage.fr\/de\/vermietung-von-mobilheimen-auf-unserem-campingplatz-in-meze-im-herault\/","url":"https:\/\/www.camping-beaurivage.fr\/de\/vermietung-von-mobilheimen-auf-unserem-campingplatz-in-meze-im-herault\/","name":"Mobilheimvermietung H\u00e9rault: Vermietung von Mobilheimen auf einem Campingplatz im H\u00e9rault","isPartOf":{"@id":"https:\/\/www.camping-beaurivage.fr\/de\/#website"},"datePublished":"2024-08-05T09:09:12+00:00","dateModified":"2026-03-16T09:55:56+00:00","description":"Entscheiden Sie sich f\u00fcr die Anmietung eines Mobilheims auf dem Campingplatz Beau Rivage im Departement H\u00e9rault und profitieren Sie von den zahlreichen Vorteilen: Wasserpark, Mobilheim Privilegien...","breadcrumb":{"@id":"https:\/\/www.camping-beaurivage.fr\/de\/vermietung-von-mobilheimen-auf-unserem-campingplatz-in-meze-im-herault\/#breadcrumb"},"inLanguage":"de","potentialAction":[{"@type":"ReadAction","target":["https:\/\/www.camping-beaurivage.fr\/de\/vermietung-von-mobilheimen-auf-unserem-campingplatz-in-meze-im-herault\/"]}]},{"@type":"BreadcrumbList","@id":"https:\/\/www.camping-beaurivage.fr\/de\/vermietung-von-mobilheimen-auf-unserem-campingplatz-in-meze-im-herault\/#breadcrumb","itemListElement":[{"@type":"ListItem","position":1,"name":"Accueil","item":"https:\/\/www.camping-beaurivage.fr\/de\/"},{"@type":"ListItem","position":2,"name":"Vermietung von Mobilheimen auf unserem Campingplatz in M\u00e8ze im H\u00e9rault"}]},{"@type":"WebSite","@id":"https:\/\/www.camping-beaurivage.fr\/de\/#website","url":"https:\/\/www.camping-beaurivage.fr\/de\/","name":"Camping 1","description":"","potentialAction":[{"@type":"SearchAction","target":{"@type":"EntryPoint","urlTemplate":"https:\/\/www.camping-beaurivage.fr\/de\/?s={search_term_string}"},"query-input":{"@type":"PropertyValueSpecification","valueRequired":true,"valueName":"search_term_string"}}],"inLanguage":"de"}]}},"_links":{"self":[{"href":"https:\/\/www.camping-beaurivage.fr\/de\/wp-json\/wp\/v2\/pages\/2115","targetHints":{"allow":["GET"]}}],"collection":[{"href":"https:\/\/www.camping-beaurivage.fr\/de\/wp-json\/wp\/v2\/pages"}],"about":[{"href":"https:\/\/www.camping-beaurivage.fr\/de\/wp-json\/wp\/v2\/types\/page"}],"author":[{"embeddable":true,"href":"https:\/\/www.camping-beaurivage.fr\/de\/wp-json\/wp\/v2\/users\/1"}],"replies":[{"embeddable":true,"href":"https:\/\/www.camping-beaurivage.fr\/de\/wp-json\/wp\/v2\/comments?post=2115"}],"version-history":[{"count":7,"href":"https:\/\/www.camping-beaurivage.fr\/de\/wp-json\/wp\/v2\/pages\/2115\/revisions"}],"predecessor-version":[{"id":528337,"href":"https:\/\/www.camping-beaurivage.fr\/de\/wp-json\/wp\/v2\/pages\/2115\/revisions\/528337"}],"wp:attachment":[{"href":"https:\/\/www.camping-beaurivage.fr\/de\/wp-json\/wp\/v2\/media?parent=2115"}],"curies":[{"name":"wp","href":"https:\/\/api.w.org\/{rel}","templated":true}]}}