{"id":2132,"date":"2024-08-05T11:09:25","date_gmt":"2024-08-05T09:09:25","guid":{"rendered":"https:\/\/www.camping-beaurivage.fr\/campingplatz-mit-wasserpark-im-herault\/"},"modified":"2026-05-04T08:50:29","modified_gmt":"2026-05-04T06:50:29","slug":"campingplatz-mit-wasserpark-im-herault","status":"publish","type":"page","link":"https:\/\/www.camping-beaurivage.fr\/de\/campingplatz-mit-wasserpark-im-herault\/","title":{"rendered":"Campingplatz mit Wasserpark im H\u00e9rault"},"content":{"rendered":"\n<p>Okzitanien, bekannt als eine der sonnigsten Regionen Frankreichs, mit einem sehr angenehmen Klima und daher ein beliebtes Reiseziel f\u00fcr Urlauber! Sch\u00f6nes Wetter und sehr g\u00fcnstige Temperaturen, von denen Sie im Departement H\u00e9rault profitieren werden und die Ihnen mehr als einmal Lust auf Badefreuden machen werden!<\/p>\n\n<p>Unser <a href=\"https:\/\/www.camping-beaurivage.fr\/de\/\">Campingplatz Beau Rivage in M\u00e8ze<\/a> verf\u00fcgt \u00fcber einen sch\u00f6nen Wasserpark, der es den G\u00e4sten erm\u00f6glicht, zu jeder Tageszeit mit der ganzen Familie Wasserspa\u00df zu genie\u00dfen!<\/p>\n\n<p>Einer der Vorteile unseres <strong>Campingplatzes im H\u00e9rault mit Wasserpark<\/strong> ist zweifellos seine ideale Lage am Ufer des Etang de Thau im H\u00e9rault und seine N\u00e4he zum Mittelmeer.<\/p>\n","protected":false},"excerpt":{"rendered":"<p>Okzitanien, bekannt als eine der sonnigsten Regionen Frankreichs, mit einem sehr angenehmen Klima und daher ein beliebtes Reiseziel f\u00fcr Urlauber! Sch\u00f6nes Wetter und sehr g\u00fcnstige Temperaturen, von denen Sie im Departement H\u00e9rault profitieren werden und die Ihnen mehr als einmal Lust auf Badefreuden machen werden! Unser Campingplatz Beau Rivage in M\u00e8ze verf\u00fcgt \u00fcber einen sch\u00f6nen [&hellip;]<\/p>\n","protected":false},"author":1,"featured_media":0,"parent":0,"menu_order":0,"comment_status":"closed","ping_status":"closed","template":"","meta":{"_acf_changed":false,"footnotes":""},"class_list":["post-2132","page","type-page","status-publish","hentry"],"acf":[],"yoast_head":"<!-- This site is optimized with the Yoast SEO plugin v27.3 - https:\/\/yoast.com\/product\/yoast-seo-wordpress\/ -->\n<title>Camping H\u00e9rault Wasserpark: ein Wasserpark auf dem Campingplatz im H\u00e9rault!<\/title>\n<meta name=\"description\" content=\"Genie\u00dfen Sie den Wasserpark w\u00e4hrend Ihres Urlaubs im H\u00e9rault auf dem Campingplatz Beau Rivage: Entspannen Sie sich am Pool, w\u00e4hrend Ihre Kinder sich am\u00fcsieren!\" \/>\n<meta name=\"robots\" content=\"index, follow, max-snippet:-1, max-image-preview:large, max-video-preview:-1\" \/>\n<link rel=\"canonical\" href=\"https:\/\/www.camping-beaurivage.fr\/de\/campingplatz-mit-wasserpark-im-herault\/\" \/>\n<meta property=\"og:locale\" content=\"de_DE\" \/>\n<meta property=\"og:type\" content=\"article\" \/>\n<meta property=\"og:title\" content=\"Camping H\u00e9rault Wasserpark: ein Wasserpark auf dem Campingplatz im H\u00e9rault!\" \/>\n<meta property=\"og:description\" content=\"Genie\u00dfen Sie den Wasserpark w\u00e4hrend Ihres Urlaubs im H\u00e9rault auf dem Campingplatz Beau Rivage: Entspannen Sie sich am Pool, w\u00e4hrend Ihre Kinder sich am\u00fcsieren!\" \/>\n<meta property=\"og:url\" content=\"https:\/\/www.camping-beaurivage.fr\/de\/campingplatz-mit-wasserpark-im-herault\/\" \/>\n<meta property=\"og:site_name\" content=\"Camping Beau Rivage\" \/>\n<meta property=\"article:modified_time\" content=\"2026-05-04T06:50:29+00:00\" \/>\n<meta name=\"twitter:card\" content=\"summary_large_image\" \/>\n<meta name=\"twitter:label1\" content=\"Gesch\u00e4tzte Lesezeit\" \/>\n\t<meta name=\"twitter:data1\" content=\"1\u00a0Minute\" \/>\n<script type=\"application\/ld+json\" class=\"yoast-schema-graph\">{\"@context\":\"https:\\\/\\\/schema.org\",\"@graph\":[{\"@type\":\"WebPage\",\"@id\":\"https:\\\/\\\/www.camping-beaurivage.fr\\\/de\\\/campingplatz-mit-wasserpark-im-herault\\\/\",\"url\":\"https:\\\/\\\/www.camping-beaurivage.fr\\\/de\\\/campingplatz-mit-wasserpark-im-herault\\\/\",\"name\":\"Camping H\u00e9rault Wasserpark: ein Wasserpark auf dem Campingplatz im H\u00e9rault!\",\"isPartOf\":{\"@id\":\"https:\\\/\\\/www.camping-beaurivage.fr\\\/de\\\/#website\"},\"datePublished\":\"2024-08-05T09:09:25+00:00\",\"dateModified\":\"2026-05-04T06:50:29+00:00\",\"description\":\"Genie\u00dfen Sie den Wasserpark w\u00e4hrend Ihres Urlaubs im H\u00e9rault auf dem Campingplatz Beau Rivage: Entspannen Sie sich am Pool, w\u00e4hrend Ihre Kinder sich am\u00fcsieren!\",\"breadcrumb\":{\"@id\":\"https:\\\/\\\/www.camping-beaurivage.fr\\\/de\\\/campingplatz-mit-wasserpark-im-herault\\\/#breadcrumb\"},\"inLanguage\":\"de\",\"potentialAction\":[{\"@type\":\"ReadAction\",\"target\":[\"https:\\\/\\\/www.camping-beaurivage.fr\\\/de\\\/campingplatz-mit-wasserpark-im-herault\\\/\"]}]},{\"@type\":\"BreadcrumbList\",\"@id\":\"https:\\\/\\\/www.camping-beaurivage.fr\\\/de\\\/campingplatz-mit-wasserpark-im-herault\\\/#breadcrumb\",\"itemListElement\":[{\"@type\":\"ListItem\",\"position\":1,\"name\":\"Accueil\",\"item\":\"https:\\\/\\\/www.camping-beaurivage.fr\\\/de\\\/\"},{\"@type\":\"ListItem\",\"position\":2,\"name\":\"Campingplatz mit Wasserpark im H\u00e9rault\"}]},{\"@type\":\"WebSite\",\"@id\":\"https:\\\/\\\/www.camping-beaurivage.fr\\\/de\\\/#website\",\"url\":\"https:\\\/\\\/www.camping-beaurivage.fr\\\/de\\\/\",\"name\":\"Camping 1\",\"description\":\"\",\"potentialAction\":[{\"@type\":\"SearchAction\",\"target\":{\"@type\":\"EntryPoint\",\"urlTemplate\":\"https:\\\/\\\/www.camping-beaurivage.fr\\\/de\\\/?s={search_term_string}\"},\"query-input\":{\"@type\":\"PropertyValueSpecification\",\"valueRequired\":true,\"valueName\":\"search_term_string\"}}],\"inLanguage\":\"de\"}]}<\/script>\n<!-- \/ Yoast SEO plugin. -->","yoast_head_json":{"title":"Camping H\u00e9rault Wasserpark: ein Wasserpark auf dem Campingplatz im H\u00e9rault!","description":"Genie\u00dfen Sie den Wasserpark w\u00e4hrend Ihres Urlaubs im H\u00e9rault auf dem Campingplatz Beau Rivage: Entspannen Sie sich am Pool, w\u00e4hrend Ihre Kinder sich am\u00fcsieren!","robots":{"index":"index","follow":"follow","max-snippet":"max-snippet:-1","max-image-preview":"max-image-preview:large","max-video-preview":"max-video-preview:-1"},"canonical":"https:\/\/www.camping-beaurivage.fr\/de\/campingplatz-mit-wasserpark-im-herault\/","og_locale":"de_DE","og_type":"article","og_title":"Camping H\u00e9rault Wasserpark: ein Wasserpark auf dem Campingplatz im H\u00e9rault!","og_description":"Genie\u00dfen Sie den Wasserpark w\u00e4hrend Ihres Urlaubs im H\u00e9rault auf dem Campingplatz Beau Rivage: Entspannen Sie sich am Pool, w\u00e4hrend Ihre Kinder sich am\u00fcsieren!","og_url":"https:\/\/www.camping-beaurivage.fr\/de\/campingplatz-mit-wasserpark-im-herault\/","og_site_name":"Camping Beau Rivage","article_modified_time":"2026-05-04T06:50:29+00:00","twitter_card":"summary_large_image","twitter_misc":{"Gesch\u00e4tzte Lesezeit":"1\u00a0Minute"},"schema":{"@context":"https:\/\/schema.org","@graph":[{"@type":"WebPage","@id":"https:\/\/www.camping-beaurivage.fr\/de\/campingplatz-mit-wasserpark-im-herault\/","url":"https:\/\/www.camping-beaurivage.fr\/de\/campingplatz-mit-wasserpark-im-herault\/","name":"Camping H\u00e9rault Wasserpark: ein Wasserpark auf dem Campingplatz im H\u00e9rault!","isPartOf":{"@id":"https:\/\/www.camping-beaurivage.fr\/de\/#website"},"datePublished":"2024-08-05T09:09:25+00:00","dateModified":"2026-05-04T06:50:29+00:00","description":"Genie\u00dfen Sie den Wasserpark w\u00e4hrend Ihres Urlaubs im H\u00e9rault auf dem Campingplatz Beau Rivage: Entspannen Sie sich am Pool, w\u00e4hrend Ihre Kinder sich am\u00fcsieren!","breadcrumb":{"@id":"https:\/\/www.camping-beaurivage.fr\/de\/campingplatz-mit-wasserpark-im-herault\/#breadcrumb"},"inLanguage":"de","potentialAction":[{"@type":"ReadAction","target":["https:\/\/www.camping-beaurivage.fr\/de\/campingplatz-mit-wasserpark-im-herault\/"]}]},{"@type":"BreadcrumbList","@id":"https:\/\/www.camping-beaurivage.fr\/de\/campingplatz-mit-wasserpark-im-herault\/#breadcrumb","itemListElement":[{"@type":"ListItem","position":1,"name":"Accueil","item":"https:\/\/www.camping-beaurivage.fr\/de\/"},{"@type":"ListItem","position":2,"name":"Campingplatz mit Wasserpark im H\u00e9rault"}]},{"@type":"WebSite","@id":"https:\/\/www.camping-beaurivage.fr\/de\/#website","url":"https:\/\/www.camping-beaurivage.fr\/de\/","name":"Camping 1","description":"","potentialAction":[{"@type":"SearchAction","target":{"@type":"EntryPoint","urlTemplate":"https:\/\/www.camping-beaurivage.fr\/de\/?s={search_term_string}"},"query-input":{"@type":"PropertyValueSpecification","valueRequired":true,"valueName":"search_term_string"}}],"inLanguage":"de"}]}},"_links":{"self":[{"href":"https:\/\/www.camping-beaurivage.fr\/de\/wp-json\/wp\/v2\/pages\/2132","targetHints":{"allow":["GET"]}}],"collection":[{"href":"https:\/\/www.camping-beaurivage.fr\/de\/wp-json\/wp\/v2\/pages"}],"about":[{"href":"https:\/\/www.camping-beaurivage.fr\/de\/wp-json\/wp\/v2\/types\/page"}],"author":[{"embeddable":true,"href":"https:\/\/www.camping-beaurivage.fr\/de\/wp-json\/wp\/v2\/users\/1"}],"replies":[{"embeddable":true,"href":"https:\/\/www.camping-beaurivage.fr\/de\/wp-json\/wp\/v2\/comments?post=2132"}],"version-history":[{"count":17,"href":"https:\/\/www.camping-beaurivage.fr\/de\/wp-json\/wp\/v2\/pages\/2132\/revisions"}],"predecessor-version":[{"id":611194,"href":"https:\/\/www.camping-beaurivage.fr\/de\/wp-json\/wp\/v2\/pages\/2132\/revisions\/611194"}],"wp:attachment":[{"href":"https:\/\/www.camping-beaurivage.fr\/de\/wp-json\/wp\/v2\/media?parent=2132"}],"curies":[{"name":"wp","href":"https:\/\/api.w.org\/{rel}","templated":true}]}}