{"id":2168,"date":"2024-08-05T11:09:40","date_gmt":"2024-08-05T09:09:40","guid":{"rendered":"https:\/\/www.camping-beaurivage.fr\/urlaub-in-einer-aussergewoehnlichen-umgebung-in-frankreich-auf-einem-campingplatz-von-ciela-village-einer-gruppe-von-hochwertigen-freilufthotels\/"},"modified":"2024-08-08T16:08:07","modified_gmt":"2024-08-08T14:08:07","slug":"carte-des-campings","status":"publish","type":"page","link":"https:\/\/www.camping-beaurivage.fr\/de\/carte-des-campings\/","title":{"rendered":"Urlaub in einer au\u00dfergew\u00f6hnlichen Umgebung in Frankreich, auf einem Campingplatz von Ciela Village, einer Gruppe von hochwertigen Freilufthotels"},"content":{"rendered":"\n<p>M\u00f6chten Sie einen unvergesslichen Urlaub in Frankreich in einer au\u00dfergew\u00f6hnlichen Umgebung verbringen?<\/p>\n\n<p>Wenn Sie sich f\u00fcr einen Campingplatz der Freilufthotelgruppe Ciela Village entscheiden, k\u00f6nnen Sie sicher sein, dass Sie von einer Anlage in einer au\u00dfergew\u00f6hnlichen nat\u00fcrlichen Umgebung und einer idealen geographischen Lage profitieren, um die gesamte Region, in der Sie Ihren Urlaub verbringen, zu erkunden.  <\/p>\n\n<p>Welches unserer Reiseziele wird Ihre Aufmerksamkeit auf sich ziehen, wenn es um die sch\u00f6nsten Regionen Frankreichs geht: Verdon, Ard\u00e8che, Vaucluse, Provence, Okzitanien, etc.<\/p>\n\n<p>Unsere Campingpl\u00e4tze bieten Ihnen alles, was Sie f\u00fcr einen gelungenen Aufenthalt brauchen: eine traumhafte Umgebung, hochwertige Unterk\u00fcnfte, Wassersport- und Freizeiteinrichtungen sowie zahlreiche Animationen, die der ganzen Familie Spa\u00df machen!<\/p>\n\n<p>Dies ist die perfekte Kombination f\u00fcr einen Campingurlaub, von dem wir alle tr\u00e4umen!<\/p>\n\n<p>Finden Sie den Campingplatz, der Sie f\u00fcr Ihren n\u00e4chsten Urlaub beherbergen wird, indem Sie direkt auf unsere Webseite Ciela Village gehen.<\/p>\n","protected":false},"excerpt":{"rendered":"<p>M\u00f6chten Sie einen unvergesslichen Urlaub in Frankreich in einer au\u00dfergew\u00f6hnlichen Umgebung verbringen? Wenn Sie sich f\u00fcr einen Campingplatz der Freilufthotelgruppe Ciela Village entscheiden, k\u00f6nnen Sie sicher sein, dass Sie von einer Anlage in einer au\u00dfergew\u00f6hnlichen nat\u00fcrlichen Umgebung und einer idealen geographischen Lage profitieren, um die gesamte Region, in der Sie Ihren Urlaub verbringen, zu erkunden. [&hellip;]<\/p>\n","protected":false},"author":1,"featured_media":0,"parent":0,"menu_order":0,"comment_status":"closed","ping_status":"open","template":"","meta":{"_acf_changed":false,"footnotes":""},"class_list":["post-2168","page","type-page","status-publish","hentry"],"acf":[],"yoast_head":"<!-- This site is optimized with the Yoast SEO plugin v27.3 - https:\/\/yoast.com\/product\/yoast-seo-wordpress\/ -->\n<title>Urlaub in einer au\u00dfergew\u00f6hnlichen Umgebung in Frankreich, auf einem Campingplatz von Ciela Village, einer Gruppe von hochwertigen Freilufthotels - Camping Beau Rivage<\/title>\n<meta name=\"robots\" content=\"index, follow, max-snippet:-1, max-image-preview:large, max-video-preview:-1\" \/>\n<link rel=\"canonical\" href=\"https:\/\/www.camping-beaurivage.fr\/de\/carte-des-campings\/\" \/>\n<meta property=\"og:locale\" content=\"de_DE\" \/>\n<meta property=\"og:type\" content=\"article\" \/>\n<meta property=\"og:title\" content=\"Urlaub in einer au\u00dfergew\u00f6hnlichen Umgebung in Frankreich, auf einem Campingplatz von Ciela Village, einer Gruppe von hochwertigen Freilufthotels - Camping Beau Rivage\" \/>\n<meta property=\"og:description\" content=\"M\u00f6chten Sie einen unvergesslichen Urlaub in Frankreich in einer au\u00dfergew\u00f6hnlichen Umgebung verbringen? Wenn Sie sich f\u00fcr einen Campingplatz der Freilufthotelgruppe Ciela Village entscheiden, k\u00f6nnen Sie sicher sein, dass Sie von einer Anlage in einer au\u00dfergew\u00f6hnlichen nat\u00fcrlichen Umgebung und einer idealen geographischen Lage profitieren, um die gesamte Region, in der Sie Ihren Urlaub verbringen, zu erkunden. [&hellip;]\" \/>\n<meta property=\"og:url\" content=\"https:\/\/www.camping-beaurivage.fr\/de\/carte-des-campings\/\" \/>\n<meta property=\"og:site_name\" content=\"Camping Beau Rivage\" \/>\n<meta property=\"article:modified_time\" content=\"2024-08-08T14:08:07+00:00\" \/>\n<meta name=\"twitter:card\" content=\"summary_large_image\" \/>\n<meta name=\"twitter:label1\" content=\"Gesch\u00e4tzte Lesezeit\" \/>\n\t<meta name=\"twitter:data1\" content=\"1\u00a0Minute\" \/>\n<script type=\"application\/ld+json\" class=\"yoast-schema-graph\">{\"@context\":\"https:\\\/\\\/schema.org\",\"@graph\":[{\"@type\":\"WebPage\",\"@id\":\"https:\\\/\\\/www.camping-beaurivage.fr\\\/de\\\/carte-des-campings\\\/\",\"url\":\"https:\\\/\\\/www.camping-beaurivage.fr\\\/de\\\/carte-des-campings\\\/\",\"name\":\"Urlaub in einer au\u00dfergew\u00f6hnlichen Umgebung in Frankreich, auf einem Campingplatz von Ciela Village, einer Gruppe von hochwertigen Freilufthotels - Camping Beau Rivage\",\"isPartOf\":{\"@id\":\"https:\\\/\\\/www.camping-beaurivage.fr\\\/de\\\/#website\"},\"datePublished\":\"2024-08-05T09:09:40+00:00\",\"dateModified\":\"2024-08-08T14:08:07+00:00\",\"breadcrumb\":{\"@id\":\"https:\\\/\\\/www.camping-beaurivage.fr\\\/de\\\/carte-des-campings\\\/#breadcrumb\"},\"inLanguage\":\"de\",\"potentialAction\":[{\"@type\":\"ReadAction\",\"target\":[\"https:\\\/\\\/www.camping-beaurivage.fr\\\/de\\\/carte-des-campings\\\/\"]}]},{\"@type\":\"BreadcrumbList\",\"@id\":\"https:\\\/\\\/www.camping-beaurivage.fr\\\/de\\\/carte-des-campings\\\/#breadcrumb\",\"itemListElement\":[{\"@type\":\"ListItem\",\"position\":1,\"name\":\"Accueil\",\"item\":\"https:\\\/\\\/www.camping-beaurivage.fr\\\/de\\\/\"},{\"@type\":\"ListItem\",\"position\":2,\"name\":\"Urlaub in einer au\u00dfergew\u00f6hnlichen Umgebung in Frankreich, auf einem Campingplatz von Ciela Village, einer Gruppe von hochwertigen Freilufthotels\"}]},{\"@type\":\"WebSite\",\"@id\":\"https:\\\/\\\/www.camping-beaurivage.fr\\\/de\\\/#website\",\"url\":\"https:\\\/\\\/www.camping-beaurivage.fr\\\/de\\\/\",\"name\":\"Camping 1\",\"description\":\"\",\"potentialAction\":[{\"@type\":\"SearchAction\",\"target\":{\"@type\":\"EntryPoint\",\"urlTemplate\":\"https:\\\/\\\/www.camping-beaurivage.fr\\\/de\\\/?s={search_term_string}\"},\"query-input\":{\"@type\":\"PropertyValueSpecification\",\"valueRequired\":true,\"valueName\":\"search_term_string\"}}],\"inLanguage\":\"de\"}]}<\/script>\n<!-- \/ Yoast SEO plugin. -->","yoast_head_json":{"title":"Urlaub in einer au\u00dfergew\u00f6hnlichen Umgebung in Frankreich, auf einem Campingplatz von Ciela Village, einer Gruppe von hochwertigen Freilufthotels - Camping Beau Rivage","robots":{"index":"index","follow":"follow","max-snippet":"max-snippet:-1","max-image-preview":"max-image-preview:large","max-video-preview":"max-video-preview:-1"},"canonical":"https:\/\/www.camping-beaurivage.fr\/de\/carte-des-campings\/","og_locale":"de_DE","og_type":"article","og_title":"Urlaub in einer au\u00dfergew\u00f6hnlichen Umgebung in Frankreich, auf einem Campingplatz von Ciela Village, einer Gruppe von hochwertigen Freilufthotels - Camping Beau Rivage","og_description":"M\u00f6chten Sie einen unvergesslichen Urlaub in Frankreich in einer au\u00dfergew\u00f6hnlichen Umgebung verbringen? Wenn Sie sich f\u00fcr einen Campingplatz der Freilufthotelgruppe Ciela Village entscheiden, k\u00f6nnen Sie sicher sein, dass Sie von einer Anlage in einer au\u00dfergew\u00f6hnlichen nat\u00fcrlichen Umgebung und einer idealen geographischen Lage profitieren, um die gesamte Region, in der Sie Ihren Urlaub verbringen, zu erkunden. [&hellip;]","og_url":"https:\/\/www.camping-beaurivage.fr\/de\/carte-des-campings\/","og_site_name":"Camping Beau Rivage","article_modified_time":"2024-08-08T14:08:07+00:00","twitter_card":"summary_large_image","twitter_misc":{"Gesch\u00e4tzte Lesezeit":"1\u00a0Minute"},"schema":{"@context":"https:\/\/schema.org","@graph":[{"@type":"WebPage","@id":"https:\/\/www.camping-beaurivage.fr\/de\/carte-des-campings\/","url":"https:\/\/www.camping-beaurivage.fr\/de\/carte-des-campings\/","name":"Urlaub in einer au\u00dfergew\u00f6hnlichen Umgebung in Frankreich, auf einem Campingplatz von Ciela Village, einer Gruppe von hochwertigen Freilufthotels - Camping Beau Rivage","isPartOf":{"@id":"https:\/\/www.camping-beaurivage.fr\/de\/#website"},"datePublished":"2024-08-05T09:09:40+00:00","dateModified":"2024-08-08T14:08:07+00:00","breadcrumb":{"@id":"https:\/\/www.camping-beaurivage.fr\/de\/carte-des-campings\/#breadcrumb"},"inLanguage":"de","potentialAction":[{"@type":"ReadAction","target":["https:\/\/www.camping-beaurivage.fr\/de\/carte-des-campings\/"]}]},{"@type":"BreadcrumbList","@id":"https:\/\/www.camping-beaurivage.fr\/de\/carte-des-campings\/#breadcrumb","itemListElement":[{"@type":"ListItem","position":1,"name":"Accueil","item":"https:\/\/www.camping-beaurivage.fr\/de\/"},{"@type":"ListItem","position":2,"name":"Urlaub in einer au\u00dfergew\u00f6hnlichen Umgebung in Frankreich, auf einem Campingplatz von Ciela Village, einer Gruppe von hochwertigen Freilufthotels"}]},{"@type":"WebSite","@id":"https:\/\/www.camping-beaurivage.fr\/de\/#website","url":"https:\/\/www.camping-beaurivage.fr\/de\/","name":"Camping 1","description":"","potentialAction":[{"@type":"SearchAction","target":{"@type":"EntryPoint","urlTemplate":"https:\/\/www.camping-beaurivage.fr\/de\/?s={search_term_string}"},"query-input":{"@type":"PropertyValueSpecification","valueRequired":true,"valueName":"search_term_string"}}],"inLanguage":"de"}]}},"_links":{"self":[{"href":"https:\/\/www.camping-beaurivage.fr\/de\/wp-json\/wp\/v2\/pages\/2168","targetHints":{"allow":["GET"]}}],"collection":[{"href":"https:\/\/www.camping-beaurivage.fr\/de\/wp-json\/wp\/v2\/pages"}],"about":[{"href":"https:\/\/www.camping-beaurivage.fr\/de\/wp-json\/wp\/v2\/types\/page"}],"author":[{"embeddable":true,"href":"https:\/\/www.camping-beaurivage.fr\/de\/wp-json\/wp\/v2\/users\/1"}],"replies":[{"embeddable":true,"href":"https:\/\/www.camping-beaurivage.fr\/de\/wp-json\/wp\/v2\/comments?post=2168"}],"version-history":[{"count":2,"href":"https:\/\/www.camping-beaurivage.fr\/de\/wp-json\/wp\/v2\/pages\/2168\/revisions"}],"predecessor-version":[{"id":2440,"href":"https:\/\/www.camping-beaurivage.fr\/de\/wp-json\/wp\/v2\/pages\/2168\/revisions\/2440"}],"wp:attachment":[{"href":"https:\/\/www.camping-beaurivage.fr\/de\/wp-json\/wp\/v2\/media?parent=2168"}],"curies":[{"name":"wp","href":"https:\/\/api.w.org\/{rel}","templated":true}]}}