{"id":2214,"date":"2024-08-05T11:14:16","date_gmt":"2024-08-05T09:14:16","guid":{"rendered":"https:\/\/www.camping-beaurivage.fr\/vermietung-von-campingplaetzen-im-departement-herault\/"},"modified":"2026-03-16T10:40:47","modified_gmt":"2026-03-16T09:40:47","slug":"stellplaetze-herault","status":"publish","type":"page","link":"https:\/\/www.camping-beaurivage.fr\/de\/stellplaetze-herault\/","title":{"rendered":"Vermietung von Campingpl\u00e4tzen im Departement H\u00e9rault"},"content":{"rendered":"\n<p>F\u00fcr Ihren zuk\u00fcnftigen Urlaub im Departement H\u00e9rault in S\u00fcdfrankreich m\u00f6chten Sie der Natur so nah wie m\u00f6glich sein? Es gibt keine bessere Option als einen Urlaub auf einem Stellplatz! Unser <a href=\"https:\/\/www.camping-beaurivage.fr\/de\/\">Campingplatz Beau Rivage in M\u00e8ze<\/a>, am Ufer des Etang de Thau, bietet Ihnen ger\u00e4umige, von Vegetation abgegrenzte Stellpl\u00e4tze, auf denen Sie Ihren Familienurlaub in vollen Z\u00fcgen genie\u00dfen k\u00f6nnen, ohne sich Sorgen um Ihre Privatsph\u00e4re machen zu m\u00fcssen. Ob Sie nun lieber im Zelt, im Wohnwagen oder im Wohnmobil \u00fcbernachten m\u00f6chten, unsere sch\u00f6nen und gepflegten Parzellen bieten Ihnen allen Komfort f\u00fcr einen Urlaub, an den Sie sich noch lange erinnern werden!  <br\/><\/p>\n","protected":false},"excerpt":{"rendered":"<p>F\u00fcr Ihren zuk\u00fcnftigen Urlaub im Departement H\u00e9rault in S\u00fcdfrankreich m\u00f6chten Sie der Natur so nah wie m\u00f6glich sein? Es gibt keine bessere Option als einen Urlaub auf einem Stellplatz! Unser Campingplatz Beau Rivage in M\u00e8ze, am Ufer des Etang de Thau, bietet Ihnen ger\u00e4umige, von Vegetation abgegrenzte Stellpl\u00e4tze, auf denen Sie Ihren Familienurlaub in vollen [&hellip;]<\/p>\n","protected":false},"author":1,"featured_media":0,"parent":0,"menu_order":0,"comment_status":"closed","ping_status":"closed","template":"","meta":{"_acf_changed":false,"footnotes":""},"class_list":["post-2214","page","type-page","status-publish","hentry"],"acf":[],"yoast_head":"<!-- This site is optimized with the Yoast SEO plugin v27.3 - https:\/\/yoast.com\/product\/yoast-seo-wordpress\/ -->\n<title>Camping-Stellplatz H\u00e9rault: Mieten Sie Ihren Camping-Stellplatz<\/title>\n<meta name=\"description\" content=\"Mieten Sie Ihren Stellplatz im Departement H\u00e9rault: Stellen Sie Ihr Zelt, Ihren Wohnwagen oder Ihr Wohnmobil auf und genie\u00dfen Sie Ihren Aufenthalt!\" \/>\n<meta name=\"robots\" content=\"index, follow, max-snippet:-1, max-image-preview:large, max-video-preview:-1\" \/>\n<link rel=\"canonical\" href=\"https:\/\/www.camping-beaurivage.fr\/de\/stellplaetze-herault\/\" \/>\n<meta property=\"og:locale\" content=\"de_DE\" \/>\n<meta property=\"og:type\" content=\"article\" \/>\n<meta property=\"og:title\" content=\"Camping-Stellplatz H\u00e9rault: Mieten Sie Ihren Camping-Stellplatz\" \/>\n<meta property=\"og:description\" content=\"Mieten Sie Ihren Stellplatz im Departement H\u00e9rault: Stellen Sie Ihr Zelt, Ihren Wohnwagen oder Ihr Wohnmobil auf und genie\u00dfen Sie Ihren Aufenthalt!\" \/>\n<meta property=\"og:url\" content=\"https:\/\/www.camping-beaurivage.fr\/de\/stellplaetze-herault\/\" \/>\n<meta property=\"og:site_name\" content=\"Camping Beau Rivage\" \/>\n<meta property=\"article:modified_time\" content=\"2026-03-16T09:40:47+00:00\" \/>\n<meta name=\"twitter:card\" content=\"summary_large_image\" \/>\n<meta name=\"twitter:label1\" content=\"Gesch\u00e4tzte Lesezeit\" \/>\n\t<meta name=\"twitter:data1\" content=\"1\u00a0Minute\" \/>\n<script type=\"application\/ld+json\" class=\"yoast-schema-graph\">{\"@context\":\"https:\\\/\\\/schema.org\",\"@graph\":[{\"@type\":\"WebPage\",\"@id\":\"https:\\\/\\\/www.camping-beaurivage.fr\\\/de\\\/stellplaetze-herault\\\/\",\"url\":\"https:\\\/\\\/www.camping-beaurivage.fr\\\/de\\\/stellplaetze-herault\\\/\",\"name\":\"Camping-Stellplatz H\u00e9rault: Mieten Sie Ihren Camping-Stellplatz\",\"isPartOf\":{\"@id\":\"https:\\\/\\\/www.camping-beaurivage.fr\\\/de\\\/#website\"},\"datePublished\":\"2024-08-05T09:14:16+00:00\",\"dateModified\":\"2026-03-16T09:40:47+00:00\",\"description\":\"Mieten Sie Ihren Stellplatz im Departement H\u00e9rault: Stellen Sie Ihr Zelt, Ihren Wohnwagen oder Ihr Wohnmobil auf und genie\u00dfen Sie Ihren Aufenthalt!\",\"breadcrumb\":{\"@id\":\"https:\\\/\\\/www.camping-beaurivage.fr\\\/de\\\/stellplaetze-herault\\\/#breadcrumb\"},\"inLanguage\":\"de\",\"potentialAction\":[{\"@type\":\"ReadAction\",\"target\":[\"https:\\\/\\\/www.camping-beaurivage.fr\\\/de\\\/stellplaetze-herault\\\/\"]}]},{\"@type\":\"BreadcrumbList\",\"@id\":\"https:\\\/\\\/www.camping-beaurivage.fr\\\/de\\\/stellplaetze-herault\\\/#breadcrumb\",\"itemListElement\":[{\"@type\":\"ListItem\",\"position\":1,\"name\":\"Accueil\",\"item\":\"https:\\\/\\\/www.camping-beaurivage.fr\\\/de\\\/\"},{\"@type\":\"ListItem\",\"position\":2,\"name\":\"Vermietung von Campingpl\u00e4tzen im Departement H\u00e9rault\"}]},{\"@type\":\"WebSite\",\"@id\":\"https:\\\/\\\/www.camping-beaurivage.fr\\\/de\\\/#website\",\"url\":\"https:\\\/\\\/www.camping-beaurivage.fr\\\/de\\\/\",\"name\":\"Camping 1\",\"description\":\"\",\"potentialAction\":[{\"@type\":\"SearchAction\",\"target\":{\"@type\":\"EntryPoint\",\"urlTemplate\":\"https:\\\/\\\/www.camping-beaurivage.fr\\\/de\\\/?s={search_term_string}\"},\"query-input\":{\"@type\":\"PropertyValueSpecification\",\"valueRequired\":true,\"valueName\":\"search_term_string\"}}],\"inLanguage\":\"de\"}]}<\/script>\n<!-- \/ Yoast SEO plugin. -->","yoast_head_json":{"title":"Camping-Stellplatz H\u00e9rault: Mieten Sie Ihren Camping-Stellplatz","description":"Mieten Sie Ihren Stellplatz im Departement H\u00e9rault: Stellen Sie Ihr Zelt, Ihren Wohnwagen oder Ihr Wohnmobil auf und genie\u00dfen Sie Ihren Aufenthalt!","robots":{"index":"index","follow":"follow","max-snippet":"max-snippet:-1","max-image-preview":"max-image-preview:large","max-video-preview":"max-video-preview:-1"},"canonical":"https:\/\/www.camping-beaurivage.fr\/de\/stellplaetze-herault\/","og_locale":"de_DE","og_type":"article","og_title":"Camping-Stellplatz H\u00e9rault: Mieten Sie Ihren Camping-Stellplatz","og_description":"Mieten Sie Ihren Stellplatz im Departement H\u00e9rault: Stellen Sie Ihr Zelt, Ihren Wohnwagen oder Ihr Wohnmobil auf und genie\u00dfen Sie Ihren Aufenthalt!","og_url":"https:\/\/www.camping-beaurivage.fr\/de\/stellplaetze-herault\/","og_site_name":"Camping Beau Rivage","article_modified_time":"2026-03-16T09:40:47+00:00","twitter_card":"summary_large_image","twitter_misc":{"Gesch\u00e4tzte Lesezeit":"1\u00a0Minute"},"schema":{"@context":"https:\/\/schema.org","@graph":[{"@type":"WebPage","@id":"https:\/\/www.camping-beaurivage.fr\/de\/stellplaetze-herault\/","url":"https:\/\/www.camping-beaurivage.fr\/de\/stellplaetze-herault\/","name":"Camping-Stellplatz H\u00e9rault: Mieten Sie Ihren Camping-Stellplatz","isPartOf":{"@id":"https:\/\/www.camping-beaurivage.fr\/de\/#website"},"datePublished":"2024-08-05T09:14:16+00:00","dateModified":"2026-03-16T09:40:47+00:00","description":"Mieten Sie Ihren Stellplatz im Departement H\u00e9rault: Stellen Sie Ihr Zelt, Ihren Wohnwagen oder Ihr Wohnmobil auf und genie\u00dfen Sie Ihren Aufenthalt!","breadcrumb":{"@id":"https:\/\/www.camping-beaurivage.fr\/de\/stellplaetze-herault\/#breadcrumb"},"inLanguage":"de","potentialAction":[{"@type":"ReadAction","target":["https:\/\/www.camping-beaurivage.fr\/de\/stellplaetze-herault\/"]}]},{"@type":"BreadcrumbList","@id":"https:\/\/www.camping-beaurivage.fr\/de\/stellplaetze-herault\/#breadcrumb","itemListElement":[{"@type":"ListItem","position":1,"name":"Accueil","item":"https:\/\/www.camping-beaurivage.fr\/de\/"},{"@type":"ListItem","position":2,"name":"Vermietung von Campingpl\u00e4tzen im Departement H\u00e9rault"}]},{"@type":"WebSite","@id":"https:\/\/www.camping-beaurivage.fr\/de\/#website","url":"https:\/\/www.camping-beaurivage.fr\/de\/","name":"Camping 1","description":"","potentialAction":[{"@type":"SearchAction","target":{"@type":"EntryPoint","urlTemplate":"https:\/\/www.camping-beaurivage.fr\/de\/?s={search_term_string}"},"query-input":{"@type":"PropertyValueSpecification","valueRequired":true,"valueName":"search_term_string"}}],"inLanguage":"de"}]}},"_links":{"self":[{"href":"https:\/\/www.camping-beaurivage.fr\/de\/wp-json\/wp\/v2\/pages\/2214","targetHints":{"allow":["GET"]}}],"collection":[{"href":"https:\/\/www.camping-beaurivage.fr\/de\/wp-json\/wp\/v2\/pages"}],"about":[{"href":"https:\/\/www.camping-beaurivage.fr\/de\/wp-json\/wp\/v2\/types\/page"}],"author":[{"embeddable":true,"href":"https:\/\/www.camping-beaurivage.fr\/de\/wp-json\/wp\/v2\/users\/1"}],"replies":[{"embeddable":true,"href":"https:\/\/www.camping-beaurivage.fr\/de\/wp-json\/wp\/v2\/comments?post=2214"}],"version-history":[{"count":8,"href":"https:\/\/www.camping-beaurivage.fr\/de\/wp-json\/wp\/v2\/pages\/2214\/revisions"}],"predecessor-version":[{"id":528329,"href":"https:\/\/www.camping-beaurivage.fr\/de\/wp-json\/wp\/v2\/pages\/2214\/revisions\/528329"}],"wp:attachment":[{"href":"https:\/\/www.camping-beaurivage.fr\/de\/wp-json\/wp\/v2\/media?parent=2214"}],"curies":[{"name":"wp","href":"https:\/\/api.w.org\/{rel}","templated":true}]}}