{"id":2113,"date":"2024-08-05T11:09:11","date_gmt":"2024-08-05T09:09:11","guid":{"rendered":"https:\/\/www.camping-beaurivage.fr\/mobile-home-rentals-at-our-meze-campsite-in-the-herault-region-of-france\/"},"modified":"2026-03-16T10:52:03","modified_gmt":"2026-03-16T09:52:03","slug":"mobile-home-rentals-at-our-meze-campsite-in-the-herault-region-of-france","status":"publish","type":"page","link":"https:\/\/www.camping-beaurivage.fr\/en\/mobile-home-rentals-at-our-meze-campsite-in-the-herault-region-of-france\/","title":{"rendered":"Mobile home rentals at our M\u00e8ze campsite in the H\u00e9rault region of France"},"content":{"rendered":"\n<p>In the heart of the H\u00e9rault region, on the banks of the Etang de Thau, our 4-star Beau Rivage campsite invites you to enjoy a unique camping holiday with your feet in the water, comfortably installed in one of our mobile home rentals. We offer our holidaymakers a range of comfortable rentals to suit all their needs and desires. Our mobile homes have 2 to 4 bedrooms and sleep between 4 and 8 people.<\/p>\n\n\n\n<p>We make sure that our guests have a pleasant stay at our 4-star campsite on the Mediterranean coast in the H\u00e9rault region of France, and this naturally includes their choice of accommodation. Our wide range of mobile homes gives holidaymakers the opportunity to find the model that suits them perfectly, and in which they will feel perfectly at home for the duration of their <a href=\"https:\/\/www.camping-beaurivage.fr\/en\/\">camping<\/a> vacation <a href=\"https:\/\/www.camping-beaurivage.fr\/en\/\">in M\u00e8ze<\/a>. Let yourself be charmed by the Mediterranean setting and the warm, family atmosphere of our lovely 4-star campsite, where it will be easy to relax and have fun, so book the <strong>mobile home rental in H\u00e9rault <\/strong>of your dreams at an affordable price for your future camping holiday in Occitanie!<\/p>\n","protected":false},"excerpt":{"rendered":"<p>In the heart of the H\u00e9rault region, on the banks of the Etang de Thau, our 4-star Beau Rivage campsite invites you to enjoy a unique camping holiday with your feet in the water, comfortably installed in one of our mobile home rentals. We offer our holidaymakers a range of comfortable rentals to suit all [&hellip;]<\/p>\n","protected":false},"author":1,"featured_media":0,"parent":0,"menu_order":0,"comment_status":"closed","ping_status":"closed","template":"","meta":{"_acf_changed":false,"footnotes":""},"class_list":["post-2113","page","type-page","status-publish","hentry"],"acf":[],"yoast_head":"<!-- This site is optimized with the Yoast SEO plugin v27.3 - https:\/\/yoast.com\/product\/yoast-seo-wordpress\/ -->\n<title>Mobile home rental H\u00e9rault : mobile home rental in camping in H\u00e9rault<\/title>\n<meta name=\"description\" content=\"Choose to rent a mobile home at Camping Beau Rivage in H\u00e9rault and take advantage of the many benefits: water park, mobile home privileges...\" \/>\n<meta name=\"robots\" content=\"index, follow, max-snippet:-1, max-image-preview:large, max-video-preview:-1\" \/>\n<link rel=\"canonical\" href=\"https:\/\/www.camping-beaurivage.fr\/en\/mobile-home-rentals-at-our-meze-campsite-in-the-herault-region-of-france\/\" \/>\n<meta property=\"og:locale\" content=\"en_US\" \/>\n<meta property=\"og:type\" content=\"article\" \/>\n<meta property=\"og:title\" content=\"Mobile home rental H\u00e9rault : mobile home rental in camping in H\u00e9rault\" \/>\n<meta property=\"og:description\" content=\"Choose to rent a mobile home at Camping Beau Rivage in H\u00e9rault and take advantage of the many benefits: water park, mobile home privileges...\" \/>\n<meta property=\"og:url\" content=\"https:\/\/www.camping-beaurivage.fr\/en\/mobile-home-rentals-at-our-meze-campsite-in-the-herault-region-of-france\/\" \/>\n<meta property=\"og:site_name\" content=\"Camping Beau Rivage\" \/>\n<meta property=\"article:modified_time\" content=\"2026-03-16T09:52:03+00:00\" \/>\n<meta name=\"twitter:card\" content=\"summary_large_image\" \/>\n<meta name=\"twitter:label1\" content=\"Est. reading time\" \/>\n\t<meta name=\"twitter:data1\" content=\"1 minute\" \/>\n<script type=\"application\/ld+json\" class=\"yoast-schema-graph\">{\"@context\":\"https:\\\/\\\/schema.org\",\"@graph\":[{\"@type\":\"WebPage\",\"@id\":\"https:\\\/\\\/www.camping-beaurivage.fr\\\/en\\\/mobile-home-rentals-at-our-meze-campsite-in-the-herault-region-of-france\\\/\",\"url\":\"https:\\\/\\\/www.camping-beaurivage.fr\\\/en\\\/mobile-home-rentals-at-our-meze-campsite-in-the-herault-region-of-france\\\/\",\"name\":\"Mobile home rental H\u00e9rault : mobile home rental in camping in H\u00e9rault\",\"isPartOf\":{\"@id\":\"https:\\\/\\\/www.camping-beaurivage.fr\\\/en\\\/#website\"},\"datePublished\":\"2024-08-05T09:09:11+00:00\",\"dateModified\":\"2026-03-16T09:52:03+00:00\",\"description\":\"Choose to rent a mobile home at Camping Beau Rivage in H\u00e9rault and take advantage of the many benefits: water park, mobile home privileges...\",\"breadcrumb\":{\"@id\":\"https:\\\/\\\/www.camping-beaurivage.fr\\\/en\\\/mobile-home-rentals-at-our-meze-campsite-in-the-herault-region-of-france\\\/#breadcrumb\"},\"inLanguage\":\"en-US\",\"potentialAction\":[{\"@type\":\"ReadAction\",\"target\":[\"https:\\\/\\\/www.camping-beaurivage.fr\\\/en\\\/mobile-home-rentals-at-our-meze-campsite-in-the-herault-region-of-france\\\/\"]}]},{\"@type\":\"BreadcrumbList\",\"@id\":\"https:\\\/\\\/www.camping-beaurivage.fr\\\/en\\\/mobile-home-rentals-at-our-meze-campsite-in-the-herault-region-of-france\\\/#breadcrumb\",\"itemListElement\":[{\"@type\":\"ListItem\",\"position\":1,\"name\":\"Accueil\",\"item\":\"https:\\\/\\\/www.camping-beaurivage.fr\\\/en\\\/\"},{\"@type\":\"ListItem\",\"position\":2,\"name\":\"Mobile home rentals at our M\u00e8ze campsite in the H\u00e9rault region of France\"}]},{\"@type\":\"WebSite\",\"@id\":\"https:\\\/\\\/www.camping-beaurivage.fr\\\/en\\\/#website\",\"url\":\"https:\\\/\\\/www.camping-beaurivage.fr\\\/en\\\/\",\"name\":\"Camping 1\",\"description\":\"\",\"potentialAction\":[{\"@type\":\"SearchAction\",\"target\":{\"@type\":\"EntryPoint\",\"urlTemplate\":\"https:\\\/\\\/www.camping-beaurivage.fr\\\/en\\\/?s={search_term_string}\"},\"query-input\":{\"@type\":\"PropertyValueSpecification\",\"valueRequired\":true,\"valueName\":\"search_term_string\"}}],\"inLanguage\":\"en-US\"}]}<\/script>\n<!-- \/ Yoast SEO plugin. -->","yoast_head_json":{"title":"Mobile home rental H\u00e9rault : mobile home rental in camping in H\u00e9rault","description":"Choose to rent a mobile home at Camping Beau Rivage in H\u00e9rault and take advantage of the many benefits: water park, mobile home privileges...","robots":{"index":"index","follow":"follow","max-snippet":"max-snippet:-1","max-image-preview":"max-image-preview:large","max-video-preview":"max-video-preview:-1"},"canonical":"https:\/\/www.camping-beaurivage.fr\/en\/mobile-home-rentals-at-our-meze-campsite-in-the-herault-region-of-france\/","og_locale":"en_US","og_type":"article","og_title":"Mobile home rental H\u00e9rault : mobile home rental in camping in H\u00e9rault","og_description":"Choose to rent a mobile home at Camping Beau Rivage in H\u00e9rault and take advantage of the many benefits: water park, mobile home privileges...","og_url":"https:\/\/www.camping-beaurivage.fr\/en\/mobile-home-rentals-at-our-meze-campsite-in-the-herault-region-of-france\/","og_site_name":"Camping Beau Rivage","article_modified_time":"2026-03-16T09:52:03+00:00","twitter_card":"summary_large_image","twitter_misc":{"Est. reading time":"1 minute"},"schema":{"@context":"https:\/\/schema.org","@graph":[{"@type":"WebPage","@id":"https:\/\/www.camping-beaurivage.fr\/en\/mobile-home-rentals-at-our-meze-campsite-in-the-herault-region-of-france\/","url":"https:\/\/www.camping-beaurivage.fr\/en\/mobile-home-rentals-at-our-meze-campsite-in-the-herault-region-of-france\/","name":"Mobile home rental H\u00e9rault : mobile home rental in camping in H\u00e9rault","isPartOf":{"@id":"https:\/\/www.camping-beaurivage.fr\/en\/#website"},"datePublished":"2024-08-05T09:09:11+00:00","dateModified":"2026-03-16T09:52:03+00:00","description":"Choose to rent a mobile home at Camping Beau Rivage in H\u00e9rault and take advantage of the many benefits: water park, mobile home privileges...","breadcrumb":{"@id":"https:\/\/www.camping-beaurivage.fr\/en\/mobile-home-rentals-at-our-meze-campsite-in-the-herault-region-of-france\/#breadcrumb"},"inLanguage":"en-US","potentialAction":[{"@type":"ReadAction","target":["https:\/\/www.camping-beaurivage.fr\/en\/mobile-home-rentals-at-our-meze-campsite-in-the-herault-region-of-france\/"]}]},{"@type":"BreadcrumbList","@id":"https:\/\/www.camping-beaurivage.fr\/en\/mobile-home-rentals-at-our-meze-campsite-in-the-herault-region-of-france\/#breadcrumb","itemListElement":[{"@type":"ListItem","position":1,"name":"Accueil","item":"https:\/\/www.camping-beaurivage.fr\/en\/"},{"@type":"ListItem","position":2,"name":"Mobile home rentals at our M\u00e8ze campsite in the H\u00e9rault region of France"}]},{"@type":"WebSite","@id":"https:\/\/www.camping-beaurivage.fr\/en\/#website","url":"https:\/\/www.camping-beaurivage.fr\/en\/","name":"Camping 1","description":"","potentialAction":[{"@type":"SearchAction","target":{"@type":"EntryPoint","urlTemplate":"https:\/\/www.camping-beaurivage.fr\/en\/?s={search_term_string}"},"query-input":{"@type":"PropertyValueSpecification","valueRequired":true,"valueName":"search_term_string"}}],"inLanguage":"en-US"}]}},"_links":{"self":[{"href":"https:\/\/www.camping-beaurivage.fr\/en\/wp-json\/wp\/v2\/pages\/2113","targetHints":{"allow":["GET"]}}],"collection":[{"href":"https:\/\/www.camping-beaurivage.fr\/en\/wp-json\/wp\/v2\/pages"}],"about":[{"href":"https:\/\/www.camping-beaurivage.fr\/en\/wp-json\/wp\/v2\/types\/page"}],"author":[{"embeddable":true,"href":"https:\/\/www.camping-beaurivage.fr\/en\/wp-json\/wp\/v2\/users\/1"}],"replies":[{"embeddable":true,"href":"https:\/\/www.camping-beaurivage.fr\/en\/wp-json\/wp\/v2\/comments?post=2113"}],"version-history":[{"count":7,"href":"https:\/\/www.camping-beaurivage.fr\/en\/wp-json\/wp\/v2\/pages\/2113\/revisions"}],"predecessor-version":[{"id":528334,"href":"https:\/\/www.camping-beaurivage.fr\/en\/wp-json\/wp\/v2\/pages\/2113\/revisions\/528334"}],"wp:attachment":[{"href":"https:\/\/www.camping-beaurivage.fr\/en\/wp-json\/wp\/v2\/media?parent=2113"}],"curies":[{"name":"wp","href":"https:\/\/api.w.org\/{rel}","templated":true}]}}