{"id":2130,"date":"2024-08-05T11:09:24","date_gmt":"2024-08-05T09:09:24","guid":{"rendered":"https:\/\/www.camping-beaurivage.fr\/campsite-with-water-park-in-herault\/"},"modified":"2026-05-04T09:14:07","modified_gmt":"2026-05-04T07:14:07","slug":"campsite-with-water-park-in-herault","status":"publish","type":"page","link":"https:\/\/www.camping-beaurivage.fr\/en\/campsite-with-water-park-in-herault\/","title":{"rendered":"Campsite with water park in H\u00e9rault"},"content":{"rendered":"\n<p>Occitanie is recognized as one of France&#8217;s sunniest regions, with a very pleasant climate, making it a prime destination for holidaymakers! Fine weather and very favorable temperatures in the H\u00e9rault department will make you want to go swimming more than once!<\/p>\n\n<p>Our <a href=\"https:\/\/www.camping-beaurivage.fr\/en\/\">Beau Rivage campsite in M\u00e8ze<\/a> boasts a beautiful water park, allowing holidaymakers to enjoy the pleasures of the water with their families at any time of day!<\/p>\n\n<p>One of the assets of our <strong>H\u00e9rault campsite with water park<\/strong> is undoubtedly its ideal geographical location, on the banks of the Etang de Thau in the H\u00e9rault region, and its proximity to the Mediterranean, which means you can enjoy the attractions of the pond as well as the pleasures of the seaside to vary the pleasures during your vacation in our 4-star establishment.<\/p>\n","protected":false},"excerpt":{"rendered":"<p>Occitanie is recognized as one of France&#8217;s sunniest regions, with a very pleasant climate, making it a prime destination for holidaymakers! Fine weather and very favorable temperatures in the H\u00e9rault department will make you want to go swimming more than once! Our Beau Rivage campsite in M\u00e8ze boasts a beautiful water park, allowing holidaymakers to [&hellip;]<\/p>\n","protected":false},"author":1,"featured_media":0,"parent":0,"menu_order":0,"comment_status":"closed","ping_status":"closed","template":"","meta":{"_acf_changed":false,"footnotes":""},"class_list":["post-2130","page","type-page","status-publish","hentry"],"acf":[],"yoast_head":"<!-- This site is optimized with the Yoast SEO plugin v27.3 - https:\/\/yoast.com\/product\/yoast-seo-wordpress\/ -->\n<title>Camping H\u00e9rault parc aquatique: a water park at the campsite in H\u00e9rault!<\/title>\n<meta name=\"description\" content=\"Take advantage of the water park during your vacation in H\u00e9rault at Camping Beau Rivage: relax by the pool while your children have fun!\" \/>\n<meta name=\"robots\" content=\"index, follow, max-snippet:-1, max-image-preview:large, max-video-preview:-1\" \/>\n<link rel=\"canonical\" href=\"https:\/\/www.camping-beaurivage.fr\/en\/campsite-with-water-park-in-herault\/\" \/>\n<meta property=\"og:locale\" content=\"en_US\" \/>\n<meta property=\"og:type\" content=\"article\" \/>\n<meta property=\"og:title\" content=\"Camping H\u00e9rault parc aquatique: a water park at the campsite in H\u00e9rault!\" \/>\n<meta property=\"og:description\" content=\"Take advantage of the water park during your vacation in H\u00e9rault at Camping Beau Rivage: relax by the pool while your children have fun!\" \/>\n<meta property=\"og:url\" content=\"https:\/\/www.camping-beaurivage.fr\/en\/campsite-with-water-park-in-herault\/\" \/>\n<meta property=\"og:site_name\" content=\"Camping Beau Rivage\" \/>\n<meta property=\"article:modified_time\" content=\"2026-05-04T07:14:07+00:00\" \/>\n<meta name=\"twitter:card\" content=\"summary_large_image\" \/>\n<meta name=\"twitter:label1\" content=\"Est. reading time\" \/>\n\t<meta name=\"twitter:data1\" content=\"1 minute\" \/>\n<script type=\"application\/ld+json\" class=\"yoast-schema-graph\">{\"@context\":\"https:\\\/\\\/schema.org\",\"@graph\":[{\"@type\":\"WebPage\",\"@id\":\"https:\\\/\\\/www.camping-beaurivage.fr\\\/en\\\/campsite-with-water-park-in-herault\\\/\",\"url\":\"https:\\\/\\\/www.camping-beaurivage.fr\\\/en\\\/campsite-with-water-park-in-herault\\\/\",\"name\":\"Camping H\u00e9rault parc aquatique: a water park at the campsite in H\u00e9rault!\",\"isPartOf\":{\"@id\":\"https:\\\/\\\/www.camping-beaurivage.fr\\\/en\\\/#website\"},\"datePublished\":\"2024-08-05T09:09:24+00:00\",\"dateModified\":\"2026-05-04T07:14:07+00:00\",\"description\":\"Take advantage of the water park during your vacation in H\u00e9rault at Camping Beau Rivage: relax by the pool while your children have fun!\",\"breadcrumb\":{\"@id\":\"https:\\\/\\\/www.camping-beaurivage.fr\\\/en\\\/campsite-with-water-park-in-herault\\\/#breadcrumb\"},\"inLanguage\":\"en-US\",\"potentialAction\":[{\"@type\":\"ReadAction\",\"target\":[\"https:\\\/\\\/www.camping-beaurivage.fr\\\/en\\\/campsite-with-water-park-in-herault\\\/\"]}]},{\"@type\":\"BreadcrumbList\",\"@id\":\"https:\\\/\\\/www.camping-beaurivage.fr\\\/en\\\/campsite-with-water-park-in-herault\\\/#breadcrumb\",\"itemListElement\":[{\"@type\":\"ListItem\",\"position\":1,\"name\":\"Accueil\",\"item\":\"https:\\\/\\\/www.camping-beaurivage.fr\\\/en\\\/\"},{\"@type\":\"ListItem\",\"position\":2,\"name\":\"Campsite with water park in H\u00e9rault\"}]},{\"@type\":\"WebSite\",\"@id\":\"https:\\\/\\\/www.camping-beaurivage.fr\\\/en\\\/#website\",\"url\":\"https:\\\/\\\/www.camping-beaurivage.fr\\\/en\\\/\",\"name\":\"Camping 1\",\"description\":\"\",\"potentialAction\":[{\"@type\":\"SearchAction\",\"target\":{\"@type\":\"EntryPoint\",\"urlTemplate\":\"https:\\\/\\\/www.camping-beaurivage.fr\\\/en\\\/?s={search_term_string}\"},\"query-input\":{\"@type\":\"PropertyValueSpecification\",\"valueRequired\":true,\"valueName\":\"search_term_string\"}}],\"inLanguage\":\"en-US\"}]}<\/script>\n<!-- \/ Yoast SEO plugin. -->","yoast_head_json":{"title":"Camping H\u00e9rault parc aquatique: a water park at the campsite in H\u00e9rault!","description":"Take advantage of the water park during your vacation in H\u00e9rault at Camping Beau Rivage: relax by the pool while your children have fun!","robots":{"index":"index","follow":"follow","max-snippet":"max-snippet:-1","max-image-preview":"max-image-preview:large","max-video-preview":"max-video-preview:-1"},"canonical":"https:\/\/www.camping-beaurivage.fr\/en\/campsite-with-water-park-in-herault\/","og_locale":"en_US","og_type":"article","og_title":"Camping H\u00e9rault parc aquatique: a water park at the campsite in H\u00e9rault!","og_description":"Take advantage of the water park during your vacation in H\u00e9rault at Camping Beau Rivage: relax by the pool while your children have fun!","og_url":"https:\/\/www.camping-beaurivage.fr\/en\/campsite-with-water-park-in-herault\/","og_site_name":"Camping Beau Rivage","article_modified_time":"2026-05-04T07:14:07+00:00","twitter_card":"summary_large_image","twitter_misc":{"Est. reading time":"1 minute"},"schema":{"@context":"https:\/\/schema.org","@graph":[{"@type":"WebPage","@id":"https:\/\/www.camping-beaurivage.fr\/en\/campsite-with-water-park-in-herault\/","url":"https:\/\/www.camping-beaurivage.fr\/en\/campsite-with-water-park-in-herault\/","name":"Camping H\u00e9rault parc aquatique: a water park at the campsite in H\u00e9rault!","isPartOf":{"@id":"https:\/\/www.camping-beaurivage.fr\/en\/#website"},"datePublished":"2024-08-05T09:09:24+00:00","dateModified":"2026-05-04T07:14:07+00:00","description":"Take advantage of the water park during your vacation in H\u00e9rault at Camping Beau Rivage: relax by the pool while your children have fun!","breadcrumb":{"@id":"https:\/\/www.camping-beaurivage.fr\/en\/campsite-with-water-park-in-herault\/#breadcrumb"},"inLanguage":"en-US","potentialAction":[{"@type":"ReadAction","target":["https:\/\/www.camping-beaurivage.fr\/en\/campsite-with-water-park-in-herault\/"]}]},{"@type":"BreadcrumbList","@id":"https:\/\/www.camping-beaurivage.fr\/en\/campsite-with-water-park-in-herault\/#breadcrumb","itemListElement":[{"@type":"ListItem","position":1,"name":"Accueil","item":"https:\/\/www.camping-beaurivage.fr\/en\/"},{"@type":"ListItem","position":2,"name":"Campsite with water park in H\u00e9rault"}]},{"@type":"WebSite","@id":"https:\/\/www.camping-beaurivage.fr\/en\/#website","url":"https:\/\/www.camping-beaurivage.fr\/en\/","name":"Camping 1","description":"","potentialAction":[{"@type":"SearchAction","target":{"@type":"EntryPoint","urlTemplate":"https:\/\/www.camping-beaurivage.fr\/en\/?s={search_term_string}"},"query-input":{"@type":"PropertyValueSpecification","valueRequired":true,"valueName":"search_term_string"}}],"inLanguage":"en-US"}]}},"_links":{"self":[{"href":"https:\/\/www.camping-beaurivage.fr\/en\/wp-json\/wp\/v2\/pages\/2130","targetHints":{"allow":["GET"]}}],"collection":[{"href":"https:\/\/www.camping-beaurivage.fr\/en\/wp-json\/wp\/v2\/pages"}],"about":[{"href":"https:\/\/www.camping-beaurivage.fr\/en\/wp-json\/wp\/v2\/types\/page"}],"author":[{"embeddable":true,"href":"https:\/\/www.camping-beaurivage.fr\/en\/wp-json\/wp\/v2\/users\/1"}],"replies":[{"embeddable":true,"href":"https:\/\/www.camping-beaurivage.fr\/en\/wp-json\/wp\/v2\/comments?post=2130"}],"version-history":[{"count":12,"href":"https:\/\/www.camping-beaurivage.fr\/en\/wp-json\/wp\/v2\/pages\/2130\/revisions"}],"predecessor-version":[{"id":611192,"href":"https:\/\/www.camping-beaurivage.fr\/en\/wp-json\/wp\/v2\/pages\/2130\/revisions\/611192"}],"wp:attachment":[{"href":"https:\/\/www.camping-beaurivage.fr\/en\/wp-json\/wp\/v2\/media?parent=2130"}],"curies":[{"name":"wp","href":"https:\/\/api.w.org\/{rel}","templated":true}]}}