{"id":2197,"date":"2024-08-05T11:14:05","date_gmt":"2024-08-05T09:14:05","guid":{"rendered":"https:\/\/www.camping-beaurivage.fr\/cheap-camping-in-herault\/"},"modified":"2026-01-30T09:43:40","modified_gmt":"2026-01-30T08:43:40","slug":"cheap-camping-in-herault","status":"publish","type":"page","link":"https:\/\/www.camping-beaurivage.fr\/en\/cheap-camping-in-herault\/","title":{"rendered":"Cheap camping in H\u00e9rault"},"content":{"rendered":"","protected":false},"excerpt":{"rendered":"","protected":false},"author":1,"featured_media":0,"parent":0,"menu_order":0,"comment_status":"closed","ping_status":"closed","template":"","meta":{"_acf_changed":false,"footnotes":""},"class_list":["post-2197","page","type-page","status-publish","hentry"],"acf":[],"yoast_head":"<!-- This site is optimized with the Yoast SEO plugin v27.3 - https:\/\/yoast.com\/product\/yoast-seo-wordpress\/ -->\n<title>Cheap camping in H\u00e9rault: our cheap camping offers in H\u00e9rault<\/title>\n<meta name=\"description\" content=\"Discover all our offers for a cheap camping holiday in H\u00e9rault: rent a pitch or a mobile home at low prices at a campsite in M\u00e8ze!\" \/>\n<meta name=\"robots\" content=\"index, follow, max-snippet:-1, max-image-preview:large, max-video-preview:-1\" \/>\n<link rel=\"canonical\" href=\"https:\/\/www.camping-beaurivage.fr\/en\/cheap-camping-in-herault\/\" \/>\n<meta property=\"og:locale\" content=\"en_US\" \/>\n<meta property=\"og:type\" content=\"article\" \/>\n<meta property=\"og:title\" content=\"Cheap camping in H\u00e9rault: our cheap camping offers in H\u00e9rault\" \/>\n<meta property=\"og:description\" content=\"Discover all our offers for a cheap camping holiday in H\u00e9rault: rent a pitch or a mobile home at low prices at a campsite in M\u00e8ze!\" \/>\n<meta property=\"og:url\" content=\"https:\/\/www.camping-beaurivage.fr\/en\/cheap-camping-in-herault\/\" \/>\n<meta property=\"og:site_name\" content=\"Camping Beau Rivage\" \/>\n<meta property=\"article:modified_time\" content=\"2026-01-30T08:43:40+00:00\" \/>\n<meta name=\"twitter:card\" content=\"summary_large_image\" \/>\n<script type=\"application\/ld+json\" class=\"yoast-schema-graph\">{\"@context\":\"https:\\\/\\\/schema.org\",\"@graph\":[{\"@type\":\"WebPage\",\"@id\":\"https:\\\/\\\/www.camping-beaurivage.fr\\\/en\\\/cheap-camping-in-herault\\\/\",\"url\":\"https:\\\/\\\/www.camping-beaurivage.fr\\\/en\\\/cheap-camping-in-herault\\\/\",\"name\":\"Cheap camping in H\u00e9rault: our cheap camping offers in H\u00e9rault\",\"isPartOf\":{\"@id\":\"https:\\\/\\\/www.camping-beaurivage.fr\\\/en\\\/#website\"},\"datePublished\":\"2024-08-05T09:14:05+00:00\",\"dateModified\":\"2026-01-30T08:43:40+00:00\",\"description\":\"Discover all our offers for a cheap camping holiday in H\u00e9rault: rent a pitch or a mobile home at low prices at a campsite in M\u00e8ze!\",\"breadcrumb\":{\"@id\":\"https:\\\/\\\/www.camping-beaurivage.fr\\\/en\\\/cheap-camping-in-herault\\\/#breadcrumb\"},\"inLanguage\":\"en-US\",\"potentialAction\":[{\"@type\":\"ReadAction\",\"target\":[\"https:\\\/\\\/www.camping-beaurivage.fr\\\/en\\\/cheap-camping-in-herault\\\/\"]}]},{\"@type\":\"BreadcrumbList\",\"@id\":\"https:\\\/\\\/www.camping-beaurivage.fr\\\/en\\\/cheap-camping-in-herault\\\/#breadcrumb\",\"itemListElement\":[{\"@type\":\"ListItem\",\"position\":1,\"name\":\"Accueil\",\"item\":\"https:\\\/\\\/www.camping-beaurivage.fr\\\/en\\\/\"},{\"@type\":\"ListItem\",\"position\":2,\"name\":\"Cheap camping in H\u00e9rault\"}]},{\"@type\":\"WebSite\",\"@id\":\"https:\\\/\\\/www.camping-beaurivage.fr\\\/en\\\/#website\",\"url\":\"https:\\\/\\\/www.camping-beaurivage.fr\\\/en\\\/\",\"name\":\"Camping 1\",\"description\":\"\",\"potentialAction\":[{\"@type\":\"SearchAction\",\"target\":{\"@type\":\"EntryPoint\",\"urlTemplate\":\"https:\\\/\\\/www.camping-beaurivage.fr\\\/en\\\/?s={search_term_string}\"},\"query-input\":{\"@type\":\"PropertyValueSpecification\",\"valueRequired\":true,\"valueName\":\"search_term_string\"}}],\"inLanguage\":\"en-US\"}]}<\/script>\n<!-- \/ Yoast SEO plugin. -->","yoast_head_json":{"title":"Cheap camping in H\u00e9rault: our cheap camping offers in H\u00e9rault","description":"Discover all our offers for a cheap camping holiday in H\u00e9rault: rent a pitch or a mobile home at low prices at a campsite in M\u00e8ze!","robots":{"index":"index","follow":"follow","max-snippet":"max-snippet:-1","max-image-preview":"max-image-preview:large","max-video-preview":"max-video-preview:-1"},"canonical":"https:\/\/www.camping-beaurivage.fr\/en\/cheap-camping-in-herault\/","og_locale":"en_US","og_type":"article","og_title":"Cheap camping in H\u00e9rault: our cheap camping offers in H\u00e9rault","og_description":"Discover all our offers for a cheap camping holiday in H\u00e9rault: rent a pitch or a mobile home at low prices at a campsite in M\u00e8ze!","og_url":"https:\/\/www.camping-beaurivage.fr\/en\/cheap-camping-in-herault\/","og_site_name":"Camping Beau Rivage","article_modified_time":"2026-01-30T08:43:40+00:00","twitter_card":"summary_large_image","schema":{"@context":"https:\/\/schema.org","@graph":[{"@type":"WebPage","@id":"https:\/\/www.camping-beaurivage.fr\/en\/cheap-camping-in-herault\/","url":"https:\/\/www.camping-beaurivage.fr\/en\/cheap-camping-in-herault\/","name":"Cheap camping in H\u00e9rault: our cheap camping offers in H\u00e9rault","isPartOf":{"@id":"https:\/\/www.camping-beaurivage.fr\/en\/#website"},"datePublished":"2024-08-05T09:14:05+00:00","dateModified":"2026-01-30T08:43:40+00:00","description":"Discover all our offers for a cheap camping holiday in H\u00e9rault: rent a pitch or a mobile home at low prices at a campsite in M\u00e8ze!","breadcrumb":{"@id":"https:\/\/www.camping-beaurivage.fr\/en\/cheap-camping-in-herault\/#breadcrumb"},"inLanguage":"en-US","potentialAction":[{"@type":"ReadAction","target":["https:\/\/www.camping-beaurivage.fr\/en\/cheap-camping-in-herault\/"]}]},{"@type":"BreadcrumbList","@id":"https:\/\/www.camping-beaurivage.fr\/en\/cheap-camping-in-herault\/#breadcrumb","itemListElement":[{"@type":"ListItem","position":1,"name":"Accueil","item":"https:\/\/www.camping-beaurivage.fr\/en\/"},{"@type":"ListItem","position":2,"name":"Cheap camping in H\u00e9rault"}]},{"@type":"WebSite","@id":"https:\/\/www.camping-beaurivage.fr\/en\/#website","url":"https:\/\/www.camping-beaurivage.fr\/en\/","name":"Camping 1","description":"","potentialAction":[{"@type":"SearchAction","target":{"@type":"EntryPoint","urlTemplate":"https:\/\/www.camping-beaurivage.fr\/en\/?s={search_term_string}"},"query-input":{"@type":"PropertyValueSpecification","valueRequired":true,"valueName":"search_term_string"}}],"inLanguage":"en-US"}]}},"_links":{"self":[{"href":"https:\/\/www.camping-beaurivage.fr\/en\/wp-json\/wp\/v2\/pages\/2197","targetHints":{"allow":["GET"]}}],"collection":[{"href":"https:\/\/www.camping-beaurivage.fr\/en\/wp-json\/wp\/v2\/pages"}],"about":[{"href":"https:\/\/www.camping-beaurivage.fr\/en\/wp-json\/wp\/v2\/types\/page"}],"author":[{"embeddable":true,"href":"https:\/\/www.camping-beaurivage.fr\/en\/wp-json\/wp\/v2\/users\/1"}],"replies":[{"embeddable":true,"href":"https:\/\/www.camping-beaurivage.fr\/en\/wp-json\/wp\/v2\/comments?post=2197"}],"version-history":[{"count":5,"href":"https:\/\/www.camping-beaurivage.fr\/en\/wp-json\/wp\/v2\/pages\/2197\/revisions"}],"predecessor-version":[{"id":474832,"href":"https:\/\/www.camping-beaurivage.fr\/en\/wp-json\/wp\/v2\/pages\/2197\/revisions\/474832"}],"wp:attachment":[{"href":"https:\/\/www.camping-beaurivage.fr\/en\/wp-json\/wp\/v2\/media?parent=2197"}],"curies":[{"name":"wp","href":"https:\/\/api.w.org\/{rel}","templated":true}]}}