{"id":677,"date":"2024-06-25T15:16:23","date_gmt":"2024-06-25T13:16:23","guid":{"rendered":"https:\/\/www.camping-beaurivage.fr\/?page_id=677"},"modified":"2026-03-20T12:36:29","modified_gmt":"2026-03-20T11:36:29","slug":"camping-au-coeur-de-lherault-a-meze-au-bord-de-letang-de-thau-en","status":"publish","type":"page","link":"https:\/\/www.camping-beaurivage.fr\/en\/","title":{"rendered":"Campsite in the heart of the H\u00e9rault, in M\u00e8ze on the shores of the Etang de Thau"},"content":{"rendered":"\n<p>Spend your vacations in the south of France, in the town of M\u00e8ze at Camping Beau Rivage, in an idyllic setting overlooking the Etang de Thau, just a stone&#8217;s throw from the Mediterranean and its pretty beaches, and the pretty port town of S\u00e8te. Our 4-star campsite with water park and many activities is set in a seaside village ideal for sunny, relaxing vacations in the H\u00e9rault department, in the Occitanie region! <\/p>\n\n\n\n<p><strong>New for 2026!<\/strong><br>Discover the latest additions to the campsite, designed to make your stay even more enjoyable!<br>A fully renovated <strong>aquatic area <\/strong>will allow you to fully enjoy water fun throughout your stay. The village square has been redesigned to welcome a new outdoor bar area as well as a <strong>brand-new restaurant<\/strong>.<br>Enjoy our new facilities starting this summer!<\/p>\n\n\n\n<p><\/p>\n","protected":false},"excerpt":{"rendered":"<p>Spend your vacations in the south of France, in the town of M\u00e8ze at Camping Beau Rivage, in an idyllic setting overlooking the Etang de Thau, just a stone&#8217;s throw from the Mediterranean and its pretty beaches, and the pretty port town of S\u00e8te. Our 4-star campsite with water park and many activities is set [&hellip;]<\/p>\n","protected":false},"author":1,"featured_media":0,"parent":0,"menu_order":0,"comment_status":"closed","ping_status":"closed","template":"templates\/template-homepage.php","meta":{"_acf_changed":false,"footnotes":""},"class_list":["post-677","page","type-page","status-publish","hentry"],"acf":[],"yoast_head":"<!-- This site is optimized with the Yoast SEO plugin v27.3 - https:\/\/yoast.com\/product\/yoast-seo-wordpress\/ -->\n<title>Camping M\u00e8ze : Camping Beau Rivage at M\u00e9ze in H\u00e9rault<\/title>\n<meta name=\"description\" content=\"Discover the ideal vacation destination: the Beau Rivage campsite in M\u00e8ze in the H\u00e9rault welcomes you for an unforgettable stay with water park, kids&#039; club...\" \/>\n<meta name=\"robots\" content=\"index, follow, max-snippet:-1, max-image-preview:large, max-video-preview:-1\" \/>\n<link rel=\"canonical\" href=\"https:\/\/www.camping-beaurivage.fr\/en\/\" \/>\n<meta property=\"og:locale\" content=\"en_US\" \/>\n<meta property=\"og:type\" content=\"article\" \/>\n<meta property=\"og:title\" content=\"Camping M\u00e8ze : Camping Beau Rivage at M\u00e9ze in H\u00e9rault\" \/>\n<meta property=\"og:description\" content=\"Discover the ideal vacation destination: the Beau Rivage campsite in M\u00e8ze in the H\u00e9rault welcomes you for an unforgettable stay with water park, kids&#039; club...\" \/>\n<meta property=\"og:url\" content=\"https:\/\/www.camping-beaurivage.fr\/en\/\" \/>\n<meta property=\"og:site_name\" content=\"Camping Beau Rivage\" \/>\n<meta property=\"article:modified_time\" content=\"2026-03-20T11:36:29+00:00\" \/>\n<meta name=\"twitter:card\" content=\"summary_large_image\" \/>\n<meta name=\"twitter:label1\" content=\"Est. reading time\" \/>\n\t<meta name=\"twitter:data1\" content=\"1 minute\" \/>\n<script type=\"application\/ld+json\" class=\"yoast-schema-graph\">{\"@context\":\"https:\\\/\\\/schema.org\",\"@graph\":[{\"@type\":\"WebPage\",\"@id\":\"https:\\\/\\\/www.camping-beaurivage.fr\\\/en\\\/\",\"url\":\"https:\\\/\\\/www.camping-beaurivage.fr\\\/en\\\/\",\"name\":\"Camping M\u00e8ze : Camping Beau Rivage at M\u00e9ze in H\u00e9rault\",\"isPartOf\":{\"@id\":\"https:\\\/\\\/www.camping-beaurivage.fr\\\/en\\\/#website\"},\"datePublished\":\"2024-06-25T13:16:23+00:00\",\"dateModified\":\"2026-03-20T11:36:29+00:00\",\"description\":\"Discover the ideal vacation destination: the Beau Rivage campsite in M\u00e8ze in the H\u00e9rault welcomes you for an unforgettable stay with water park, kids' club...\",\"breadcrumb\":{\"@id\":\"https:\\\/\\\/www.camping-beaurivage.fr\\\/en\\\/#breadcrumb\"},\"inLanguage\":\"en-US\",\"potentialAction\":[{\"@type\":\"ReadAction\",\"target\":[\"https:\\\/\\\/www.camping-beaurivage.fr\\\/en\\\/\"]}]},{\"@type\":\"BreadcrumbList\",\"@id\":\"https:\\\/\\\/www.camping-beaurivage.fr\\\/en\\\/#breadcrumb\",\"itemListElement\":[{\"@type\":\"ListItem\",\"position\":1,\"name\":\"Accueil\",\"item\":\"https:\\\/\\\/www.camping-beaurivage.fr\\\/en\\\/\"},{\"@type\":\"ListItem\",\"position\":2,\"name\":\"Campsite in the heart of the H\u00e9rault, in M\u00e8ze on the shores of the Etang de Thau\"}]},{\"@type\":\"WebSite\",\"@id\":\"https:\\\/\\\/www.camping-beaurivage.fr\\\/en\\\/#website\",\"url\":\"https:\\\/\\\/www.camping-beaurivage.fr\\\/en\\\/\",\"name\":\"Camping 1\",\"description\":\"\",\"potentialAction\":[{\"@type\":\"SearchAction\",\"target\":{\"@type\":\"EntryPoint\",\"urlTemplate\":\"https:\\\/\\\/www.camping-beaurivage.fr\\\/en\\\/?s={search_term_string}\"},\"query-input\":{\"@type\":\"PropertyValueSpecification\",\"valueRequired\":true,\"valueName\":\"search_term_string\"}}],\"inLanguage\":\"en-US\"}]}<\/script>\n<!-- \/ Yoast SEO plugin. -->","yoast_head_json":{"title":"Camping M\u00e8ze : Camping Beau Rivage at M\u00e9ze in H\u00e9rault","description":"Discover the ideal vacation destination: the Beau Rivage campsite in M\u00e8ze in the H\u00e9rault welcomes you for an unforgettable stay with water park, kids' club...","robots":{"index":"index","follow":"follow","max-snippet":"max-snippet:-1","max-image-preview":"max-image-preview:large","max-video-preview":"max-video-preview:-1"},"canonical":"https:\/\/www.camping-beaurivage.fr\/en\/","og_locale":"en_US","og_type":"article","og_title":"Camping M\u00e8ze : Camping Beau Rivage at M\u00e9ze in H\u00e9rault","og_description":"Discover the ideal vacation destination: the Beau Rivage campsite in M\u00e8ze in the H\u00e9rault welcomes you for an unforgettable stay with water park, kids' club...","og_url":"https:\/\/www.camping-beaurivage.fr\/en\/","og_site_name":"Camping Beau Rivage","article_modified_time":"2026-03-20T11:36:29+00:00","twitter_card":"summary_large_image","twitter_misc":{"Est. reading time":"1 minute"},"schema":{"@context":"https:\/\/schema.org","@graph":[{"@type":"WebPage","@id":"https:\/\/www.camping-beaurivage.fr\/en\/","url":"https:\/\/www.camping-beaurivage.fr\/en\/","name":"Camping M\u00e8ze : Camping Beau Rivage at M\u00e9ze in H\u00e9rault","isPartOf":{"@id":"https:\/\/www.camping-beaurivage.fr\/en\/#website"},"datePublished":"2024-06-25T13:16:23+00:00","dateModified":"2026-03-20T11:36:29+00:00","description":"Discover the ideal vacation destination: the Beau Rivage campsite in M\u00e8ze in the H\u00e9rault welcomes you for an unforgettable stay with water park, kids' club...","breadcrumb":{"@id":"https:\/\/www.camping-beaurivage.fr\/en\/#breadcrumb"},"inLanguage":"en-US","potentialAction":[{"@type":"ReadAction","target":["https:\/\/www.camping-beaurivage.fr\/en\/"]}]},{"@type":"BreadcrumbList","@id":"https:\/\/www.camping-beaurivage.fr\/en\/#breadcrumb","itemListElement":[{"@type":"ListItem","position":1,"name":"Accueil","item":"https:\/\/www.camping-beaurivage.fr\/en\/"},{"@type":"ListItem","position":2,"name":"Campsite in the heart of the H\u00e9rault, in M\u00e8ze on the shores of the Etang de Thau"}]},{"@type":"WebSite","@id":"https:\/\/www.camping-beaurivage.fr\/en\/#website","url":"https:\/\/www.camping-beaurivage.fr\/en\/","name":"Camping 1","description":"","potentialAction":[{"@type":"SearchAction","target":{"@type":"EntryPoint","urlTemplate":"https:\/\/www.camping-beaurivage.fr\/en\/?s={search_term_string}"},"query-input":{"@type":"PropertyValueSpecification","valueRequired":true,"valueName":"search_term_string"}}],"inLanguage":"en-US"}]}},"_links":{"self":[{"href":"https:\/\/www.camping-beaurivage.fr\/en\/wp-json\/wp\/v2\/pages\/677","targetHints":{"allow":["GET"]}}],"collection":[{"href":"https:\/\/www.camping-beaurivage.fr\/en\/wp-json\/wp\/v2\/pages"}],"about":[{"href":"https:\/\/www.camping-beaurivage.fr\/en\/wp-json\/wp\/v2\/types\/page"}],"author":[{"embeddable":true,"href":"https:\/\/www.camping-beaurivage.fr\/en\/wp-json\/wp\/v2\/users\/1"}],"replies":[{"embeddable":true,"href":"https:\/\/www.camping-beaurivage.fr\/en\/wp-json\/wp\/v2\/comments?post=677"}],"version-history":[{"count":16,"href":"https:\/\/www.camping-beaurivage.fr\/en\/wp-json\/wp\/v2\/pages\/677\/revisions"}],"predecessor-version":[{"id":534539,"href":"https:\/\/www.camping-beaurivage.fr\/en\/wp-json\/wp\/v2\/pages\/677\/revisions\/534539"}],"wp:attachment":[{"href":"https:\/\/www.camping-beaurivage.fr\/en\/wp-json\/wp\/v2\/media?parent=677"}],"curies":[{"name":"wp","href":"https:\/\/api.w.org\/{rel}","templated":true}]}}