{"id":2092,"date":"2024-08-02T14:29:40","date_gmt":"2024-08-02T12:29:40","guid":{"rendered":"https:\/\/www.camping-beaurivage.fr\/camping-en-el-corazon-del-herault-en-meze-a-orillas-del-etang-de-thau\/"},"modified":"2026-03-20T12:45:50","modified_gmt":"2026-03-20T11:45:50","slug":"camping-en-el-corazon-del-herault-en-meze-a-orillas-del-etang-de-thau","status":"publish","type":"page","link":"https:\/\/www.camping-beaurivage.fr\/es\/","title":{"rendered":"Camping en el coraz\u00f3n del H\u00e9rault, en M\u00e8ze, a orillas del Etang de Thau"},"content":{"rendered":"\n<p>Pasa tus vacaciones en el sur de Francia, en la ciudad de M\u00e8ze, en el Camping Beau Rivage, en un entorno id\u00edlico frente al Etang de Thau, a dos pasos del Mediterr\u00e1neo y sus bonitas playas y de la bonita ciudad portuaria de S\u00e8te.\nNuestro camping de 4 estrellas con parque acu\u00e1tico y numerosas animaciones est\u00e1 situado en un pueblo costero ideal para unas vacaciones soleadas y relajantes en el departamento de H\u00e9rault, en la regi\u00f3n de Occitanie. <\/p>\n\n\n\n<p><strong>\u00a1Novedades 2026!<\/strong><br>Descubra las novedades del camping, dise\u00f1adas para hacer su estancia a\u00fan m\u00e1s agradable.<br>Un <strong>\u00e1rea acu\u00e1tica<\/strong> totalmente renovada le permitir\u00e1 disfrutar al m\u00e1ximo de las actividades acu\u00e1ticas durante toda su estancia. La plaza del pueblo ha sido redise\u00f1ada para acoger una nueva zona de bar exterior, as\u00ed como un r<strong>estaurante totalmente nuevo<\/strong>.<br>\u00a1Disfrute de nuestras nuevas instalaciones a partir de este verano!<\/p>\n","protected":false},"excerpt":{"rendered":"<p>Pasa tus vacaciones en el sur de Francia, en la ciudad de M\u00e8ze, en el Camping Beau Rivage, en un entorno id\u00edlico frente al Etang de Thau, a dos pasos del Mediterr\u00e1neo y sus bonitas playas y de la bonita ciudad portuaria de S\u00e8te. Nuestro camping de 4 estrellas con parque acu\u00e1tico y numerosas animaciones [&hellip;]<\/p>\n","protected":false},"author":1,"featured_media":0,"parent":0,"menu_order":0,"comment_status":"closed","ping_status":"closed","template":"templates\/template-homepage.php","meta":{"_acf_changed":false,"footnotes":""},"class_list":["post-2092","page","type-page","status-publish","hentry"],"acf":[],"yoast_head":"<!-- This site is optimized with the Yoast SEO plugin v27.3 - https:\/\/yoast.com\/product\/yoast-seo-wordpress\/ -->\n<title>Camping M\u00e8ze : Camping Beau Rivage en M\u00e9ze en H\u00e9rault<\/title>\n<meta name=\"description\" content=\"Descubre el destino de vacaciones ideal: el camping Beau Rivage de M\u00e8ze, en H\u00e9rault, te acoge para que pases una estancia inolvidable con su parque acu\u00e1tico, su club infantil...\" \/>\n<meta name=\"robots\" content=\"index, follow, max-snippet:-1, max-image-preview:large, max-video-preview:-1\" \/>\n<link rel=\"canonical\" href=\"https:\/\/www.camping-beaurivage.fr\/es\/\" \/>\n<meta property=\"og:locale\" content=\"es_ES\" \/>\n<meta property=\"og:type\" content=\"article\" \/>\n<meta property=\"og:title\" content=\"Camping M\u00e8ze : Camping Beau Rivage en M\u00e9ze en H\u00e9rault\" \/>\n<meta property=\"og:description\" content=\"Descubre el destino de vacaciones ideal: el camping Beau Rivage de M\u00e8ze, en H\u00e9rault, te acoge para que pases una estancia inolvidable con su parque acu\u00e1tico, su club infantil...\" \/>\n<meta property=\"og:url\" content=\"https:\/\/www.camping-beaurivage.fr\/es\/\" \/>\n<meta property=\"og:site_name\" content=\"Camping Beau Rivage\" \/>\n<meta property=\"article:modified_time\" content=\"2026-03-20T11:45:50+00:00\" \/>\n<meta name=\"twitter:card\" content=\"summary_large_image\" \/>\n<meta name=\"twitter:label1\" content=\"Tiempo de lectura\" \/>\n\t<meta name=\"twitter:data1\" content=\"1 minuto\" \/>\n<script type=\"application\/ld+json\" class=\"yoast-schema-graph\">{\"@context\":\"https:\\\/\\\/schema.org\",\"@graph\":[{\"@type\":\"WebPage\",\"@id\":\"https:\\\/\\\/www.camping-beaurivage.fr\\\/es\\\/\",\"url\":\"https:\\\/\\\/www.camping-beaurivage.fr\\\/es\\\/\",\"name\":\"Camping M\u00e8ze : Camping Beau Rivage en M\u00e9ze en H\u00e9rault\",\"isPartOf\":{\"@id\":\"https:\\\/\\\/www.camping-beaurivage.fr\\\/es\\\/#website\"},\"datePublished\":\"2024-08-02T12:29:40+00:00\",\"dateModified\":\"2026-03-20T11:45:50+00:00\",\"description\":\"Descubre el destino de vacaciones ideal: el camping Beau Rivage de M\u00e8ze, en H\u00e9rault, te acoge para que pases una estancia inolvidable con su parque acu\u00e1tico, su club infantil...\",\"breadcrumb\":{\"@id\":\"https:\\\/\\\/www.camping-beaurivage.fr\\\/es\\\/#breadcrumb\"},\"inLanguage\":\"es\",\"potentialAction\":[{\"@type\":\"ReadAction\",\"target\":[\"https:\\\/\\\/www.camping-beaurivage.fr\\\/es\\\/\"]}]},{\"@type\":\"BreadcrumbList\",\"@id\":\"https:\\\/\\\/www.camping-beaurivage.fr\\\/es\\\/#breadcrumb\",\"itemListElement\":[{\"@type\":\"ListItem\",\"position\":1,\"name\":\"Accueil\",\"item\":\"https:\\\/\\\/www.camping-beaurivage.fr\\\/es\\\/\"},{\"@type\":\"ListItem\",\"position\":2,\"name\":\"Camping en el coraz\u00f3n del H\u00e9rault, en M\u00e8ze, a orillas del Etang de Thau\"}]},{\"@type\":\"WebSite\",\"@id\":\"https:\\\/\\\/www.camping-beaurivage.fr\\\/es\\\/#website\",\"url\":\"https:\\\/\\\/www.camping-beaurivage.fr\\\/es\\\/\",\"name\":\"Camping 1\",\"description\":\"\",\"potentialAction\":[{\"@type\":\"SearchAction\",\"target\":{\"@type\":\"EntryPoint\",\"urlTemplate\":\"https:\\\/\\\/www.camping-beaurivage.fr\\\/es\\\/?s={search_term_string}\"},\"query-input\":{\"@type\":\"PropertyValueSpecification\",\"valueRequired\":true,\"valueName\":\"search_term_string\"}}],\"inLanguage\":\"es\"}]}<\/script>\n<!-- \/ Yoast SEO plugin. -->","yoast_head_json":{"title":"Camping M\u00e8ze : Camping Beau Rivage en M\u00e9ze en H\u00e9rault","description":"Descubre el destino de vacaciones ideal: el camping Beau Rivage de M\u00e8ze, en H\u00e9rault, te acoge para que pases una estancia inolvidable con su parque acu\u00e1tico, su club infantil...","robots":{"index":"index","follow":"follow","max-snippet":"max-snippet:-1","max-image-preview":"max-image-preview:large","max-video-preview":"max-video-preview:-1"},"canonical":"https:\/\/www.camping-beaurivage.fr\/es\/","og_locale":"es_ES","og_type":"article","og_title":"Camping M\u00e8ze : Camping Beau Rivage en M\u00e9ze en H\u00e9rault","og_description":"Descubre el destino de vacaciones ideal: el camping Beau Rivage de M\u00e8ze, en H\u00e9rault, te acoge para que pases una estancia inolvidable con su parque acu\u00e1tico, su club infantil...","og_url":"https:\/\/www.camping-beaurivage.fr\/es\/","og_site_name":"Camping Beau Rivage","article_modified_time":"2026-03-20T11:45:50+00:00","twitter_card":"summary_large_image","twitter_misc":{"Tiempo de lectura":"1 minuto"},"schema":{"@context":"https:\/\/schema.org","@graph":[{"@type":"WebPage","@id":"https:\/\/www.camping-beaurivage.fr\/es\/","url":"https:\/\/www.camping-beaurivage.fr\/es\/","name":"Camping M\u00e8ze : Camping Beau Rivage en M\u00e9ze en H\u00e9rault","isPartOf":{"@id":"https:\/\/www.camping-beaurivage.fr\/es\/#website"},"datePublished":"2024-08-02T12:29:40+00:00","dateModified":"2026-03-20T11:45:50+00:00","description":"Descubre el destino de vacaciones ideal: el camping Beau Rivage de M\u00e8ze, en H\u00e9rault, te acoge para que pases una estancia inolvidable con su parque acu\u00e1tico, su club infantil...","breadcrumb":{"@id":"https:\/\/www.camping-beaurivage.fr\/es\/#breadcrumb"},"inLanguage":"es","potentialAction":[{"@type":"ReadAction","target":["https:\/\/www.camping-beaurivage.fr\/es\/"]}]},{"@type":"BreadcrumbList","@id":"https:\/\/www.camping-beaurivage.fr\/es\/#breadcrumb","itemListElement":[{"@type":"ListItem","position":1,"name":"Accueil","item":"https:\/\/www.camping-beaurivage.fr\/es\/"},{"@type":"ListItem","position":2,"name":"Camping en el coraz\u00f3n del H\u00e9rault, en M\u00e8ze, a orillas del Etang de Thau"}]},{"@type":"WebSite","@id":"https:\/\/www.camping-beaurivage.fr\/es\/#website","url":"https:\/\/www.camping-beaurivage.fr\/es\/","name":"Camping 1","description":"","potentialAction":[{"@type":"SearchAction","target":{"@type":"EntryPoint","urlTemplate":"https:\/\/www.camping-beaurivage.fr\/es\/?s={search_term_string}"},"query-input":{"@type":"PropertyValueSpecification","valueRequired":true,"valueName":"search_term_string"}}],"inLanguage":"es"}]}},"_links":{"self":[{"href":"https:\/\/www.camping-beaurivage.fr\/es\/wp-json\/wp\/v2\/pages\/2092","targetHints":{"allow":["GET"]}}],"collection":[{"href":"https:\/\/www.camping-beaurivage.fr\/es\/wp-json\/wp\/v2\/pages"}],"about":[{"href":"https:\/\/www.camping-beaurivage.fr\/es\/wp-json\/wp\/v2\/types\/page"}],"author":[{"embeddable":true,"href":"https:\/\/www.camping-beaurivage.fr\/es\/wp-json\/wp\/v2\/users\/1"}],"replies":[{"embeddable":true,"href":"https:\/\/www.camping-beaurivage.fr\/es\/wp-json\/wp\/v2\/comments?post=2092"}],"version-history":[{"count":15,"href":"https:\/\/www.camping-beaurivage.fr\/es\/wp-json\/wp\/v2\/pages\/2092\/revisions"}],"predecessor-version":[{"id":534544,"href":"https:\/\/www.camping-beaurivage.fr\/es\/wp-json\/wp\/v2\/pages\/2092\/revisions\/534544"}],"wp:attachment":[{"href":"https:\/\/www.camping-beaurivage.fr\/es\/wp-json\/wp\/v2\/media?parent=2092"}],"curies":[{"name":"wp","href":"https:\/\/api.w.org\/{rel}","templated":true}]}}