{"id":2110,"date":"2024-08-05T11:09:10","date_gmt":"2024-08-05T09:09:10","guid":{"rendered":"https:\/\/www.camping-beaurivage.fr\/alquiler-de-mobil-homes-en-nuestro-camping-de-meze-herault\/"},"modified":"2026-03-16T10:58:21","modified_gmt":"2026-03-16T09:58:21","slug":"alquiler-de-mobil-homes-en-nuestro-camping-de-meze-herault","status":"publish","type":"page","link":"https:\/\/www.camping-beaurivage.fr\/es\/alquiler-de-mobil-homes-en-nuestro-camping-de-meze-herault\/","title":{"rendered":"Alquiler de mobil homes en nuestro camping de M\u00e8ze, H\u00e9rault"},"content":{"rendered":"\n<p>En el coraz\u00f3n de la regi\u00f3n de H\u00e9rault, a orillas del Etang de Thau, nuestro camping de 4 estrellas Beau Rivage te invita a disfrutar de unas vacaciones de camping \u00fanicas con los pies en el agua, c\u00f3modamente instalado en uno de nuestros alquileres de mobil homes. Ofrecemos a nuestros veraneantes una gama de c\u00f3modos alojamientos que se adaptan a todas sus necesidades. Nuestros mobil homes tienen 2 hasta 4 dormitorios y pueden dormir entre 4 y 8 personas.<\/p>\n\n\n\n<p>Queremos que nuestros hu\u00e9spedes tengan una estancia agradable en nuestro camping de 4 estrellas de la costa mediterr\u00e1nea, en la regi\u00f3n de H\u00e9rault, y eso incluye su elecci\u00f3n de alojamiento. Nuestra amplia gama de mobil homes ofrece a los veraneantes la posibilidad de encontrar el modelo que m\u00e1s les convenga y en el que se sentir\u00e1n perfectamente a gusto durante sus vacaciones de <a href=\"https:\/\/www.camping-beaurivage.fr\/es\/\">camping en M\u00e8ze<\/a>. D\u00e9jate seducir por el entorno mediterr\u00e1neo y el ambiente c\u00e1lido y familiar de nuestro bonito camping de 4 estrellas, donde ser\u00e1 f\u00e1cil relajarse y divertirse, \u00a1as\u00ed que reserva el <strong>alquiler de mobil homes en H\u00e9rault <\/strong>de tus sue\u00f1os a un precio asequible para tus futuras vacaciones de camping en la regi\u00f3n de Occitanie!<\/p>\n","protected":false},"excerpt":{"rendered":"<p>En el coraz\u00f3n de la regi\u00f3n de H\u00e9rault, a orillas del Etang de Thau, nuestro camping de 4 estrellas Beau Rivage te invita a disfrutar de unas vacaciones de camping \u00fanicas con los pies en el agua, c\u00f3modamente instalado en uno de nuestros alquileres de mobil homes. Ofrecemos a nuestros veraneantes una gama de c\u00f3modos [&hellip;]<\/p>\n","protected":false},"author":1,"featured_media":0,"parent":0,"menu_order":0,"comment_status":"closed","ping_status":"closed","template":"","meta":{"_acf_changed":false,"footnotes":""},"class_list":["post-2110","page","type-page","status-publish","hentry"],"acf":[],"yoast_head":"<!-- This site is optimized with the Yoast SEO plugin v27.3 - https:\/\/yoast.com\/product\/yoast-seo-wordpress\/ -->\n<title>Alquiler de mobil home H\u00e9rault: alquiler de mobil home en un camping en H\u00e9rault<\/title>\n<meta name=\"description\" content=\"Elige alquilar una casa m\u00f3vil en el Camping Beau Rivage, en H\u00e9rault, y aprovecha las numerosas instalaciones que te ofrece: parque acu\u00e1tico, casa m\u00f3vil privilegiada...\" \/>\n<meta name=\"robots\" content=\"index, follow, max-snippet:-1, max-image-preview:large, max-video-preview:-1\" \/>\n<link rel=\"canonical\" href=\"https:\/\/www.camping-beaurivage.fr\/es\/alquiler-de-mobil-homes-en-nuestro-camping-de-meze-herault\/\" \/>\n<meta property=\"og:locale\" content=\"es_ES\" \/>\n<meta property=\"og:type\" content=\"article\" \/>\n<meta property=\"og:title\" content=\"Alquiler de mobil home H\u00e9rault: alquiler de mobil home en un camping en H\u00e9rault\" \/>\n<meta property=\"og:description\" content=\"Elige alquilar una casa m\u00f3vil en el Camping Beau Rivage, en H\u00e9rault, y aprovecha las numerosas instalaciones que te ofrece: parque acu\u00e1tico, casa m\u00f3vil privilegiada...\" \/>\n<meta property=\"og:url\" content=\"https:\/\/www.camping-beaurivage.fr\/es\/alquiler-de-mobil-homes-en-nuestro-camping-de-meze-herault\/\" \/>\n<meta property=\"og:site_name\" content=\"Camping Beau Rivage\" \/>\n<meta property=\"article:modified_time\" content=\"2026-03-16T09:58:21+00:00\" \/>\n<meta name=\"twitter:card\" content=\"summary_large_image\" \/>\n<meta name=\"twitter:label1\" content=\"Tiempo de lectura\" \/>\n\t<meta name=\"twitter:data1\" content=\"2 minutos\" \/>\n<script type=\"application\/ld+json\" class=\"yoast-schema-graph\">{\"@context\":\"https:\\\/\\\/schema.org\",\"@graph\":[{\"@type\":\"WebPage\",\"@id\":\"https:\\\/\\\/www.camping-beaurivage.fr\\\/es\\\/alquiler-de-mobil-homes-en-nuestro-camping-de-meze-herault\\\/\",\"url\":\"https:\\\/\\\/www.camping-beaurivage.fr\\\/es\\\/alquiler-de-mobil-homes-en-nuestro-camping-de-meze-herault\\\/\",\"name\":\"Alquiler de mobil home H\u00e9rault: alquiler de mobil home en un camping en H\u00e9rault\",\"isPartOf\":{\"@id\":\"https:\\\/\\\/www.camping-beaurivage.fr\\\/es\\\/#website\"},\"datePublished\":\"2024-08-05T09:09:10+00:00\",\"dateModified\":\"2026-03-16T09:58:21+00:00\",\"description\":\"Elige alquilar una casa m\u00f3vil en el Camping Beau Rivage, en H\u00e9rault, y aprovecha las numerosas instalaciones que te ofrece: parque acu\u00e1tico, casa m\u00f3vil privilegiada...\",\"breadcrumb\":{\"@id\":\"https:\\\/\\\/www.camping-beaurivage.fr\\\/es\\\/alquiler-de-mobil-homes-en-nuestro-camping-de-meze-herault\\\/#breadcrumb\"},\"inLanguage\":\"es\",\"potentialAction\":[{\"@type\":\"ReadAction\",\"target\":[\"https:\\\/\\\/www.camping-beaurivage.fr\\\/es\\\/alquiler-de-mobil-homes-en-nuestro-camping-de-meze-herault\\\/\"]}]},{\"@type\":\"BreadcrumbList\",\"@id\":\"https:\\\/\\\/www.camping-beaurivage.fr\\\/es\\\/alquiler-de-mobil-homes-en-nuestro-camping-de-meze-herault\\\/#breadcrumb\",\"itemListElement\":[{\"@type\":\"ListItem\",\"position\":1,\"name\":\"Accueil\",\"item\":\"https:\\\/\\\/www.camping-beaurivage.fr\\\/es\\\/\"},{\"@type\":\"ListItem\",\"position\":2,\"name\":\"Alquiler de mobil homes en nuestro camping de M\u00e8ze, H\u00e9rault\"}]},{\"@type\":\"WebSite\",\"@id\":\"https:\\\/\\\/www.camping-beaurivage.fr\\\/es\\\/#website\",\"url\":\"https:\\\/\\\/www.camping-beaurivage.fr\\\/es\\\/\",\"name\":\"Camping 1\",\"description\":\"\",\"potentialAction\":[{\"@type\":\"SearchAction\",\"target\":{\"@type\":\"EntryPoint\",\"urlTemplate\":\"https:\\\/\\\/www.camping-beaurivage.fr\\\/es\\\/?s={search_term_string}\"},\"query-input\":{\"@type\":\"PropertyValueSpecification\",\"valueRequired\":true,\"valueName\":\"search_term_string\"}}],\"inLanguage\":\"es\"}]}<\/script>\n<!-- \/ Yoast SEO plugin. -->","yoast_head_json":{"title":"Alquiler de mobil home H\u00e9rault: alquiler de mobil home en un camping en H\u00e9rault","description":"Elige alquilar una casa m\u00f3vil en el Camping Beau Rivage, en H\u00e9rault, y aprovecha las numerosas instalaciones que te ofrece: parque acu\u00e1tico, casa m\u00f3vil privilegiada...","robots":{"index":"index","follow":"follow","max-snippet":"max-snippet:-1","max-image-preview":"max-image-preview:large","max-video-preview":"max-video-preview:-1"},"canonical":"https:\/\/www.camping-beaurivage.fr\/es\/alquiler-de-mobil-homes-en-nuestro-camping-de-meze-herault\/","og_locale":"es_ES","og_type":"article","og_title":"Alquiler de mobil home H\u00e9rault: alquiler de mobil home en un camping en H\u00e9rault","og_description":"Elige alquilar una casa m\u00f3vil en el Camping Beau Rivage, en H\u00e9rault, y aprovecha las numerosas instalaciones que te ofrece: parque acu\u00e1tico, casa m\u00f3vil privilegiada...","og_url":"https:\/\/www.camping-beaurivage.fr\/es\/alquiler-de-mobil-homes-en-nuestro-camping-de-meze-herault\/","og_site_name":"Camping Beau Rivage","article_modified_time":"2026-03-16T09:58:21+00:00","twitter_card":"summary_large_image","twitter_misc":{"Tiempo de lectura":"2 minutos"},"schema":{"@context":"https:\/\/schema.org","@graph":[{"@type":"WebPage","@id":"https:\/\/www.camping-beaurivage.fr\/es\/alquiler-de-mobil-homes-en-nuestro-camping-de-meze-herault\/","url":"https:\/\/www.camping-beaurivage.fr\/es\/alquiler-de-mobil-homes-en-nuestro-camping-de-meze-herault\/","name":"Alquiler de mobil home H\u00e9rault: alquiler de mobil home en un camping en H\u00e9rault","isPartOf":{"@id":"https:\/\/www.camping-beaurivage.fr\/es\/#website"},"datePublished":"2024-08-05T09:09:10+00:00","dateModified":"2026-03-16T09:58:21+00:00","description":"Elige alquilar una casa m\u00f3vil en el Camping Beau Rivage, en H\u00e9rault, y aprovecha las numerosas instalaciones que te ofrece: parque acu\u00e1tico, casa m\u00f3vil privilegiada...","breadcrumb":{"@id":"https:\/\/www.camping-beaurivage.fr\/es\/alquiler-de-mobil-homes-en-nuestro-camping-de-meze-herault\/#breadcrumb"},"inLanguage":"es","potentialAction":[{"@type":"ReadAction","target":["https:\/\/www.camping-beaurivage.fr\/es\/alquiler-de-mobil-homes-en-nuestro-camping-de-meze-herault\/"]}]},{"@type":"BreadcrumbList","@id":"https:\/\/www.camping-beaurivage.fr\/es\/alquiler-de-mobil-homes-en-nuestro-camping-de-meze-herault\/#breadcrumb","itemListElement":[{"@type":"ListItem","position":1,"name":"Accueil","item":"https:\/\/www.camping-beaurivage.fr\/es\/"},{"@type":"ListItem","position":2,"name":"Alquiler de mobil homes en nuestro camping de M\u00e8ze, H\u00e9rault"}]},{"@type":"WebSite","@id":"https:\/\/www.camping-beaurivage.fr\/es\/#website","url":"https:\/\/www.camping-beaurivage.fr\/es\/","name":"Camping 1","description":"","potentialAction":[{"@type":"SearchAction","target":{"@type":"EntryPoint","urlTemplate":"https:\/\/www.camping-beaurivage.fr\/es\/?s={search_term_string}"},"query-input":{"@type":"PropertyValueSpecification","valueRequired":true,"valueName":"search_term_string"}}],"inLanguage":"es"}]}},"_links":{"self":[{"href":"https:\/\/www.camping-beaurivage.fr\/es\/wp-json\/wp\/v2\/pages\/2110","targetHints":{"allow":["GET"]}}],"collection":[{"href":"https:\/\/www.camping-beaurivage.fr\/es\/wp-json\/wp\/v2\/pages"}],"about":[{"href":"https:\/\/www.camping-beaurivage.fr\/es\/wp-json\/wp\/v2\/types\/page"}],"author":[{"embeddable":true,"href":"https:\/\/www.camping-beaurivage.fr\/es\/wp-json\/wp\/v2\/users\/1"}],"replies":[{"embeddable":true,"href":"https:\/\/www.camping-beaurivage.fr\/es\/wp-json\/wp\/v2\/comments?post=2110"}],"version-history":[{"count":9,"href":"https:\/\/www.camping-beaurivage.fr\/es\/wp-json\/wp\/v2\/pages\/2110\/revisions"}],"predecessor-version":[{"id":528338,"href":"https:\/\/www.camping-beaurivage.fr\/es\/wp-json\/wp\/v2\/pages\/2110\/revisions\/528338"}],"wp:attachment":[{"href":"https:\/\/www.camping-beaurivage.fr\/es\/wp-json\/wp\/v2\/media?parent=2110"}],"curies":[{"name":"wp","href":"https:\/\/api.w.org\/{rel}","templated":true}]}}