{"id":2127,"date":"2024-08-05T11:09:21","date_gmt":"2024-08-05T09:09:21","guid":{"rendered":"https:\/\/www.camping-beaurivage.fr\/camping-con-parque-acuatico-en-herault\/"},"modified":"2026-03-16T11:05:45","modified_gmt":"2026-03-16T10:05:45","slug":"camping-con-parque-acuatico-en-herault","status":"publish","type":"page","link":"https:\/\/www.camping-beaurivage.fr\/es\/camping-con-parque-acuatico-en-herault\/","title":{"rendered":"Camping con parque acu\u00e1tico en H\u00e9rault"},"content":{"rendered":"\n<p>La Occitania est\u00e1 reconocida como una de las regiones m\u00e1s soleadas de Francia, con un clima muy agradable, \u00a1lo que la convierte en un destino ideal para los veraneantes! El buen tiempo y las temperaturas muy favorables del departamento del H\u00e9rault te dar\u00e1n ganas de ba\u00f1arte m\u00e1s de una vez.<\/p>\n\n<p>Nuestro <a href=\"https:\/\/www.camping-beaurivage.fr\/es\/\">camping Beau Rivage de M\u00e8ze<\/a> dispone de un bonito parque acu\u00e1tico para que los veraneantes que se alojen en nuestro camping puedan disfrutar de los placeres del agua en familia \u00a1a cualquier hora del d\u00eda!<\/p>\n\n<p>Una de las bazas de nuestro <strong>camping en el H\u00e9rault con parque acu\u00e1tico<\/strong> es sin duda su situaci\u00f3n geogr\u00e1fica ideal, a orillas del Etang de Thau en el H\u00e9rault y su proximidad al Mediterr\u00e1neo, lo que te permitir\u00e1 aprovechar tanto las atracciones del lago como los placeres de la orilla del mar para variar los placeres durante tus vacaciones en nuestro establecimiento de 4 estrellas.<\/p>\n","protected":false},"excerpt":{"rendered":"<p>La Occitania est\u00e1 reconocida como una de las regiones m\u00e1s soleadas de Francia, con un clima muy agradable, \u00a1lo que la convierte en un destino ideal para los veraneantes! El buen tiempo y las temperaturas muy favorables del departamento del H\u00e9rault te dar\u00e1n ganas de ba\u00f1arte m\u00e1s de una vez. Nuestro camping Beau Rivage de [&hellip;]<\/p>\n","protected":false},"author":1,"featured_media":0,"parent":0,"menu_order":0,"comment_status":"closed","ping_status":"closed","template":"","meta":{"_acf_changed":false,"footnotes":""},"class_list":["post-2127","page","type-page","status-publish","hentry"],"acf":[],"yoast_head":"<!-- This site is optimized with the Yoast SEO plugin v27.3 - https:\/\/yoast.com\/product\/yoast-seo-wordpress\/ -->\n<title>Parque acu\u00e1tico del camping H\u00e9rault: \u00a1un parque acu\u00e1tico en el camping H\u00e9rault!<\/title>\n<meta name=\"description\" content=\"Aprovecha el parque acu\u00e1tico durante tus vacaciones en H\u00e9rault en el Camping Beau Rivage: \u00a1rel\u00e1jate en la piscina mientras tus hijos se divierten!\" \/>\n<meta name=\"robots\" content=\"index, follow, max-snippet:-1, max-image-preview:large, max-video-preview:-1\" \/>\n<link rel=\"canonical\" href=\"https:\/\/www.camping-beaurivage.fr\/es\/camping-con-parque-acuatico-en-herault\/\" \/>\n<meta property=\"og:locale\" content=\"es_ES\" \/>\n<meta property=\"og:type\" content=\"article\" \/>\n<meta property=\"og:title\" content=\"Parque acu\u00e1tico del camping H\u00e9rault: \u00a1un parque acu\u00e1tico en el camping H\u00e9rault!\" \/>\n<meta property=\"og:description\" content=\"Aprovecha el parque acu\u00e1tico durante tus vacaciones en H\u00e9rault en el Camping Beau Rivage: \u00a1rel\u00e1jate en la piscina mientras tus hijos se divierten!\" \/>\n<meta property=\"og:url\" content=\"https:\/\/www.camping-beaurivage.fr\/es\/camping-con-parque-acuatico-en-herault\/\" \/>\n<meta property=\"og:site_name\" content=\"Camping Beau Rivage\" \/>\n<meta property=\"article:modified_time\" content=\"2026-03-16T10:05:45+00:00\" \/>\n<meta name=\"twitter:card\" content=\"summary_large_image\" \/>\n<meta name=\"twitter:label1\" content=\"Tiempo de lectura\" \/>\n\t<meta name=\"twitter:data1\" content=\"1 minuto\" \/>\n<script type=\"application\/ld+json\" class=\"yoast-schema-graph\">{\"@context\":\"https:\\\/\\\/schema.org\",\"@graph\":[{\"@type\":\"WebPage\",\"@id\":\"https:\\\/\\\/www.camping-beaurivage.fr\\\/es\\\/camping-con-parque-acuatico-en-herault\\\/\",\"url\":\"https:\\\/\\\/www.camping-beaurivage.fr\\\/es\\\/camping-con-parque-acuatico-en-herault\\\/\",\"name\":\"Parque acu\u00e1tico del camping H\u00e9rault: \u00a1un parque acu\u00e1tico en el camping H\u00e9rault!\",\"isPartOf\":{\"@id\":\"https:\\\/\\\/www.camping-beaurivage.fr\\\/es\\\/#website\"},\"datePublished\":\"2024-08-05T09:09:21+00:00\",\"dateModified\":\"2026-03-16T10:05:45+00:00\",\"description\":\"Aprovecha el parque acu\u00e1tico durante tus vacaciones en H\u00e9rault en el Camping Beau Rivage: \u00a1rel\u00e1jate en la piscina mientras tus hijos se divierten!\",\"breadcrumb\":{\"@id\":\"https:\\\/\\\/www.camping-beaurivage.fr\\\/es\\\/camping-con-parque-acuatico-en-herault\\\/#breadcrumb\"},\"inLanguage\":\"es\",\"potentialAction\":[{\"@type\":\"ReadAction\",\"target\":[\"https:\\\/\\\/www.camping-beaurivage.fr\\\/es\\\/camping-con-parque-acuatico-en-herault\\\/\"]}]},{\"@type\":\"BreadcrumbList\",\"@id\":\"https:\\\/\\\/www.camping-beaurivage.fr\\\/es\\\/camping-con-parque-acuatico-en-herault\\\/#breadcrumb\",\"itemListElement\":[{\"@type\":\"ListItem\",\"position\":1,\"name\":\"Accueil\",\"item\":\"https:\\\/\\\/www.camping-beaurivage.fr\\\/es\\\/\"},{\"@type\":\"ListItem\",\"position\":2,\"name\":\"Camping con parque acu\u00e1tico en H\u00e9rault\"}]},{\"@type\":\"WebSite\",\"@id\":\"https:\\\/\\\/www.camping-beaurivage.fr\\\/es\\\/#website\",\"url\":\"https:\\\/\\\/www.camping-beaurivage.fr\\\/es\\\/\",\"name\":\"Camping 1\",\"description\":\"\",\"potentialAction\":[{\"@type\":\"SearchAction\",\"target\":{\"@type\":\"EntryPoint\",\"urlTemplate\":\"https:\\\/\\\/www.camping-beaurivage.fr\\\/es\\\/?s={search_term_string}\"},\"query-input\":{\"@type\":\"PropertyValueSpecification\",\"valueRequired\":true,\"valueName\":\"search_term_string\"}}],\"inLanguage\":\"es\"}]}<\/script>\n<!-- \/ Yoast SEO plugin. -->","yoast_head_json":{"title":"Parque acu\u00e1tico del camping H\u00e9rault: \u00a1un parque acu\u00e1tico en el camping H\u00e9rault!","description":"Aprovecha el parque acu\u00e1tico durante tus vacaciones en H\u00e9rault en el Camping Beau Rivage: \u00a1rel\u00e1jate en la piscina mientras tus hijos se divierten!","robots":{"index":"index","follow":"follow","max-snippet":"max-snippet:-1","max-image-preview":"max-image-preview:large","max-video-preview":"max-video-preview:-1"},"canonical":"https:\/\/www.camping-beaurivage.fr\/es\/camping-con-parque-acuatico-en-herault\/","og_locale":"es_ES","og_type":"article","og_title":"Parque acu\u00e1tico del camping H\u00e9rault: \u00a1un parque acu\u00e1tico en el camping H\u00e9rault!","og_description":"Aprovecha el parque acu\u00e1tico durante tus vacaciones en H\u00e9rault en el Camping Beau Rivage: \u00a1rel\u00e1jate en la piscina mientras tus hijos se divierten!","og_url":"https:\/\/www.camping-beaurivage.fr\/es\/camping-con-parque-acuatico-en-herault\/","og_site_name":"Camping Beau Rivage","article_modified_time":"2026-03-16T10:05:45+00:00","twitter_card":"summary_large_image","twitter_misc":{"Tiempo de lectura":"1 minuto"},"schema":{"@context":"https:\/\/schema.org","@graph":[{"@type":"WebPage","@id":"https:\/\/www.camping-beaurivage.fr\/es\/camping-con-parque-acuatico-en-herault\/","url":"https:\/\/www.camping-beaurivage.fr\/es\/camping-con-parque-acuatico-en-herault\/","name":"Parque acu\u00e1tico del camping H\u00e9rault: \u00a1un parque acu\u00e1tico en el camping H\u00e9rault!","isPartOf":{"@id":"https:\/\/www.camping-beaurivage.fr\/es\/#website"},"datePublished":"2024-08-05T09:09:21+00:00","dateModified":"2026-03-16T10:05:45+00:00","description":"Aprovecha el parque acu\u00e1tico durante tus vacaciones en H\u00e9rault en el Camping Beau Rivage: \u00a1rel\u00e1jate en la piscina mientras tus hijos se divierten!","breadcrumb":{"@id":"https:\/\/www.camping-beaurivage.fr\/es\/camping-con-parque-acuatico-en-herault\/#breadcrumb"},"inLanguage":"es","potentialAction":[{"@type":"ReadAction","target":["https:\/\/www.camping-beaurivage.fr\/es\/camping-con-parque-acuatico-en-herault\/"]}]},{"@type":"BreadcrumbList","@id":"https:\/\/www.camping-beaurivage.fr\/es\/camping-con-parque-acuatico-en-herault\/#breadcrumb","itemListElement":[{"@type":"ListItem","position":1,"name":"Accueil","item":"https:\/\/www.camping-beaurivage.fr\/es\/"},{"@type":"ListItem","position":2,"name":"Camping con parque acu\u00e1tico en H\u00e9rault"}]},{"@type":"WebSite","@id":"https:\/\/www.camping-beaurivage.fr\/es\/#website","url":"https:\/\/www.camping-beaurivage.fr\/es\/","name":"Camping 1","description":"","potentialAction":[{"@type":"SearchAction","target":{"@type":"EntryPoint","urlTemplate":"https:\/\/www.camping-beaurivage.fr\/es\/?s={search_term_string}"},"query-input":{"@type":"PropertyValueSpecification","valueRequired":true,"valueName":"search_term_string"}}],"inLanguage":"es"}]}},"_links":{"self":[{"href":"https:\/\/www.camping-beaurivage.fr\/es\/wp-json\/wp\/v2\/pages\/2127","targetHints":{"allow":["GET"]}}],"collection":[{"href":"https:\/\/www.camping-beaurivage.fr\/es\/wp-json\/wp\/v2\/pages"}],"about":[{"href":"https:\/\/www.camping-beaurivage.fr\/es\/wp-json\/wp\/v2\/types\/page"}],"author":[{"embeddable":true,"href":"https:\/\/www.camping-beaurivage.fr\/es\/wp-json\/wp\/v2\/users\/1"}],"replies":[{"embeddable":true,"href":"https:\/\/www.camping-beaurivage.fr\/es\/wp-json\/wp\/v2\/comments?post=2127"}],"version-history":[{"count":9,"href":"https:\/\/www.camping-beaurivage.fr\/es\/wp-json\/wp\/v2\/pages\/2127\/revisions"}],"predecessor-version":[{"id":528344,"href":"https:\/\/www.camping-beaurivage.fr\/es\/wp-json\/wp\/v2\/pages\/2127\/revisions\/528344"}],"wp:attachment":[{"href":"https:\/\/www.camping-beaurivage.fr\/es\/wp-json\/wp\/v2\/media?parent=2127"}],"curies":[{"name":"wp","href":"https:\/\/api.w.org\/{rel}","templated":true}]}}