{"id":2162,"date":"2024-08-05T11:09:39","date_gmt":"2024-08-05T09:09:39","guid":{"rendered":"https:\/\/www.camping-beaurivage.fr\/vacaciones-en-un-marco-excepcional-en-francia-en-un-camping-ciela-village-grupo-hotelero-al-aire-libre-de-alta-gama\/"},"modified":"2024-08-08T14:57:28","modified_gmt":"2024-08-08T12:57:28","slug":"carte-des-campings","status":"publish","type":"page","link":"https:\/\/www.camping-beaurivage.fr\/es\/carte-des-campings\/","title":{"rendered":"Vacaciones en un marco excepcional en Francia, en un camping Ciela Village, grupo hotelero al aire libre de alta gama"},"content":{"rendered":"\n<p>\u00bfBuscas unas vacaciones inolvidables en Francia en un entorno excepcional?<\/p>\n\n\n\n<p>Cuando eliges un camping del grupo de hoteles al aire libre Ciela Village, puedes estar seguro de disfrutar de un establecimiento situado en un entorno natural excepcional y de una ubicaci\u00f3n ideal para descubrir toda la regi\u00f3n en la que pasas tus vacaciones.  <\/p>\n\n\n\n<p>\u00bfCu\u00e1l de nuestros destinos te llamar\u00e1 la atenci\u00f3n de entre las muchas y bellas regiones de Francia: Verdon, Ard\u00e8che, Vaucluse, Provenza, Occitanie, etc.<\/p>\n\n\n\n<p>En nuestros campings tenemos todo lo que necesitas para pasar unas vacaciones de ensue\u00f1o: un entorno de ensue\u00f1o, alojamiento de calidad, instalaciones acu\u00e1ticas, deportivas y de ocio, \u00a1y un mont\u00f3n de entretenimiento para que toda la familia est\u00e9 entretenida!<\/p>\n\n\n\n<p>Es la combinaci\u00f3n perfecta para las vacaciones de camping con las que todos so\u00f1amos.<\/p>\n\n\n\n<p>Encuentra el camping adecuado para tus pr\u00f3ximas vacaciones visitando nuestro sitio web Ciela Village.<\/p>\n","protected":false},"excerpt":{"rendered":"<p>\u00bfBuscas unas vacaciones inolvidables en Francia en un entorno excepcional? Cuando eliges un camping del grupo de hoteles al aire libre Ciela Village, puedes estar seguro de disfrutar de un establecimiento situado en un entorno natural excepcional y de una ubicaci\u00f3n ideal para descubrir toda la regi\u00f3n en la que pasas tus vacaciones. \u00bfCu\u00e1l de [&hellip;]<\/p>\n","protected":false},"author":1,"featured_media":0,"parent":0,"menu_order":0,"comment_status":"closed","ping_status":"open","template":"","meta":{"_acf_changed":false,"footnotes":""},"class_list":["post-2162","page","type-page","status-publish","hentry"],"acf":[],"yoast_head":"<!-- This site is optimized with the Yoast SEO plugin v27.3 - https:\/\/yoast.com\/product\/yoast-seo-wordpress\/ -->\n<title>Vacaciones en un marco excepcional en Francia, en un camping Ciela Village, grupo hotelero al aire libre de alta gama - Camping Beau Rivage<\/title>\n<meta name=\"robots\" content=\"index, follow, max-snippet:-1, max-image-preview:large, max-video-preview:-1\" \/>\n<link rel=\"canonical\" href=\"https:\/\/www.camping-beaurivage.fr\/es\/carte-des-campings\/\" \/>\n<meta property=\"og:locale\" content=\"es_ES\" \/>\n<meta property=\"og:type\" content=\"article\" \/>\n<meta property=\"og:title\" content=\"Vacaciones en un marco excepcional en Francia, en un camping Ciela Village, grupo hotelero al aire libre de alta gama - Camping Beau Rivage\" \/>\n<meta property=\"og:description\" content=\"\u00bfBuscas unas vacaciones inolvidables en Francia en un entorno excepcional? Cuando eliges un camping del grupo de hoteles al aire libre Ciela Village, puedes estar seguro de disfrutar de un establecimiento situado en un entorno natural excepcional y de una ubicaci\u00f3n ideal para descubrir toda la regi\u00f3n en la que pasas tus vacaciones. \u00bfCu\u00e1l de [&hellip;]\" \/>\n<meta property=\"og:url\" content=\"https:\/\/www.camping-beaurivage.fr\/es\/carte-des-campings\/\" \/>\n<meta property=\"og:site_name\" content=\"Camping Beau Rivage\" \/>\n<meta property=\"article:modified_time\" content=\"2024-08-08T12:57:28+00:00\" \/>\n<meta name=\"twitter:card\" content=\"summary_large_image\" \/>\n<meta name=\"twitter:label1\" content=\"Tiempo de lectura\" \/>\n\t<meta name=\"twitter:data1\" content=\"1 minuto\" \/>\n<script type=\"application\/ld+json\" class=\"yoast-schema-graph\">{\"@context\":\"https:\\\/\\\/schema.org\",\"@graph\":[{\"@type\":\"WebPage\",\"@id\":\"https:\\\/\\\/www.camping-beaurivage.fr\\\/es\\\/carte-des-campings\\\/\",\"url\":\"https:\\\/\\\/www.camping-beaurivage.fr\\\/es\\\/carte-des-campings\\\/\",\"name\":\"Vacaciones en un marco excepcional en Francia, en un camping Ciela Village, grupo hotelero al aire libre de alta gama - Camping Beau Rivage\",\"isPartOf\":{\"@id\":\"https:\\\/\\\/www.camping-beaurivage.fr\\\/es\\\/#website\"},\"datePublished\":\"2024-08-05T09:09:39+00:00\",\"dateModified\":\"2024-08-08T12:57:28+00:00\",\"breadcrumb\":{\"@id\":\"https:\\\/\\\/www.camping-beaurivage.fr\\\/es\\\/carte-des-campings\\\/#breadcrumb\"},\"inLanguage\":\"es\",\"potentialAction\":[{\"@type\":\"ReadAction\",\"target\":[\"https:\\\/\\\/www.camping-beaurivage.fr\\\/es\\\/carte-des-campings\\\/\"]}]},{\"@type\":\"BreadcrumbList\",\"@id\":\"https:\\\/\\\/www.camping-beaurivage.fr\\\/es\\\/carte-des-campings\\\/#breadcrumb\",\"itemListElement\":[{\"@type\":\"ListItem\",\"position\":1,\"name\":\"Accueil\",\"item\":\"https:\\\/\\\/www.camping-beaurivage.fr\\\/es\\\/\"},{\"@type\":\"ListItem\",\"position\":2,\"name\":\"Vacaciones en un marco excepcional en Francia, en un camping Ciela Village, grupo hotelero al aire libre de alta gama\"}]},{\"@type\":\"WebSite\",\"@id\":\"https:\\\/\\\/www.camping-beaurivage.fr\\\/es\\\/#website\",\"url\":\"https:\\\/\\\/www.camping-beaurivage.fr\\\/es\\\/\",\"name\":\"Camping 1\",\"description\":\"\",\"potentialAction\":[{\"@type\":\"SearchAction\",\"target\":{\"@type\":\"EntryPoint\",\"urlTemplate\":\"https:\\\/\\\/www.camping-beaurivage.fr\\\/es\\\/?s={search_term_string}\"},\"query-input\":{\"@type\":\"PropertyValueSpecification\",\"valueRequired\":true,\"valueName\":\"search_term_string\"}}],\"inLanguage\":\"es\"}]}<\/script>\n<!-- \/ Yoast SEO plugin. -->","yoast_head_json":{"title":"Vacaciones en un marco excepcional en Francia, en un camping Ciela Village, grupo hotelero al aire libre de alta gama - Camping Beau Rivage","robots":{"index":"index","follow":"follow","max-snippet":"max-snippet:-1","max-image-preview":"max-image-preview:large","max-video-preview":"max-video-preview:-1"},"canonical":"https:\/\/www.camping-beaurivage.fr\/es\/carte-des-campings\/","og_locale":"es_ES","og_type":"article","og_title":"Vacaciones en un marco excepcional en Francia, en un camping Ciela Village, grupo hotelero al aire libre de alta gama - Camping Beau Rivage","og_description":"\u00bfBuscas unas vacaciones inolvidables en Francia en un entorno excepcional? Cuando eliges un camping del grupo de hoteles al aire libre Ciela Village, puedes estar seguro de disfrutar de un establecimiento situado en un entorno natural excepcional y de una ubicaci\u00f3n ideal para descubrir toda la regi\u00f3n en la que pasas tus vacaciones. \u00bfCu\u00e1l de [&hellip;]","og_url":"https:\/\/www.camping-beaurivage.fr\/es\/carte-des-campings\/","og_site_name":"Camping Beau Rivage","article_modified_time":"2024-08-08T12:57:28+00:00","twitter_card":"summary_large_image","twitter_misc":{"Tiempo de lectura":"1 minuto"},"schema":{"@context":"https:\/\/schema.org","@graph":[{"@type":"WebPage","@id":"https:\/\/www.camping-beaurivage.fr\/es\/carte-des-campings\/","url":"https:\/\/www.camping-beaurivage.fr\/es\/carte-des-campings\/","name":"Vacaciones en un marco excepcional en Francia, en un camping Ciela Village, grupo hotelero al aire libre de alta gama - Camping Beau Rivage","isPartOf":{"@id":"https:\/\/www.camping-beaurivage.fr\/es\/#website"},"datePublished":"2024-08-05T09:09:39+00:00","dateModified":"2024-08-08T12:57:28+00:00","breadcrumb":{"@id":"https:\/\/www.camping-beaurivage.fr\/es\/carte-des-campings\/#breadcrumb"},"inLanguage":"es","potentialAction":[{"@type":"ReadAction","target":["https:\/\/www.camping-beaurivage.fr\/es\/carte-des-campings\/"]}]},{"@type":"BreadcrumbList","@id":"https:\/\/www.camping-beaurivage.fr\/es\/carte-des-campings\/#breadcrumb","itemListElement":[{"@type":"ListItem","position":1,"name":"Accueil","item":"https:\/\/www.camping-beaurivage.fr\/es\/"},{"@type":"ListItem","position":2,"name":"Vacaciones en un marco excepcional en Francia, en un camping Ciela Village, grupo hotelero al aire libre de alta gama"}]},{"@type":"WebSite","@id":"https:\/\/www.camping-beaurivage.fr\/es\/#website","url":"https:\/\/www.camping-beaurivage.fr\/es\/","name":"Camping 1","description":"","potentialAction":[{"@type":"SearchAction","target":{"@type":"EntryPoint","urlTemplate":"https:\/\/www.camping-beaurivage.fr\/es\/?s={search_term_string}"},"query-input":{"@type":"PropertyValueSpecification","valueRequired":true,"valueName":"search_term_string"}}],"inLanguage":"es"}]}},"_links":{"self":[{"href":"https:\/\/www.camping-beaurivage.fr\/es\/wp-json\/wp\/v2\/pages\/2162","targetHints":{"allow":["GET"]}}],"collection":[{"href":"https:\/\/www.camping-beaurivage.fr\/es\/wp-json\/wp\/v2\/pages"}],"about":[{"href":"https:\/\/www.camping-beaurivage.fr\/es\/wp-json\/wp\/v2\/types\/page"}],"author":[{"embeddable":true,"href":"https:\/\/www.camping-beaurivage.fr\/es\/wp-json\/wp\/v2\/users\/1"}],"replies":[{"embeddable":true,"href":"https:\/\/www.camping-beaurivage.fr\/es\/wp-json\/wp\/v2\/comments?post=2162"}],"version-history":[{"count":2,"href":"https:\/\/www.camping-beaurivage.fr\/es\/wp-json\/wp\/v2\/pages\/2162\/revisions"}],"predecessor-version":[{"id":2404,"href":"https:\/\/www.camping-beaurivage.fr\/es\/wp-json\/wp\/v2\/pages\/2162\/revisions\/2404"}],"wp:attachment":[{"href":"https:\/\/www.camping-beaurivage.fr\/es\/wp-json\/wp\/v2\/media?parent=2162"}],"curies":[{"name":"wp","href":"https:\/\/api.w.org\/{rel}","templated":true}]}}