{"id":2210,"date":"2024-08-05T11:14:14","date_gmt":"2024-08-05T09:14:14","guid":{"rendered":"https:\/\/www.camping-beaurivage.fr\/alquiler-de-parcelas-de-camping-en-herault\/"},"modified":"2026-03-16T10:43:42","modified_gmt":"2026-03-16T09:43:42","slug":"parcelas-en-herault","status":"publish","type":"page","link":"https:\/\/www.camping-beaurivage.fr\/es\/parcelas-en-herault\/","title":{"rendered":"Alquiler de parcelas de camping en H\u00e9rault"},"content":{"rendered":"\n<p>Para tus pr\u00f3ximas vacaciones en el H\u00e9rault, en el sur de Francia, \u00bfquieres estar lo m\u00e1s cerca posible de la naturaleza? \u00a1No hay mejor opci\u00f3n que optar por unas vacaciones a campo desnudo! Nuestro <a href=\"https:\/\/www.camping-beaurivage.fr\/es\/\">camping Beau Rivage de M\u00e8ze<\/a>, a orillas del Etang de Thau, ofrece amplias parcelas bordeadas de vegetaci\u00f3n donde podr\u00e1s disfrutar plenamente de tus vacaciones en familia sin preocuparte por la intimidad. Tanto si prefieres dormir en tienda, caravana o autocaravana, nuestras bonitas y cuidadas parcelas vac\u00edas te ofrecen todas las comodidades que necesitas para unas vacaciones que recordar\u00e1s durante mucho tiempo. <br><\/p>\n","protected":false},"excerpt":{"rendered":"<p>Para tus pr\u00f3ximas vacaciones en el H\u00e9rault, en el sur de Francia, \u00bfquieres estar lo m\u00e1s cerca posible de la naturaleza? \u00a1No hay mejor opci\u00f3n que optar por unas vacaciones a campo desnudo! Nuestro camping Beau Rivage de M\u00e8ze, a orillas del Etang de Thau, ofrece amplias parcelas bordeadas de vegetaci\u00f3n donde podr\u00e1s disfrutar plenamente [&hellip;]<\/p>\n","protected":false},"author":1,"featured_media":0,"parent":0,"menu_order":0,"comment_status":"closed","ping_status":"closed","template":"","meta":{"_acf_changed":false,"footnotes":""},"class_list":["post-2210","page","type-page","status-publish","hentry"],"acf":[],"yoast_head":"<!-- This site is optimized with the Yoast SEO plugin v27.3 - https:\/\/yoast.com\/product\/yoast-seo-wordpress\/ -->\n<title>Parcelas de camping H\u00e9rault: alquila tu parcela de camping<\/title>\n<meta name=\"description\" content=\"Alquila una parcela de camping en H\u00e9rault: monta tu tienda, caravana o autocaravana y \u00a1disfruta de tu estancia!\" \/>\n<meta name=\"robots\" content=\"index, follow, max-snippet:-1, max-image-preview:large, max-video-preview:-1\" \/>\n<link rel=\"canonical\" href=\"https:\/\/www.camping-beaurivage.fr\/es\/parcelas-en-herault\/\" \/>\n<meta property=\"og:locale\" content=\"es_ES\" \/>\n<meta property=\"og:type\" content=\"article\" \/>\n<meta property=\"og:title\" content=\"Parcelas de camping H\u00e9rault: alquila tu parcela de camping\" \/>\n<meta property=\"og:description\" content=\"Alquila una parcela de camping en H\u00e9rault: monta tu tienda, caravana o autocaravana y \u00a1disfruta de tu estancia!\" \/>\n<meta property=\"og:url\" content=\"https:\/\/www.camping-beaurivage.fr\/es\/parcelas-en-herault\/\" \/>\n<meta property=\"og:site_name\" content=\"Camping Beau Rivage\" \/>\n<meta property=\"article:modified_time\" content=\"2026-03-16T09:43:42+00:00\" \/>\n<meta name=\"twitter:card\" content=\"summary_large_image\" \/>\n<meta name=\"twitter:label1\" content=\"Tiempo de lectura\" \/>\n\t<meta name=\"twitter:data1\" content=\"1 minuto\" \/>\n<script type=\"application\/ld+json\" class=\"yoast-schema-graph\">{\"@context\":\"https:\\\/\\\/schema.org\",\"@graph\":[{\"@type\":\"WebPage\",\"@id\":\"https:\\\/\\\/www.camping-beaurivage.fr\\\/es\\\/parcelas-en-herault\\\/\",\"url\":\"https:\\\/\\\/www.camping-beaurivage.fr\\\/es\\\/parcelas-en-herault\\\/\",\"name\":\"Parcelas de camping H\u00e9rault: alquila tu parcela de camping\",\"isPartOf\":{\"@id\":\"https:\\\/\\\/www.camping-beaurivage.fr\\\/es\\\/#website\"},\"datePublished\":\"2024-08-05T09:14:14+00:00\",\"dateModified\":\"2026-03-16T09:43:42+00:00\",\"description\":\"Alquila una parcela de camping en H\u00e9rault: monta tu tienda, caravana o autocaravana y \u00a1disfruta de tu estancia!\",\"breadcrumb\":{\"@id\":\"https:\\\/\\\/www.camping-beaurivage.fr\\\/es\\\/parcelas-en-herault\\\/#breadcrumb\"},\"inLanguage\":\"es\",\"potentialAction\":[{\"@type\":\"ReadAction\",\"target\":[\"https:\\\/\\\/www.camping-beaurivage.fr\\\/es\\\/parcelas-en-herault\\\/\"]}]},{\"@type\":\"BreadcrumbList\",\"@id\":\"https:\\\/\\\/www.camping-beaurivage.fr\\\/es\\\/parcelas-en-herault\\\/#breadcrumb\",\"itemListElement\":[{\"@type\":\"ListItem\",\"position\":1,\"name\":\"Accueil\",\"item\":\"https:\\\/\\\/www.camping-beaurivage.fr\\\/es\\\/\"},{\"@type\":\"ListItem\",\"position\":2,\"name\":\"Alquiler de parcelas de camping en H\u00e9rault\"}]},{\"@type\":\"WebSite\",\"@id\":\"https:\\\/\\\/www.camping-beaurivage.fr\\\/es\\\/#website\",\"url\":\"https:\\\/\\\/www.camping-beaurivage.fr\\\/es\\\/\",\"name\":\"Camping 1\",\"description\":\"\",\"potentialAction\":[{\"@type\":\"SearchAction\",\"target\":{\"@type\":\"EntryPoint\",\"urlTemplate\":\"https:\\\/\\\/www.camping-beaurivage.fr\\\/es\\\/?s={search_term_string}\"},\"query-input\":{\"@type\":\"PropertyValueSpecification\",\"valueRequired\":true,\"valueName\":\"search_term_string\"}}],\"inLanguage\":\"es\"}]}<\/script>\n<!-- \/ Yoast SEO plugin. -->","yoast_head_json":{"title":"Parcelas de camping H\u00e9rault: alquila tu parcela de camping","description":"Alquila una parcela de camping en H\u00e9rault: monta tu tienda, caravana o autocaravana y \u00a1disfruta de tu estancia!","robots":{"index":"index","follow":"follow","max-snippet":"max-snippet:-1","max-image-preview":"max-image-preview:large","max-video-preview":"max-video-preview:-1"},"canonical":"https:\/\/www.camping-beaurivage.fr\/es\/parcelas-en-herault\/","og_locale":"es_ES","og_type":"article","og_title":"Parcelas de camping H\u00e9rault: alquila tu parcela de camping","og_description":"Alquila una parcela de camping en H\u00e9rault: monta tu tienda, caravana o autocaravana y \u00a1disfruta de tu estancia!","og_url":"https:\/\/www.camping-beaurivage.fr\/es\/parcelas-en-herault\/","og_site_name":"Camping Beau Rivage","article_modified_time":"2026-03-16T09:43:42+00:00","twitter_card":"summary_large_image","twitter_misc":{"Tiempo de lectura":"1 minuto"},"schema":{"@context":"https:\/\/schema.org","@graph":[{"@type":"WebPage","@id":"https:\/\/www.camping-beaurivage.fr\/es\/parcelas-en-herault\/","url":"https:\/\/www.camping-beaurivage.fr\/es\/parcelas-en-herault\/","name":"Parcelas de camping H\u00e9rault: alquila tu parcela de camping","isPartOf":{"@id":"https:\/\/www.camping-beaurivage.fr\/es\/#website"},"datePublished":"2024-08-05T09:14:14+00:00","dateModified":"2026-03-16T09:43:42+00:00","description":"Alquila una parcela de camping en H\u00e9rault: monta tu tienda, caravana o autocaravana y \u00a1disfruta de tu estancia!","breadcrumb":{"@id":"https:\/\/www.camping-beaurivage.fr\/es\/parcelas-en-herault\/#breadcrumb"},"inLanguage":"es","potentialAction":[{"@type":"ReadAction","target":["https:\/\/www.camping-beaurivage.fr\/es\/parcelas-en-herault\/"]}]},{"@type":"BreadcrumbList","@id":"https:\/\/www.camping-beaurivage.fr\/es\/parcelas-en-herault\/#breadcrumb","itemListElement":[{"@type":"ListItem","position":1,"name":"Accueil","item":"https:\/\/www.camping-beaurivage.fr\/es\/"},{"@type":"ListItem","position":2,"name":"Alquiler de parcelas de camping en H\u00e9rault"}]},{"@type":"WebSite","@id":"https:\/\/www.camping-beaurivage.fr\/es\/#website","url":"https:\/\/www.camping-beaurivage.fr\/es\/","name":"Camping 1","description":"","potentialAction":[{"@type":"SearchAction","target":{"@type":"EntryPoint","urlTemplate":"https:\/\/www.camping-beaurivage.fr\/es\/?s={search_term_string}"},"query-input":{"@type":"PropertyValueSpecification","valueRequired":true,"valueName":"search_term_string"}}],"inLanguage":"es"}]}},"_links":{"self":[{"href":"https:\/\/www.camping-beaurivage.fr\/es\/wp-json\/wp\/v2\/pages\/2210","targetHints":{"allow":["GET"]}}],"collection":[{"href":"https:\/\/www.camping-beaurivage.fr\/es\/wp-json\/wp\/v2\/pages"}],"about":[{"href":"https:\/\/www.camping-beaurivage.fr\/es\/wp-json\/wp\/v2\/types\/page"}],"author":[{"embeddable":true,"href":"https:\/\/www.camping-beaurivage.fr\/es\/wp-json\/wp\/v2\/users\/1"}],"replies":[{"embeddable":true,"href":"https:\/\/www.camping-beaurivage.fr\/es\/wp-json\/wp\/v2\/comments?post=2210"}],"version-history":[{"count":6,"href":"https:\/\/www.camping-beaurivage.fr\/es\/wp-json\/wp\/v2\/pages\/2210\/revisions"}],"predecessor-version":[{"id":528331,"href":"https:\/\/www.camping-beaurivage.fr\/es\/wp-json\/wp\/v2\/pages\/2210\/revisions\/528331"}],"wp:attachment":[{"href":"https:\/\/www.camping-beaurivage.fr\/es\/wp-json\/wp\/v2\/media?parent=2210"}],"curies":[{"name":"wp","href":"https:\/\/api.w.org\/{rel}","templated":true}]}}