{"id":1946,"date":"2024-07-15T17:16:16","date_gmt":"2024-07-15T15:16:16","guid":{"rendered":"https:\/\/www.camping-beaurivage.fr\/?page_id=1946"},"modified":"2026-03-16T11:12:48","modified_gmt":"2026-03-16T10:12:48","slug":"activites-et-animations-dans-notre-camping-de-lherault","status":"publish","type":"page","link":"https:\/\/www.camping-beaurivage.fr\/nl\/activites-et-animations-dans-notre-camping-de-lherault\/","title":{"rendered":"Activiteiten en animaties op onze camping H\u00e9rault"},"content":{"rendered":"","protected":false},"excerpt":{"rendered":"","protected":false},"author":1,"featured_media":0,"parent":0,"menu_order":0,"comment_status":"closed","ping_status":"closed","template":"templates\/template-services.php","meta":{"_acf_changed":false,"footnotes":""},"class_list":["post-1946","page","type-page","status-publish","hentry"],"acf":[],"yoast_head":"<!-- This site is optimized with the Yoast SEO plugin v27.3 - https:\/\/yoast.com\/product\/yoast-seo-wordpress\/ -->\n<title>Activit\u00e9s et animations pour enfant au camping de M\u00e8ze dans l&#039;H\u00e9rault<\/title>\n<meta name=\"description\" content=\"Partez avec vos enfants dans un camping \u00e0 M\u00e8ze : d\u00e9couvrez les activit\u00e9s et les animations pour les enfants du camping Beau Rivage\" \/>\n<meta name=\"robots\" content=\"index, follow, max-snippet:-1, max-image-preview:large, max-video-preview:-1\" \/>\n<link rel=\"canonical\" href=\"https:\/\/www.camping-beaurivage.fr\/nl\/activites-et-animations-dans-notre-camping-de-lherault\/\" \/>\n<meta property=\"og:locale\" content=\"nl_NL\" \/>\n<meta property=\"og:type\" content=\"article\" \/>\n<meta property=\"og:title\" content=\"Activit\u00e9s et animations pour enfant au camping de M\u00e8ze dans l&#039;H\u00e9rault\" \/>\n<meta property=\"og:description\" content=\"Partez avec vos enfants dans un camping \u00e0 M\u00e8ze : d\u00e9couvrez les activit\u00e9s et les animations pour les enfants du camping Beau Rivage\" \/>\n<meta property=\"og:url\" content=\"https:\/\/www.camping-beaurivage.fr\/nl\/activites-et-animations-dans-notre-camping-de-lherault\/\" \/>\n<meta property=\"og:site_name\" content=\"Camping Beau Rivage\" \/>\n<meta property=\"article:modified_time\" content=\"2026-03-16T10:12:48+00:00\" \/>\n<meta name=\"twitter:card\" content=\"summary_large_image\" \/>\n<script type=\"application\/ld+json\" class=\"yoast-schema-graph\">{\"@context\":\"https:\\\/\\\/schema.org\",\"@graph\":[{\"@type\":\"WebPage\",\"@id\":\"https:\\\/\\\/www.camping-beaurivage.fr\\\/nl\\\/activites-et-animations-dans-notre-camping-de-lherault\\\/\",\"url\":\"https:\\\/\\\/www.camping-beaurivage.fr\\\/nl\\\/activites-et-animations-dans-notre-camping-de-lherault\\\/\",\"name\":\"Activit\u00e9s et animations pour enfant au camping de M\u00e8ze dans l'H\u00e9rault\",\"isPartOf\":{\"@id\":\"https:\\\/\\\/www.camping-beaurivage.fr\\\/nl\\\/#website\"},\"datePublished\":\"2024-07-15T15:16:16+00:00\",\"dateModified\":\"2026-03-16T10:12:48+00:00\",\"description\":\"Partez avec vos enfants dans un camping \u00e0 M\u00e8ze : d\u00e9couvrez les activit\u00e9s et les animations pour les enfants du camping Beau Rivage\",\"breadcrumb\":{\"@id\":\"https:\\\/\\\/www.camping-beaurivage.fr\\\/nl\\\/activites-et-animations-dans-notre-camping-de-lherault\\\/#breadcrumb\"},\"inLanguage\":\"nl-NL\",\"potentialAction\":[{\"@type\":\"ReadAction\",\"target\":[\"https:\\\/\\\/www.camping-beaurivage.fr\\\/nl\\\/activites-et-animations-dans-notre-camping-de-lherault\\\/\"]}]},{\"@type\":\"BreadcrumbList\",\"@id\":\"https:\\\/\\\/www.camping-beaurivage.fr\\\/nl\\\/activites-et-animations-dans-notre-camping-de-lherault\\\/#breadcrumb\",\"itemListElement\":[{\"@type\":\"ListItem\",\"position\":1,\"name\":\"Accueil\",\"item\":\"https:\\\/\\\/www.camping-beaurivage.fr\\\/nl\\\/\"},{\"@type\":\"ListItem\",\"position\":2,\"name\":\"Activiteiten en animaties op onze camping H\u00e9rault\"}]},{\"@type\":\"WebSite\",\"@id\":\"https:\\\/\\\/www.camping-beaurivage.fr\\\/nl\\\/#website\",\"url\":\"https:\\\/\\\/www.camping-beaurivage.fr\\\/nl\\\/\",\"name\":\"Camping 1\",\"description\":\"\",\"potentialAction\":[{\"@type\":\"SearchAction\",\"target\":{\"@type\":\"EntryPoint\",\"urlTemplate\":\"https:\\\/\\\/www.camping-beaurivage.fr\\\/nl\\\/?s={search_term_string}\"},\"query-input\":{\"@type\":\"PropertyValueSpecification\",\"valueRequired\":true,\"valueName\":\"search_term_string\"}}],\"inLanguage\":\"nl-NL\"}]}<\/script>\n<!-- \/ Yoast SEO plugin. -->","yoast_head_json":{"title":"Activit\u00e9s et animations pour enfant au camping de M\u00e8ze dans l'H\u00e9rault","description":"Partez avec vos enfants dans un camping \u00e0 M\u00e8ze : d\u00e9couvrez les activit\u00e9s et les animations pour les enfants du camping Beau Rivage","robots":{"index":"index","follow":"follow","max-snippet":"max-snippet:-1","max-image-preview":"max-image-preview:large","max-video-preview":"max-video-preview:-1"},"canonical":"https:\/\/www.camping-beaurivage.fr\/nl\/activites-et-animations-dans-notre-camping-de-lherault\/","og_locale":"nl_NL","og_type":"article","og_title":"Activit\u00e9s et animations pour enfant au camping de M\u00e8ze dans l'H\u00e9rault","og_description":"Partez avec vos enfants dans un camping \u00e0 M\u00e8ze : d\u00e9couvrez les activit\u00e9s et les animations pour les enfants du camping Beau Rivage","og_url":"https:\/\/www.camping-beaurivage.fr\/nl\/activites-et-animations-dans-notre-camping-de-lherault\/","og_site_name":"Camping Beau Rivage","article_modified_time":"2026-03-16T10:12:48+00:00","twitter_card":"summary_large_image","schema":{"@context":"https:\/\/schema.org","@graph":[{"@type":"WebPage","@id":"https:\/\/www.camping-beaurivage.fr\/nl\/activites-et-animations-dans-notre-camping-de-lherault\/","url":"https:\/\/www.camping-beaurivage.fr\/nl\/activites-et-animations-dans-notre-camping-de-lherault\/","name":"Activit\u00e9s et animations pour enfant au camping de M\u00e8ze dans l'H\u00e9rault","isPartOf":{"@id":"https:\/\/www.camping-beaurivage.fr\/nl\/#website"},"datePublished":"2024-07-15T15:16:16+00:00","dateModified":"2026-03-16T10:12:48+00:00","description":"Partez avec vos enfants dans un camping \u00e0 M\u00e8ze : d\u00e9couvrez les activit\u00e9s et les animations pour les enfants du camping Beau Rivage","breadcrumb":{"@id":"https:\/\/www.camping-beaurivage.fr\/nl\/activites-et-animations-dans-notre-camping-de-lherault\/#breadcrumb"},"inLanguage":"nl-NL","potentialAction":[{"@type":"ReadAction","target":["https:\/\/www.camping-beaurivage.fr\/nl\/activites-et-animations-dans-notre-camping-de-lherault\/"]}]},{"@type":"BreadcrumbList","@id":"https:\/\/www.camping-beaurivage.fr\/nl\/activites-et-animations-dans-notre-camping-de-lherault\/#breadcrumb","itemListElement":[{"@type":"ListItem","position":1,"name":"Accueil","item":"https:\/\/www.camping-beaurivage.fr\/nl\/"},{"@type":"ListItem","position":2,"name":"Activiteiten en animaties op onze camping H\u00e9rault"}]},{"@type":"WebSite","@id":"https:\/\/www.camping-beaurivage.fr\/nl\/#website","url":"https:\/\/www.camping-beaurivage.fr\/nl\/","name":"Camping 1","description":"","potentialAction":[{"@type":"SearchAction","target":{"@type":"EntryPoint","urlTemplate":"https:\/\/www.camping-beaurivage.fr\/nl\/?s={search_term_string}"},"query-input":{"@type":"PropertyValueSpecification","valueRequired":true,"valueName":"search_term_string"}}],"inLanguage":"nl-NL"}]}},"_links":{"self":[{"href":"https:\/\/www.camping-beaurivage.fr\/nl\/wp-json\/wp\/v2\/pages\/1946","targetHints":{"allow":["GET"]}}],"collection":[{"href":"https:\/\/www.camping-beaurivage.fr\/nl\/wp-json\/wp\/v2\/pages"}],"about":[{"href":"https:\/\/www.camping-beaurivage.fr\/nl\/wp-json\/wp\/v2\/types\/page"}],"author":[{"embeddable":true,"href":"https:\/\/www.camping-beaurivage.fr\/nl\/wp-json\/wp\/v2\/users\/1"}],"replies":[{"embeddable":true,"href":"https:\/\/www.camping-beaurivage.fr\/nl\/wp-json\/wp\/v2\/comments?post=1946"}],"version-history":[{"count":6,"href":"https:\/\/www.camping-beaurivage.fr\/nl\/wp-json\/wp\/v2\/pages\/1946\/revisions"}],"predecessor-version":[{"id":528347,"href":"https:\/\/www.camping-beaurivage.fr\/nl\/wp-json\/wp\/v2\/pages\/1946\/revisions\/528347"}],"wp:attachment":[{"href":"https:\/\/www.camping-beaurivage.fr\/nl\/wp-json\/wp\/v2\/media?parent=1946"}],"curies":[{"name":"wp","href":"https:\/\/api.w.org\/{rel}","templated":true}]}}