{"id":2078,"date":"2024-08-02T13:08:26","date_gmt":"2024-08-02T11:08:26","guid":{"rendered":"https:\/\/www.camping-beaurivage.fr\/camping-in-het-hart-van-de-herault-in-meze-aan-de-oever-van-het-etang-de-thau\/"},"modified":"2026-03-20T12:40:07","modified_gmt":"2026-03-20T11:40:07","slug":"camping-in-het-hart-van-de-herault-in-meze-aan-de-oever-van-het-etang-de-thau","status":"publish","type":"page","link":"https:\/\/www.camping-beaurivage.fr\/nl\/","title":{"rendered":"Camping in het hart van de H\u00e9rault, in M\u00e8ze aan de oever van het Etang de Thau"},"content":{"rendered":"\n<p>Breng je vakantie door in Zuid-Frankrijk, in de stad M\u00e8ze op Camping Beau Rivage, in een idyllische omgeving tegenover het Etang de Thau, op een steenworp afstand van de Middellandse Zee met zijn mooie stranden en de mooie havenstad S\u00e8te.\nOnze 4-sterren camping met waterpark en volop animatie ligt in een dorpje aan zee, ideaal voor een zonnige, ontspannen vakantie in het departement H\u00e9rault, in de regio Occitanie! <\/p>\n\n\n\n<p><strong>Nieuwigheden 2026!<\/strong><br><br>Ontdek de nieuwigheden op de camping, ontworpen om uw verblijf nog aangenamer te maken!<br>Een volledig <strong>gerenoveerd waterpark<\/strong> stelt u in staat om tijdens uw hele verblijf volop te genieten van waterpret. Het dorpsplein is heringericht om plaats te bieden aan een nieuwe buitenbar en een <strong>gloednieuw restaurant<\/strong>.<br>Geniet deze zomer al van onze nieuwe voorzieningen!<\/p>\n","protected":false},"excerpt":{"rendered":"<p>Breng je vakantie door in Zuid-Frankrijk, in de stad M\u00e8ze op Camping Beau Rivage, in een idyllische omgeving tegenover het Etang de Thau, op een steenworp afstand van de Middellandse Zee met zijn mooie stranden en de mooie havenstad S\u00e8te. Onze 4-sterren camping met waterpark en volop animatie ligt in een dorpje aan zee, ideaal [&hellip;]<\/p>\n","protected":false},"author":1,"featured_media":0,"parent":0,"menu_order":0,"comment_status":"closed","ping_status":"closed","template":"templates\/template-homepage.php","meta":{"_acf_changed":false,"footnotes":""},"class_list":["post-2078","page","type-page","status-publish","hentry"],"acf":[],"yoast_head":"<!-- This site is optimized with the Yoast SEO plugin v27.3 - https:\/\/yoast.com\/product\/yoast-seo-wordpress\/ -->\n<title>Camping M\u00e8ze : Camping Beau Rivage in M\u00e9ze in H\u00e9rault<\/title>\n<meta name=\"description\" content=\"Ontdek de ideale vakantiebestemming: camping Beau Rivage in M\u00e8ze in de H\u00e9rault heet je welkom voor een onvergetelijk verblijf met zijn waterpark, kinderclub...\" \/>\n<meta name=\"robots\" content=\"index, follow, max-snippet:-1, max-image-preview:large, max-video-preview:-1\" \/>\n<link rel=\"canonical\" href=\"https:\/\/www.camping-beaurivage.fr\/nl\/\" \/>\n<meta property=\"og:locale\" content=\"nl_NL\" \/>\n<meta property=\"og:type\" content=\"article\" \/>\n<meta property=\"og:title\" content=\"Camping M\u00e8ze : Camping Beau Rivage in M\u00e9ze in H\u00e9rault\" \/>\n<meta property=\"og:description\" content=\"Ontdek de ideale vakantiebestemming: camping Beau Rivage in M\u00e8ze in de H\u00e9rault heet je welkom voor een onvergetelijk verblijf met zijn waterpark, kinderclub...\" \/>\n<meta property=\"og:url\" content=\"https:\/\/www.camping-beaurivage.fr\/nl\/\" \/>\n<meta property=\"og:site_name\" content=\"Camping Beau Rivage\" \/>\n<meta property=\"article:modified_time\" content=\"2026-03-20T11:40:07+00:00\" \/>\n<meta name=\"twitter:card\" content=\"summary_large_image\" \/>\n<meta name=\"twitter:label1\" content=\"Geschatte leestijd\" \/>\n\t<meta name=\"twitter:data1\" content=\"1 minuut\" \/>\n<script type=\"application\/ld+json\" class=\"yoast-schema-graph\">{\"@context\":\"https:\\\/\\\/schema.org\",\"@graph\":[{\"@type\":\"WebPage\",\"@id\":\"https:\\\/\\\/www.camping-beaurivage.fr\\\/nl\\\/\",\"url\":\"https:\\\/\\\/www.camping-beaurivage.fr\\\/nl\\\/\",\"name\":\"Camping M\u00e8ze : Camping Beau Rivage in M\u00e9ze in H\u00e9rault\",\"isPartOf\":{\"@id\":\"https:\\\/\\\/www.camping-beaurivage.fr\\\/nl\\\/#website\"},\"datePublished\":\"2024-08-02T11:08:26+00:00\",\"dateModified\":\"2026-03-20T11:40:07+00:00\",\"description\":\"Ontdek de ideale vakantiebestemming: camping Beau Rivage in M\u00e8ze in de H\u00e9rault heet je welkom voor een onvergetelijk verblijf met zijn waterpark, kinderclub...\",\"breadcrumb\":{\"@id\":\"https:\\\/\\\/www.camping-beaurivage.fr\\\/nl\\\/#breadcrumb\"},\"inLanguage\":\"nl-NL\",\"potentialAction\":[{\"@type\":\"ReadAction\",\"target\":[\"https:\\\/\\\/www.camping-beaurivage.fr\\\/nl\\\/\"]}]},{\"@type\":\"BreadcrumbList\",\"@id\":\"https:\\\/\\\/www.camping-beaurivage.fr\\\/nl\\\/#breadcrumb\",\"itemListElement\":[{\"@type\":\"ListItem\",\"position\":1,\"name\":\"Accueil\",\"item\":\"https:\\\/\\\/www.camping-beaurivage.fr\\\/nl\\\/\"},{\"@type\":\"ListItem\",\"position\":2,\"name\":\"Camping in het hart van de H\u00e9rault, in M\u00e8ze aan de oever van het Etang de Thau\"}]},{\"@type\":\"WebSite\",\"@id\":\"https:\\\/\\\/www.camping-beaurivage.fr\\\/nl\\\/#website\",\"url\":\"https:\\\/\\\/www.camping-beaurivage.fr\\\/nl\\\/\",\"name\":\"Camping 1\",\"description\":\"\",\"potentialAction\":[{\"@type\":\"SearchAction\",\"target\":{\"@type\":\"EntryPoint\",\"urlTemplate\":\"https:\\\/\\\/www.camping-beaurivage.fr\\\/nl\\\/?s={search_term_string}\"},\"query-input\":{\"@type\":\"PropertyValueSpecification\",\"valueRequired\":true,\"valueName\":\"search_term_string\"}}],\"inLanguage\":\"nl-NL\"}]}<\/script>\n<!-- \/ Yoast SEO plugin. -->","yoast_head_json":{"title":"Camping M\u00e8ze : Camping Beau Rivage in M\u00e9ze in H\u00e9rault","description":"Ontdek de ideale vakantiebestemming: camping Beau Rivage in M\u00e8ze in de H\u00e9rault heet je welkom voor een onvergetelijk verblijf met zijn waterpark, kinderclub...","robots":{"index":"index","follow":"follow","max-snippet":"max-snippet:-1","max-image-preview":"max-image-preview:large","max-video-preview":"max-video-preview:-1"},"canonical":"https:\/\/www.camping-beaurivage.fr\/nl\/","og_locale":"nl_NL","og_type":"article","og_title":"Camping M\u00e8ze : Camping Beau Rivage in M\u00e9ze in H\u00e9rault","og_description":"Ontdek de ideale vakantiebestemming: camping Beau Rivage in M\u00e8ze in de H\u00e9rault heet je welkom voor een onvergetelijk verblijf met zijn waterpark, kinderclub...","og_url":"https:\/\/www.camping-beaurivage.fr\/nl\/","og_site_name":"Camping Beau Rivage","article_modified_time":"2026-03-20T11:40:07+00:00","twitter_card":"summary_large_image","twitter_misc":{"Geschatte leestijd":"1 minuut"},"schema":{"@context":"https:\/\/schema.org","@graph":[{"@type":"WebPage","@id":"https:\/\/www.camping-beaurivage.fr\/nl\/","url":"https:\/\/www.camping-beaurivage.fr\/nl\/","name":"Camping M\u00e8ze : Camping Beau Rivage in M\u00e9ze in H\u00e9rault","isPartOf":{"@id":"https:\/\/www.camping-beaurivage.fr\/nl\/#website"},"datePublished":"2024-08-02T11:08:26+00:00","dateModified":"2026-03-20T11:40:07+00:00","description":"Ontdek de ideale vakantiebestemming: camping Beau Rivage in M\u00e8ze in de H\u00e9rault heet je welkom voor een onvergetelijk verblijf met zijn waterpark, kinderclub...","breadcrumb":{"@id":"https:\/\/www.camping-beaurivage.fr\/nl\/#breadcrumb"},"inLanguage":"nl-NL","potentialAction":[{"@type":"ReadAction","target":["https:\/\/www.camping-beaurivage.fr\/nl\/"]}]},{"@type":"BreadcrumbList","@id":"https:\/\/www.camping-beaurivage.fr\/nl\/#breadcrumb","itemListElement":[{"@type":"ListItem","position":1,"name":"Accueil","item":"https:\/\/www.camping-beaurivage.fr\/nl\/"},{"@type":"ListItem","position":2,"name":"Camping in het hart van de H\u00e9rault, in M\u00e8ze aan de oever van het Etang de Thau"}]},{"@type":"WebSite","@id":"https:\/\/www.camping-beaurivage.fr\/nl\/#website","url":"https:\/\/www.camping-beaurivage.fr\/nl\/","name":"Camping 1","description":"","potentialAction":[{"@type":"SearchAction","target":{"@type":"EntryPoint","urlTemplate":"https:\/\/www.camping-beaurivage.fr\/nl\/?s={search_term_string}"},"query-input":{"@type":"PropertyValueSpecification","valueRequired":true,"valueName":"search_term_string"}}],"inLanguage":"nl-NL"}]}},"_links":{"self":[{"href":"https:\/\/www.camping-beaurivage.fr\/nl\/wp-json\/wp\/v2\/pages\/2078","targetHints":{"allow":["GET"]}}],"collection":[{"href":"https:\/\/www.camping-beaurivage.fr\/nl\/wp-json\/wp\/v2\/pages"}],"about":[{"href":"https:\/\/www.camping-beaurivage.fr\/nl\/wp-json\/wp\/v2\/types\/page"}],"author":[{"embeddable":true,"href":"https:\/\/www.camping-beaurivage.fr\/nl\/wp-json\/wp\/v2\/users\/1"}],"replies":[{"embeddable":true,"href":"https:\/\/www.camping-beaurivage.fr\/nl\/wp-json\/wp\/v2\/comments?post=2078"}],"version-history":[{"count":19,"href":"https:\/\/www.camping-beaurivage.fr\/nl\/wp-json\/wp\/v2\/pages\/2078\/revisions"}],"predecessor-version":[{"id":534541,"href":"https:\/\/www.camping-beaurivage.fr\/nl\/wp-json\/wp\/v2\/pages\/2078\/revisions\/534541"}],"wp:attachment":[{"href":"https:\/\/www.camping-beaurivage.fr\/nl\/wp-json\/wp\/v2\/media?parent=2078"}],"curies":[{"name":"wp","href":"https:\/\/api.w.org\/{rel}","templated":true}]}}