{"id":2125,"date":"2024-08-05T11:09:20","date_gmt":"2024-08-05T09:09:20","guid":{"rendered":"https:\/\/www.camping-beaurivage.fr\/camping-met-waterpark-in-herault\/"},"modified":"2026-03-16T11:04:10","modified_gmt":"2026-03-16T10:04:10","slug":"camping-met-waterpark-in-herault","status":"publish","type":"page","link":"https:\/\/www.camping-beaurivage.fr\/nl\/camping-met-waterpark-in-herault\/","title":{"rendered":"Camping met waterpark in H\u00e9rault"},"content":{"rendered":"\n<p>Occitanie staat bekend als een van de zonnigste regio&#8217;s van Frankrijk, met een zeer aangenaam klimaat, waardoor het een ideale bestemming is voor vakantiegangers! Het mooie weer en de zeer gunstige temperaturen in het departement H\u00e9rault zorgen ervoor dat je meer dan eens zin krijgt om te gaan zwemmen!<\/p>\n\n<p>Onze <a href=\"https:\/\/www.camping-beaurivage.fr\/nl\/\">camping Beau Rivage in M\u00e8ze<\/a> heeft een prachtig waterpark zodat vakantiegangers die bij ons verblijven op elk moment van de dag met het hele gezin kunnen genieten van de geneugten van het water!<\/p>\n\n<p>Een van de troeven van onze <strong>camping in de H\u00e9rault met waterpark<\/strong> is ongetwijfeld de ideale geografische ligging, aan de oevers van het Etang de Thau in de H\u00e9rault en de nabijheid van de Middellandse Zee, waardoor je zowel van de attracties van het meer als van de geneugten van de zee kunt profiteren om de geneugten af te wisselen tijdens je vakantie in ons 4-sterren etablissement.<\/p>\n","protected":false},"excerpt":{"rendered":"<p>Occitanie staat bekend als een van de zonnigste regio&#8217;s van Frankrijk, met een zeer aangenaam klimaat, waardoor het een ideale bestemming is voor vakantiegangers! Het mooie weer en de zeer gunstige temperaturen in het departement H\u00e9rault zorgen ervoor dat je meer dan eens zin krijgt om te gaan zwemmen! Onze camping Beau Rivage in M\u00e8ze [&hellip;]<\/p>\n","protected":false},"author":1,"featured_media":0,"parent":0,"menu_order":0,"comment_status":"closed","ping_status":"closed","template":"","meta":{"_acf_changed":false,"footnotes":""},"class_list":["post-2125","page","type-page","status-publish","hentry"],"acf":[],"yoast_head":"<!-- This site is optimized with the Yoast SEO plugin v27.3 - https:\/\/yoast.com\/product\/yoast-seo-wordpress\/ -->\n<title>Waterpark camping H\u00e9rault: een waterpark op camping H\u00e9rault!<\/title>\n<meta name=\"description\" content=\"Profiteer van het waterpark tijdens uw vakantie in de H\u00e9rault op Camping Beau Rivage: ontspan bij het zwembad terwijl uw kinderen zich vermaken!\" \/>\n<meta name=\"robots\" content=\"index, follow, max-snippet:-1, max-image-preview:large, max-video-preview:-1\" \/>\n<link rel=\"canonical\" href=\"https:\/\/www.camping-beaurivage.fr\/nl\/camping-met-waterpark-in-herault\/\" \/>\n<meta property=\"og:locale\" content=\"nl_NL\" \/>\n<meta property=\"og:type\" content=\"article\" \/>\n<meta property=\"og:title\" content=\"Waterpark camping H\u00e9rault: een waterpark op camping H\u00e9rault!\" \/>\n<meta property=\"og:description\" content=\"Profiteer van het waterpark tijdens uw vakantie in de H\u00e9rault op Camping Beau Rivage: ontspan bij het zwembad terwijl uw kinderen zich vermaken!\" \/>\n<meta property=\"og:url\" content=\"https:\/\/www.camping-beaurivage.fr\/nl\/camping-met-waterpark-in-herault\/\" \/>\n<meta property=\"og:site_name\" content=\"Camping Beau Rivage\" \/>\n<meta property=\"article:modified_time\" content=\"2026-03-16T10:04:10+00:00\" \/>\n<meta name=\"twitter:card\" content=\"summary_large_image\" \/>\n<meta name=\"twitter:label1\" content=\"Geschatte leestijd\" \/>\n\t<meta name=\"twitter:data1\" content=\"1 minuut\" \/>\n<script type=\"application\/ld+json\" class=\"yoast-schema-graph\">{\"@context\":\"https:\\\/\\\/schema.org\",\"@graph\":[{\"@type\":\"WebPage\",\"@id\":\"https:\\\/\\\/www.camping-beaurivage.fr\\\/nl\\\/camping-met-waterpark-in-herault\\\/\",\"url\":\"https:\\\/\\\/www.camping-beaurivage.fr\\\/nl\\\/camping-met-waterpark-in-herault\\\/\",\"name\":\"Waterpark camping H\u00e9rault: een waterpark op camping H\u00e9rault!\",\"isPartOf\":{\"@id\":\"https:\\\/\\\/www.camping-beaurivage.fr\\\/nl\\\/#website\"},\"datePublished\":\"2024-08-05T09:09:20+00:00\",\"dateModified\":\"2026-03-16T10:04:10+00:00\",\"description\":\"Profiteer van het waterpark tijdens uw vakantie in de H\u00e9rault op Camping Beau Rivage: ontspan bij het zwembad terwijl uw kinderen zich vermaken!\",\"breadcrumb\":{\"@id\":\"https:\\\/\\\/www.camping-beaurivage.fr\\\/nl\\\/camping-met-waterpark-in-herault\\\/#breadcrumb\"},\"inLanguage\":\"nl-NL\",\"potentialAction\":[{\"@type\":\"ReadAction\",\"target\":[\"https:\\\/\\\/www.camping-beaurivage.fr\\\/nl\\\/camping-met-waterpark-in-herault\\\/\"]}]},{\"@type\":\"BreadcrumbList\",\"@id\":\"https:\\\/\\\/www.camping-beaurivage.fr\\\/nl\\\/camping-met-waterpark-in-herault\\\/#breadcrumb\",\"itemListElement\":[{\"@type\":\"ListItem\",\"position\":1,\"name\":\"Accueil\",\"item\":\"https:\\\/\\\/www.camping-beaurivage.fr\\\/nl\\\/\"},{\"@type\":\"ListItem\",\"position\":2,\"name\":\"Camping met waterpark in H\u00e9rault\"}]},{\"@type\":\"WebSite\",\"@id\":\"https:\\\/\\\/www.camping-beaurivage.fr\\\/nl\\\/#website\",\"url\":\"https:\\\/\\\/www.camping-beaurivage.fr\\\/nl\\\/\",\"name\":\"Camping 1\",\"description\":\"\",\"potentialAction\":[{\"@type\":\"SearchAction\",\"target\":{\"@type\":\"EntryPoint\",\"urlTemplate\":\"https:\\\/\\\/www.camping-beaurivage.fr\\\/nl\\\/?s={search_term_string}\"},\"query-input\":{\"@type\":\"PropertyValueSpecification\",\"valueRequired\":true,\"valueName\":\"search_term_string\"}}],\"inLanguage\":\"nl-NL\"}]}<\/script>\n<!-- \/ Yoast SEO plugin. -->","yoast_head_json":{"title":"Waterpark camping H\u00e9rault: een waterpark op camping H\u00e9rault!","description":"Profiteer van het waterpark tijdens uw vakantie in de H\u00e9rault op Camping Beau Rivage: ontspan bij het zwembad terwijl uw kinderen zich vermaken!","robots":{"index":"index","follow":"follow","max-snippet":"max-snippet:-1","max-image-preview":"max-image-preview:large","max-video-preview":"max-video-preview:-1"},"canonical":"https:\/\/www.camping-beaurivage.fr\/nl\/camping-met-waterpark-in-herault\/","og_locale":"nl_NL","og_type":"article","og_title":"Waterpark camping H\u00e9rault: een waterpark op camping H\u00e9rault!","og_description":"Profiteer van het waterpark tijdens uw vakantie in de H\u00e9rault op Camping Beau Rivage: ontspan bij het zwembad terwijl uw kinderen zich vermaken!","og_url":"https:\/\/www.camping-beaurivage.fr\/nl\/camping-met-waterpark-in-herault\/","og_site_name":"Camping Beau Rivage","article_modified_time":"2026-03-16T10:04:10+00:00","twitter_card":"summary_large_image","twitter_misc":{"Geschatte leestijd":"1 minuut"},"schema":{"@context":"https:\/\/schema.org","@graph":[{"@type":"WebPage","@id":"https:\/\/www.camping-beaurivage.fr\/nl\/camping-met-waterpark-in-herault\/","url":"https:\/\/www.camping-beaurivage.fr\/nl\/camping-met-waterpark-in-herault\/","name":"Waterpark camping H\u00e9rault: een waterpark op camping H\u00e9rault!","isPartOf":{"@id":"https:\/\/www.camping-beaurivage.fr\/nl\/#website"},"datePublished":"2024-08-05T09:09:20+00:00","dateModified":"2026-03-16T10:04:10+00:00","description":"Profiteer van het waterpark tijdens uw vakantie in de H\u00e9rault op Camping Beau Rivage: ontspan bij het zwembad terwijl uw kinderen zich vermaken!","breadcrumb":{"@id":"https:\/\/www.camping-beaurivage.fr\/nl\/camping-met-waterpark-in-herault\/#breadcrumb"},"inLanguage":"nl-NL","potentialAction":[{"@type":"ReadAction","target":["https:\/\/www.camping-beaurivage.fr\/nl\/camping-met-waterpark-in-herault\/"]}]},{"@type":"BreadcrumbList","@id":"https:\/\/www.camping-beaurivage.fr\/nl\/camping-met-waterpark-in-herault\/#breadcrumb","itemListElement":[{"@type":"ListItem","position":1,"name":"Accueil","item":"https:\/\/www.camping-beaurivage.fr\/nl\/"},{"@type":"ListItem","position":2,"name":"Camping met waterpark in H\u00e9rault"}]},{"@type":"WebSite","@id":"https:\/\/www.camping-beaurivage.fr\/nl\/#website","url":"https:\/\/www.camping-beaurivage.fr\/nl\/","name":"Camping 1","description":"","potentialAction":[{"@type":"SearchAction","target":{"@type":"EntryPoint","urlTemplate":"https:\/\/www.camping-beaurivage.fr\/nl\/?s={search_term_string}"},"query-input":{"@type":"PropertyValueSpecification","valueRequired":true,"valueName":"search_term_string"}}],"inLanguage":"nl-NL"}]}},"_links":{"self":[{"href":"https:\/\/www.camping-beaurivage.fr\/nl\/wp-json\/wp\/v2\/pages\/2125","targetHints":{"allow":["GET"]}}],"collection":[{"href":"https:\/\/www.camping-beaurivage.fr\/nl\/wp-json\/wp\/v2\/pages"}],"about":[{"href":"https:\/\/www.camping-beaurivage.fr\/nl\/wp-json\/wp\/v2\/types\/page"}],"author":[{"embeddable":true,"href":"https:\/\/www.camping-beaurivage.fr\/nl\/wp-json\/wp\/v2\/users\/1"}],"replies":[{"embeddable":true,"href":"https:\/\/www.camping-beaurivage.fr\/nl\/wp-json\/wp\/v2\/comments?post=2125"}],"version-history":[{"count":9,"href":"https:\/\/www.camping-beaurivage.fr\/nl\/wp-json\/wp\/v2\/pages\/2125\/revisions"}],"predecessor-version":[{"id":528341,"href":"https:\/\/www.camping-beaurivage.fr\/nl\/wp-json\/wp\/v2\/pages\/2125\/revisions\/528341"}],"wp:attachment":[{"href":"https:\/\/www.camping-beaurivage.fr\/nl\/wp-json\/wp\/v2\/media?parent=2125"}],"curies":[{"name":"wp","href":"https:\/\/api.w.org\/{rel}","templated":true}]}}