{"id":2216,"date":"2024-08-05T11:14:17","date_gmt":"2024-08-05T09:14:17","guid":{"rendered":"https:\/\/www.camping-beaurivage.fr\/verhuur-van-stacaravans-op-onze-camping-in-meze-herault\/"},"modified":"2026-03-16T10:52:40","modified_gmt":"2026-03-16T09:52:40","slug":"verhuur-van-stacaravans-op-onze-camping-in-meze-herault","status":"publish","type":"page","link":"https:\/\/www.camping-beaurivage.fr\/nl\/verhuur-van-stacaravans-op-onze-camping-in-meze-herault\/","title":{"rendered":"Verhuur van stacaravans op onze camping in M\u00e8ze, H\u00e9rault"},"content":{"rendered":"\n<p>In het hart van de H\u00e9rault, aan de oevers van het Etang de Thau, nodigt onze 4-sterren camping Beau Rivage je uit om te genieten van een unieke kampeervakantie met je voeten in het water, comfortabel ge\u00efnstalleerd in een van onze stacaravans. We bieden onze vakantiegangers een scala aan comfortabele accommodaties die aan al hun wensen voldoen. Onze stacaravans hebben 2 tot 3 slaapkamers en zijn geschikt voor 4 tot 8 personen.<\/p>\n\n\n\n<p>We willen dat onze gasten een aangenaam verblijf hebben op onze 4-sterrencamping aan de Middellandse Zee in de H\u00e9rault, en dat geldt ook voor de keuze van hun accommodatie. Ons ruime aanbod aan stacaravans biedt vakantiegangers de mogelijkheid om het model te vinden dat perfect bij hen past en waarin ze zich perfect thuis zullen voelen tijdens hun <a href=\"https:\/\/www.camping-beaurivage.fr\/nl\/\">kampeervakantie in M\u00e8ze<\/a>. Laat u betoveren door de mediterrane omgeving en de warme, familiale sfeer van onze mooie 4-sterrencamping, waar het gemakkelijk zal zijn om te ontspannen en plezier te maken, dus reserveer de <strong>huuraccommodatie in een stacaravan in de H\u00e9rault <\/strong>van uw dromen tegen een betaalbare prijs voor uw toekomstige kampeervakantie in de regio Occitanie!<\/p>\n","protected":false},"excerpt":{"rendered":"<p>In het hart van de H\u00e9rault, aan de oevers van het Etang de Thau, nodigt onze 4-sterren camping Beau Rivage je uit om te genieten van een unieke kampeervakantie met je voeten in het water, comfortabel ge\u00efnstalleerd in een van onze stacaravans. We bieden onze vakantiegangers een scala aan comfortabele accommodaties die aan al hun [&hellip;]<\/p>\n","protected":false},"author":1,"featured_media":0,"parent":0,"menu_order":0,"comment_status":"closed","ping_status":"closed","template":"","meta":{"_acf_changed":false,"footnotes":""},"class_list":["post-2216","page","type-page","status-publish","hentry"],"acf":[],"yoast_head":"<!-- This site is optimized with the Yoast SEO plugin v27.3 - https:\/\/yoast.com\/product\/yoast-seo-wordpress\/ -->\n<title>Verhuur van stacaravans H\u00e9rault: verhuur van stacaravans op een camping in H\u00e9rault<\/title>\n<meta name=\"description\" content=\"Kies ervoor om een stacaravan te huren op Camping Beau Rivage in de H\u00e9rault en profiteer van de vele faciliteiten: waterpark, bevoorrechte stacaravan...\" \/>\n<meta name=\"robots\" content=\"index, follow, max-snippet:-1, max-image-preview:large, max-video-preview:-1\" \/>\n<link rel=\"canonical\" href=\"https:\/\/www.camping-beaurivage.fr\/nl\/verhuur-van-stacaravans-op-onze-camping-in-meze-herault\/\" \/>\n<meta property=\"og:locale\" content=\"nl_NL\" \/>\n<meta property=\"og:type\" content=\"article\" \/>\n<meta property=\"og:title\" content=\"Verhuur van stacaravans H\u00e9rault: verhuur van stacaravans op een camping in H\u00e9rault\" \/>\n<meta property=\"og:description\" content=\"Kies ervoor om een stacaravan te huren op Camping Beau Rivage in de H\u00e9rault en profiteer van de vele faciliteiten: waterpark, bevoorrechte stacaravan...\" \/>\n<meta property=\"og:url\" content=\"https:\/\/www.camping-beaurivage.fr\/nl\/verhuur-van-stacaravans-op-onze-camping-in-meze-herault\/\" \/>\n<meta property=\"og:site_name\" content=\"Camping Beau Rivage\" \/>\n<meta property=\"article:modified_time\" content=\"2026-03-16T09:52:40+00:00\" \/>\n<meta name=\"twitter:card\" content=\"summary_large_image\" \/>\n<meta name=\"twitter:label1\" content=\"Geschatte leestijd\" \/>\n\t<meta name=\"twitter:data1\" content=\"1 minuut\" \/>\n<script type=\"application\/ld+json\" class=\"yoast-schema-graph\">{\"@context\":\"https:\\\/\\\/schema.org\",\"@graph\":[{\"@type\":\"WebPage\",\"@id\":\"https:\\\/\\\/www.camping-beaurivage.fr\\\/nl\\\/verhuur-van-stacaravans-op-onze-camping-in-meze-herault\\\/\",\"url\":\"https:\\\/\\\/www.camping-beaurivage.fr\\\/nl\\\/verhuur-van-stacaravans-op-onze-camping-in-meze-herault\\\/\",\"name\":\"Verhuur van stacaravans H\u00e9rault: verhuur van stacaravans op een camping in H\u00e9rault\",\"isPartOf\":{\"@id\":\"https:\\\/\\\/www.camping-beaurivage.fr\\\/nl\\\/#website\"},\"datePublished\":\"2024-08-05T09:14:17+00:00\",\"dateModified\":\"2026-03-16T09:52:40+00:00\",\"description\":\"Kies ervoor om een stacaravan te huren op Camping Beau Rivage in de H\u00e9rault en profiteer van de vele faciliteiten: waterpark, bevoorrechte stacaravan...\",\"breadcrumb\":{\"@id\":\"https:\\\/\\\/www.camping-beaurivage.fr\\\/nl\\\/verhuur-van-stacaravans-op-onze-camping-in-meze-herault\\\/#breadcrumb\"},\"inLanguage\":\"nl-NL\",\"potentialAction\":[{\"@type\":\"ReadAction\",\"target\":[\"https:\\\/\\\/www.camping-beaurivage.fr\\\/nl\\\/verhuur-van-stacaravans-op-onze-camping-in-meze-herault\\\/\"]}]},{\"@type\":\"BreadcrumbList\",\"@id\":\"https:\\\/\\\/www.camping-beaurivage.fr\\\/nl\\\/verhuur-van-stacaravans-op-onze-camping-in-meze-herault\\\/#breadcrumb\",\"itemListElement\":[{\"@type\":\"ListItem\",\"position\":1,\"name\":\"Accueil\",\"item\":\"https:\\\/\\\/www.camping-beaurivage.fr\\\/nl\\\/\"},{\"@type\":\"ListItem\",\"position\":2,\"name\":\"Verhuur van stacaravans op onze camping in M\u00e8ze, H\u00e9rault\"}]},{\"@type\":\"WebSite\",\"@id\":\"https:\\\/\\\/www.camping-beaurivage.fr\\\/nl\\\/#website\",\"url\":\"https:\\\/\\\/www.camping-beaurivage.fr\\\/nl\\\/\",\"name\":\"Camping 1\",\"description\":\"\",\"potentialAction\":[{\"@type\":\"SearchAction\",\"target\":{\"@type\":\"EntryPoint\",\"urlTemplate\":\"https:\\\/\\\/www.camping-beaurivage.fr\\\/nl\\\/?s={search_term_string}\"},\"query-input\":{\"@type\":\"PropertyValueSpecification\",\"valueRequired\":true,\"valueName\":\"search_term_string\"}}],\"inLanguage\":\"nl-NL\"}]}<\/script>\n<!-- \/ Yoast SEO plugin. -->","yoast_head_json":{"title":"Verhuur van stacaravans H\u00e9rault: verhuur van stacaravans op een camping in H\u00e9rault","description":"Kies ervoor om een stacaravan te huren op Camping Beau Rivage in de H\u00e9rault en profiteer van de vele faciliteiten: waterpark, bevoorrechte stacaravan...","robots":{"index":"index","follow":"follow","max-snippet":"max-snippet:-1","max-image-preview":"max-image-preview:large","max-video-preview":"max-video-preview:-1"},"canonical":"https:\/\/www.camping-beaurivage.fr\/nl\/verhuur-van-stacaravans-op-onze-camping-in-meze-herault\/","og_locale":"nl_NL","og_type":"article","og_title":"Verhuur van stacaravans H\u00e9rault: verhuur van stacaravans op een camping in H\u00e9rault","og_description":"Kies ervoor om een stacaravan te huren op Camping Beau Rivage in de H\u00e9rault en profiteer van de vele faciliteiten: waterpark, bevoorrechte stacaravan...","og_url":"https:\/\/www.camping-beaurivage.fr\/nl\/verhuur-van-stacaravans-op-onze-camping-in-meze-herault\/","og_site_name":"Camping Beau Rivage","article_modified_time":"2026-03-16T09:52:40+00:00","twitter_card":"summary_large_image","twitter_misc":{"Geschatte leestijd":"1 minuut"},"schema":{"@context":"https:\/\/schema.org","@graph":[{"@type":"WebPage","@id":"https:\/\/www.camping-beaurivage.fr\/nl\/verhuur-van-stacaravans-op-onze-camping-in-meze-herault\/","url":"https:\/\/www.camping-beaurivage.fr\/nl\/verhuur-van-stacaravans-op-onze-camping-in-meze-herault\/","name":"Verhuur van stacaravans H\u00e9rault: verhuur van stacaravans op een camping in H\u00e9rault","isPartOf":{"@id":"https:\/\/www.camping-beaurivage.fr\/nl\/#website"},"datePublished":"2024-08-05T09:14:17+00:00","dateModified":"2026-03-16T09:52:40+00:00","description":"Kies ervoor om een stacaravan te huren op Camping Beau Rivage in de H\u00e9rault en profiteer van de vele faciliteiten: waterpark, bevoorrechte stacaravan...","breadcrumb":{"@id":"https:\/\/www.camping-beaurivage.fr\/nl\/verhuur-van-stacaravans-op-onze-camping-in-meze-herault\/#breadcrumb"},"inLanguage":"nl-NL","potentialAction":[{"@type":"ReadAction","target":["https:\/\/www.camping-beaurivage.fr\/nl\/verhuur-van-stacaravans-op-onze-camping-in-meze-herault\/"]}]},{"@type":"BreadcrumbList","@id":"https:\/\/www.camping-beaurivage.fr\/nl\/verhuur-van-stacaravans-op-onze-camping-in-meze-herault\/#breadcrumb","itemListElement":[{"@type":"ListItem","position":1,"name":"Accueil","item":"https:\/\/www.camping-beaurivage.fr\/nl\/"},{"@type":"ListItem","position":2,"name":"Verhuur van stacaravans op onze camping in M\u00e8ze, H\u00e9rault"}]},{"@type":"WebSite","@id":"https:\/\/www.camping-beaurivage.fr\/nl\/#website","url":"https:\/\/www.camping-beaurivage.fr\/nl\/","name":"Camping 1","description":"","potentialAction":[{"@type":"SearchAction","target":{"@type":"EntryPoint","urlTemplate":"https:\/\/www.camping-beaurivage.fr\/nl\/?s={search_term_string}"},"query-input":{"@type":"PropertyValueSpecification","valueRequired":true,"valueName":"search_term_string"}}],"inLanguage":"nl-NL"}]}},"_links":{"self":[{"href":"https:\/\/www.camping-beaurivage.fr\/nl\/wp-json\/wp\/v2\/pages\/2216","targetHints":{"allow":["GET"]}}],"collection":[{"href":"https:\/\/www.camping-beaurivage.fr\/nl\/wp-json\/wp\/v2\/pages"}],"about":[{"href":"https:\/\/www.camping-beaurivage.fr\/nl\/wp-json\/wp\/v2\/types\/page"}],"author":[{"embeddable":true,"href":"https:\/\/www.camping-beaurivage.fr\/nl\/wp-json\/wp\/v2\/users\/1"}],"replies":[{"embeddable":true,"href":"https:\/\/www.camping-beaurivage.fr\/nl\/wp-json\/wp\/v2\/comments?post=2216"}],"version-history":[{"count":7,"href":"https:\/\/www.camping-beaurivage.fr\/nl\/wp-json\/wp\/v2\/pages\/2216\/revisions"}],"predecessor-version":[{"id":528335,"href":"https:\/\/www.camping-beaurivage.fr\/nl\/wp-json\/wp\/v2\/pages\/2216\/revisions\/528335"}],"wp:attachment":[{"href":"https:\/\/www.camping-beaurivage.fr\/nl\/wp-json\/wp\/v2\/media?parent=2216"}],"curies":[{"name":"wp","href":"https:\/\/api.w.org\/{rel}","templated":true}]}}